{"id":19292,"date":"2024-07-05T13:02:50","date_gmt":"2024-07-05T13:02:50","guid":{"rendered":"https:\/\/multifrigo.pl\/sklep\/?post_type=product&#038;p=19292"},"modified":"2025-10-09T13:00:49","modified_gmt":"2025-10-09T13:00:49","slug":"pakowarka-prozniowa-komorowa-300mm-yato-yg-09304","status":"publish","type":"product","link":"https:\/\/www.multifrigo.pl\/sklep\/produkt\/pakowarka-prozniowa-komorowa-300mm-yato-yg-09304\/","title":{"rendered":"PAKOWARKA PR\u00d3\u017bNIOWA-KOMOROWA 300MM | Yato YG-09304"},"content":{"rendered":"<div id=\"piktogram_container\"><img loading=\"lazy\" decoding=\"async\" class=\"piktogram\" src=\"https:\/\/pim.toya.pl\/piktogramy\/W_kW\/image-thumb__53114__Sklep_pikto\/370_W.png\" width=\"64\" height=\"64\" alt=\"\"><img loading=\"lazy\" decoding=\"async\" class=\"piktogram\" src=\"https:\/\/pim.toya.pl\/piktogramy\/PICTURE_PARAMETER\/image-thumb__311791__Sklep_pikto\/CHAMBER_370x320_mm.png\" width=\"64\" height=\"64\" alt=\"\"><img loading=\"lazy\" decoding=\"async\" class=\"piktogram\" src=\"https:\/\/pim.toya.pl\/piktogramy\/PICTURE_PARAMETER\/image-thumb__94673__Sklep_pikto\/CHAMBER_135_185_mm.png\" width=\"64\" height=\"64\" alt=\"\"><img loading=\"lazy\" decoding=\"async\" class=\"piktogram\" src=\"https:\/\/pim.toya.pl\/piktogramy\/PICTURE_PARAMETER\/image-thumb__311797__Sklep_pikto\/BAG_SEAL_300_mm.png\" width=\"64\" height=\"64\" alt=\"\"><img loading=\"lazy\" decoding=\"async\" class=\"piktogram\" src=\"https:\/\/pim.toya.pl\/piktogramy\/m_m-mm_m-s_m3-min\/image-thumb__311810__Sklep_pikto\/10_m3-h.png\" width=\"64\" height=\"64\" alt=\"\"><img loading=\"lazy\" decoding=\"async\" class=\"piktogram\" src=\"https:\/\/pim.toya.pl\/piktogramy\/MATERIALS\/image-thumb__65053__Sklep_pikto\/SS.png\" width=\"64\" height=\"64\" alt=\"\"><\/div>\n<p><strong>Komorowa pakowarka pr\u00f3\u017cniowa<\/strong> marki YATO o szeroko\u015bci zgrzewania 300 mm.<\/p>\n<p>Komorowa pakowarka pr\u00f3\u017cniowa jest bardzo przydatnym narz\u0119dziem w ka\u017cdym punkcie gastronomicznym. Pozwala bowiem pr\u00f3\u017cniowo zapakowa\u0107 \u017cywno\u015b\u0107, kt\u00f3ra bez dost\u0119pu tlenu znacznie d\u0142u\u017cej zachowuj\u0119 \u015bwie\u017co\u015b\u0107. Zapakowane w ten spos\u00f3b produkty mo\u017cna nast\u0119pnie przechowywa\u0107 w ch\u0142odziarko-zamra\u017carce przez bardzo d\u0142ugi okres czasu. Pozwala to na <strong>zminimalizowanie strat zwi\u0105zanych z wyrzucaniem niezu\u017cytych produkt\u00f3w<\/strong> lub gdy zbli\u017ca si\u0119 ich termin przydatno\u015bci do spo\u017cycia.<\/p>\n<p>Daje tak\u017ce mo\u017cliwo\u015b\u0107<strong> przechowania produkt\u00f3w sezonowych<\/strong>.<\/p>\n<p>Pakowanie pr\u00f3\u017cniowe doskonale nadaje si\u0119 tak\u017ce do <strong>marynowania potraw<\/strong>. Dzi\u0119ki pr\u00f3\u017cni marynata wnika znacznie g\u0142\u0119biej w produkt co pozwala osi\u0105gn\u0105\u0107 du\u017co lepsze efekty w por\u00f3wnaniu z metodami tradycyjnymi.<\/p>\n<p>Niezb\u0119dne jest tak\u017ce do <strong>przygotowywania <\/strong>coraz bardziej popularnego <strong>sous vide<\/strong>.<\/p>\n<p><strong>Najwy\u017cszej jako\u015bci pompa osi\u0105gaj\u0105ca wydajno\u015b\u0107 do 10 m<sup>3<\/sup>\/h<\/strong> oraz listwa zgrzewaj\u0105ca o szeroko\u015bci do 300 mm pozwalaj\u0105 na bardzo szybkie pakowanie nawet du\u017cych work\u00f3w. W pe\u0142ni <strong>automatyczny proces pakowania<\/strong> oraz <strong>mo\u017cliwo\u015b\u0107 regulacji czasu zgrzewania<\/strong> znacznie u\u0142atwiaj\u0105 i przyspieszaj\u0105 prac\u0119.<\/p>\n<p>Zainstalowany <strong>cyfrowy wy\u015bwietlacz<\/strong> oraz wska\u017anik ci\u015bnienia s\u0105 czytelne i zapewniaj\u0105 pe\u0142n\u0105 kontrol\u0119 nad ca\u0142ym procesem pakowania.<\/p>\n<p>Pakowarka pr\u00f3\u017cniowa marki YATO wykonana jest z najwy\u017cszej jako\u015bci surowc\u00f3w. Komora pr\u00f3\u017cniowa, o wymiarach 370 x 320 x 135&nbsp;(185), zrobiona jest z grubej i masywnej <strong>stali nierdzewnej<\/strong>, co gwarantuje bardzo d\u0142ugi okres u\u017cytkowania. Zaokr\u0105glone kszta\u0142ty u\u0142atwiaj\u0105 utrzymanie jej w czysto\u015bci. Pokrywa pakowarki wykonana jest z bardzo masywnego tworzywa sztucznego w transparentnym kolorze. Umo\u017cliwia to \u015bledzenie procesu pakowania i pe\u0142n\u0105 jego kontrol\u0119. Ponadto pokrywa posiada wg\u0142\u0119bienie, kt\u00f3re dodatkowo <strong>zwi\u0119ksza wysoko\u015b\u0107 komory z 135&nbsp;mm do 185&nbsp;mm<\/strong>, umo\u017cliwiaj\u0105c <strong>pakowanie wi\u0119kszych produkt\u00f3w<\/strong>. Pokrywa pakowarki wykonana jest z bardzo masywnego tworzywa sztucznego w transparentnym kolorze. Umo\u017cliwia to \u015bledzenie procesu pakowania i pe\u0142n\u0105 jego kontrol\u0119.<\/p>\n<p>Pakowarka nastawna YATO o wymiarach zewn\u0119trznych 480<strong>&nbsp;x 370&nbsp;x 450 mm<\/strong> wa\u017cy<strong>&nbsp;39&nbsp;kg<\/strong> co pozwala na ustawienie jej w dowolnym miejscu.<\/p>\n<p>Urz\u0105dzenie ma <strong>moc 370&nbsp;W<\/strong> i zasilane jest <strong>napi\u0119ciem 230 V ~50 Hz.<\/strong><\/p>\n","protected":false},"excerpt":{"rendered":"<p>Komorowa pakowarka pr\u00f3\u017cniowa marki YATO o szeroko\u015bci zgrzewania 300 mm. Komorowa pakowarka pr\u00f3\u017cniowa jest bardzo przydatnym narz\u0119dziem w ka\u017cdym punkcie gastronomicznym. Pozwala bowiem pr\u00f3\u017cniowo zapakowa\u0107 \u017cywno\u015b\u0107, kt\u00f3ra bez dost\u0119pu tlenu znacznie d\u0142u\u017cej zachowuj\u0119 \u015bwie\u017co\u015b\u0107. Zapakowane w ten spos\u00f3b produkty mo\u017cna nast\u0119pnie przechowywa\u0107 w ch\u0142odziarko-zamra\u017carce przez bardzo d\u0142ugi okres czasu. Pozwala to na zminimalizowanie strat zwi\u0105zanych [&hellip;]<\/p>\n","protected":false},"featured_media":23784,"template":"","meta":{"_et_pb_use_builder":"","_et_pb_old_content":"","_et_gb_content_width":""},"pwb-brand":[658],"product_brand":[],"product_cat":[419],"product_tag":[],"class_list":{"0":"post-19292","1":"product","2":"type-product","3":"status-publish","4":"has-post-thumbnail","6":"pwb-brand-yato","7":"product_cat-pakowarki-komorowe","9":"first","10":"instock","11":"taxable","12":"shipping-taxable","13":"purchasable","14":"product-type-simple"},"brands":[{"id":658,"name":"Yato","slug":"yato"}],"_links":{"self":[{"href":"https:\/\/www.multifrigo.pl\/sklep\/wp-json\/wp\/v2\/product\/19292","targetHints":{"allow":["GET"]}}],"collection":[{"href":"https:\/\/www.multifrigo.pl\/sklep\/wp-json\/wp\/v2\/product"}],"about":[{"href":"https:\/\/www.multifrigo.pl\/sklep\/wp-json\/wp\/v2\/types\/product"}],"wp:featuredmedia":[{"embeddable":true,"href":"https:\/\/www.multifrigo.pl\/sklep\/wp-json\/wp\/v2\/media\/23784"}],"wp:attachment":[{"href":"https:\/\/www.multifrigo.pl\/sklep\/wp-json\/wp\/v2\/media?parent=19292"}],"wp:term":[{"taxonomy":"pwb-brand","embeddable":true,"href":"https:\/\/www.multifrigo.pl\/sklep\/wp-json\/wp\/v2\/pwb-brand?post=19292"},{"taxonomy":"product_brand","embeddable":true,"href":"https:\/\/www.multifrigo.pl\/sklep\/wp-json\/wp\/v2\/product_brand?post=19292"},{"taxonomy":"product_cat","embeddable":true,"href":"https:\/\/www.multifrigo.pl\/sklep\/wp-json\/wp\/v2\/product_cat?post=19292"},{"taxonomy":"product_tag","embeddable":true,"href":"https:\/\/www.multifrigo.pl\/sklep\/wp-json\/wp\/v2\/product_tag?post=19292"}],"curies":[{"name":"wp","href":"https:\/\/api.w.org\/{rel}","templated":true}]}}