{"id":19306,"date":"2024-07-05T13:02:53","date_gmt":"2024-07-05T13:02:53","guid":{"rendered":"https:\/\/multifrigo.pl\/sklep\/?post_type=product&#038;p=19306"},"modified":"2025-10-09T13:01:02","modified_gmt":"2025-10-09T13:01:02","slug":"worki-do-sous-vide-i-pakowarek-komorowych-160230-70um-pape-sv-100szt-yato-yg-09336","status":"publish","type":"product","link":"https:\/\/www.multifrigo.pl\/sklep\/produkt\/worki-do-sous-vide-i-pakowarek-komorowych-160230-70um-pape-sv-100szt-yato-yg-09336\/","title":{"rendered":"WORKI DO SOUS-VIDE I PAKOWAREK KOMOROWYCH 160*230 70UM PAPE SV, 100SZT | Yato YG-09336"},"content":{"rendered":"<div id=\"piktogram_container\"><img loading=\"lazy\" decoding=\"async\" class=\"piktogram\" src=\"https:\/\/pim.toya.pl\/piktogramy\/x1234_DESCRIPTION\/image-thumb__94655__Sklep_pikto\/x100.png\" width=\"64\" height=\"64\" alt=\"\"><img loading=\"lazy\" decoding=\"async\" class=\"piktogram\" src=\"https:\/\/pim.toya.pl\/piktogramy\/mm\/image-thumb__248211__Sklep_pikto\/160x230_mm.png\" width=\"64\" height=\"64\" alt=\"\"><img loading=\"lazy\" decoding=\"async\" class=\"piktogram\" src=\"https:\/\/pim.toya.pl\/piktogramy\/m_m-mm_m-s_m3-min\/image-thumb__68909__Sklep_pikto\/70_micro-m.png\" width=\"64\" height=\"64\" alt=\"\"><img loading=\"lazy\" decoding=\"async\" class=\"piktogram\" src=\"https:\/\/pim.toya.pl\/piktogramy\/MATERIALS\/image-thumb__94657__Sklep_pikto\/PA-PE.png\" width=\"64\" height=\"64\" alt=\"\"><img loading=\"lazy\" decoding=\"async\" class=\"piktogram\" src=\"https:\/\/pim.toya.pl\/piktogramy\/TEMPERATURE\/image-thumb__57292__Sklep_pikto\/TEMP_MAX_120_C.png\" width=\"64\" height=\"64\" alt=\"\"><\/div>\n<p><strong>Worki do pakowarek pr\u00f3\u017cniowych i do gotowania sous vide o wymiarze 160&#215;230 mm &#8211; komplet 100 szt.<\/strong><\/p>\n<p>Przydatne w gastronomii, przemy\u015ble spo\u017cywczym oraz handlu. Umo\u017cliwiaj\u0105 szczelne zapakowanie \u017cywno\u015bci bez dost\u0119pu tlenu lub w atmosferze modyfikowanej (MAP), wyd\u0142u\u017caj\u0105c jej wa\u017cno\u015b\u0107. Idealnie nadaj\u0105 si\u0119 do mro\u017cenia produkt\u00f3w sezonowych, p\u00f3\u0142produkt\u00f3w i nadwy\u017cek produkcyjnych.<\/p>\n<p>Dodoatkowo worki mo\u017cna stosowa\u0107 do przyrz\u0105dzania potraw metod\u0105:<\/p>\n<ul>\n<li>sous vide,&nbsp;<\/li>\n<li>marynowania<\/li>\n<li>pasteryzowania<\/li>\n<\/ul>\n<p>Przeznacznone s\u0105 do pracy w zakresie temperatur <strong>od<\/strong> <strong>-20<\/strong>&nbsp;<strong>do +120\u02daC<\/strong><\/p>\n<p>W jednym opakowaniu znajduje si\u0119 a\u017c<strong> 100 szt.<\/strong> work\u00f3w o wymiarach <strong>160&#215;230 mm.<\/strong> Wykonane s\u0105 z najwy\u017cszej jako\u015bci<strong> 2-warstwowego<\/strong> materia\u0142u o<strong> grubo\u015bci ca\u0142kowitej 70 \u03bcm:<\/strong><\/p>\n<ul>\n<li>warstwa<strong> zewn\u0119trzna<\/strong> z mocnego, wytrzyma\u0142ego<strong> poliamidu<\/strong>, kt\u00f3ry gwarantuje szczelno\u015b\u0107 i hermetyczno\u015b\u0107<\/li>\n<li>warstwa <strong>wewn\u0119trzna<\/strong> wykonana z<strong> polietylenu<\/strong> przeznaczonego do kontaktu z \u017cywno\u015bci\u0105<\/li>\n<\/ul>\n<p>Worki <strong>nie zawieraj\u0105 szkodliwego BPA<\/strong> i s\u0105 <strong>odporne na dzia\u0142anie promieni UV.<\/strong><\/p>\n<p>Pasuj\u0105 mi\u0119dzy innymi do urz\u0105dze\u0144: YG-09303, YG-09304, YG-09305, YG-09307, YG-09310, YG-09311, YG-09317<\/p>\n","protected":false},"excerpt":{"rendered":"<p>Worki do pakowarek pr\u00f3\u017cniowych i do gotowania sous vide o wymiarze 160&#215;230 mm &#8211; komplet 100 szt. Przydatne w gastronomii, przemy\u015ble spo\u017cywczym oraz handlu. Umo\u017cliwiaj\u0105 szczelne zapakowanie \u017cywno\u015bci bez dost\u0119pu tlenu lub w atmosferze modyfikowanej (MAP), wyd\u0142u\u017caj\u0105c jej wa\u017cno\u015b\u0107. Idealnie nadaj\u0105 si\u0119 do mro\u017cenia produkt\u00f3w sezonowych, p\u00f3\u0142produkt\u00f3w i nadwy\u017cek produkcyjnych. Dodoatkowo worki mo\u017cna stosowa\u0107 do [&hellip;]<\/p>\n","protected":false},"featured_media":23872,"template":"","meta":{"_et_pb_use_builder":"","_et_pb_old_content":"","_et_gb_content_width":""},"pwb-brand":[658],"product_brand":[],"product_cat":[418],"product_tag":[],"class_list":{"0":"post-19306","1":"product","2":"type-product","3":"status-publish","4":"has-post-thumbnail","6":"pwb-brand-yato","7":"product_cat-worki-do-pakowarek-prozniowych","9":"first","10":"instock","11":"taxable","12":"shipping-taxable","13":"purchasable","14":"product-type-simple"},"brands":[{"id":658,"name":"Yato","slug":"yato"}],"_links":{"self":[{"href":"https:\/\/www.multifrigo.pl\/sklep\/wp-json\/wp\/v2\/product\/19306","targetHints":{"allow":["GET"]}}],"collection":[{"href":"https:\/\/www.multifrigo.pl\/sklep\/wp-json\/wp\/v2\/product"}],"about":[{"href":"https:\/\/www.multifrigo.pl\/sklep\/wp-json\/wp\/v2\/types\/product"}],"wp:featuredmedia":[{"embeddable":true,"href":"https:\/\/www.multifrigo.pl\/sklep\/wp-json\/wp\/v2\/media\/23872"}],"wp:attachment":[{"href":"https:\/\/www.multifrigo.pl\/sklep\/wp-json\/wp\/v2\/media?parent=19306"}],"wp:term":[{"taxonomy":"pwb-brand","embeddable":true,"href":"https:\/\/www.multifrigo.pl\/sklep\/wp-json\/wp\/v2\/pwb-brand?post=19306"},{"taxonomy":"product_brand","embeddable":true,"href":"https:\/\/www.multifrigo.pl\/sklep\/wp-json\/wp\/v2\/product_brand?post=19306"},{"taxonomy":"product_cat","embeddable":true,"href":"https:\/\/www.multifrigo.pl\/sklep\/wp-json\/wp\/v2\/product_cat?post=19306"},{"taxonomy":"product_tag","embeddable":true,"href":"https:\/\/www.multifrigo.pl\/sklep\/wp-json\/wp\/v2\/product_tag?post=19306"}],"curies":[{"name":"wp","href":"https:\/\/api.w.org\/{rel}","templated":true}]}}