{"id":19312,"date":"2024-07-05T13:02:55","date_gmt":"2024-07-05T13:02:55","guid":{"rendered":"https:\/\/multifrigo.pl\/sklep\/?post_type=product&#038;p=19312"},"modified":"2025-10-09T13:01:04","modified_gmt":"2025-10-09T13:01:04","slug":"umywalka-do-rak-wlaczana-kolanem-yato-yg-10010","status":"publish","type":"product","link":"https:\/\/www.multifrigo.pl\/sklep\/produkt\/umywalka-do-rak-wlaczana-kolanem-yato-yg-10010\/","title":{"rendered":"UMYWALKA DO R\u0104K W\u0141\u0104CZANA KOLANEM | Yato YG-10010"},"content":{"rendered":"<div id=\"piktogram_container\"><img loading=\"lazy\" decoding=\"async\" class=\"piktogram\" src=\"https:\/\/pim.toya.pl\/piktogramy\/MATERIALS\/image-thumb__65061__Sklep_pikto\/SS_304-201.png\" width=\"64\" height=\"64\" alt=\"\"><img loading=\"lazy\" decoding=\"async\" class=\"piktogram\" src=\"https:\/\/pim.toya.pl\/piktogramy\/WORDS_DESCRIPTION_PARAMETER\/image-thumb__95099__Sklep_pikto\/40_mm_DRAIN_HOLE.png\" width=\"64\" height=\"64\" alt=\"\"><img loading=\"lazy\" decoding=\"async\" class=\"piktogram\" src=\"https:\/\/pim.toya.pl\/piktogramy\/WORDS_DESCRIPTION\/image-thumb__59085__Sklep_pikto\/TEMPERATURE_REGULATION.png\" width=\"64\" height=\"64\" alt=\"\"><img loading=\"lazy\" decoding=\"async\" class=\"piktogram\" src=\"https:\/\/pim.toya.pl\/piktogramy\/WORDS_DESCRIPTION\/image-thumb__95094__Sklep_pikto\/WATER_STOP_VALVE.png\" width=\"64\" height=\"64\" alt=\"\"><\/div>\n<p>Zachowanie czysto\u015bci oraz podstawowych zasad higieny jest konieczno\u015bci\u0105 w ka\u017cdym punkcie gastronomicznym. Niejednokrotnie jednak umycie mocno zabrudzonych r\u0105k wi\u0105\u017ce si\u0119 z konieczno\u015bci\u0105 odkr\u0119cenia wody, brudz\u0105c przy tym dodatkowo kurki kranu. Idealnym rozwi\u0105zaniem jest zastosowanie umywalki YATO, kt\u00f3ra <strong>uruchamiana jest kolanem.<\/strong> W ten spos\u00f3b nie ma mo\u017cliwo\u015bci dodatkowego zabrudzenia kurk\u00f3w, oszcz\u0119dzaj\u0105c czas na ich mycie oraz zwi\u0119kszaj\u0105c poziom higieny.<\/p>\n<p>Umywalka kolanowa YATO wykonana jest z<strong> wysokiej jako\u015bci stali nierdzewnej.<\/strong> W zestawie jest tak\u017ce wylewka sztorcowa, dozownik na myd\u0142o oraz komplet zawor\u00f3w i w\u0119\u017cyk\u00f3w koniecznych do zainstalowania umywalki i pod\u0142\u0105czenia jej do sieci wodoci\u0105gowej. Poza zaworem czasowym uruchamianym kolanem, w zestawie jest tak\u017ce mikser z regulacj\u0105, kt\u00f3ry <strong>umo\u017cliwia ustawienie temperatury wody<\/strong>.<\/p>\n<p><strong>Wymiary:<\/strong><\/p>\n<ul>\n<li>wymiary zewn\u0119trzne samej umywalki: 40 x 33 cm<\/li>\n<li>wymiar wewn\u0119trzny komory umywalki: 33 x 23,5 cm<\/li>\n<li>maksymalna g\u0142\u0119boko\u015b\u0107 12,5 cm<\/li>\n<\/ul>\n","protected":false},"excerpt":{"rendered":"<p>Zachowanie czysto\u015bci oraz podstawowych zasad higieny jest konieczno\u015bci\u0105 w ka\u017cdym punkcie gastronomicznym. Niejednokrotnie jednak umycie mocno zabrudzonych r\u0105k wi\u0105\u017ce si\u0119 z konieczno\u015bci\u0105 odkr\u0119cenia wody, brudz\u0105c przy tym dodatkowo kurki kranu. Idealnym rozwi\u0105zaniem jest zastosowanie umywalki YATO, kt\u00f3ra uruchamiana jest kolanem. W ten spos\u00f3b nie ma mo\u017cliwo\u015bci dodatkowego zabrudzenia kurk\u00f3w, oszcz\u0119dzaj\u0105c czas na ich mycie oraz [&hellip;]<\/p>\n","protected":false},"featured_media":23889,"template":"","meta":{"_et_pb_use_builder":"","_et_pb_old_content":"","_et_gb_content_width":""},"pwb-brand":[658],"product_brand":[],"product_cat":[617],"product_tag":[],"class_list":{"0":"post-19312","1":"product","2":"type-product","3":"status-publish","4":"has-post-thumbnail","6":"pwb-brand-yato","7":"product_cat-wiszace","9":"first","10":"instock","11":"taxable","12":"shipping-taxable","13":"purchasable","14":"product-type-simple"},"brands":[{"id":658,"name":"Yato","slug":"yato"}],"_links":{"self":[{"href":"https:\/\/www.multifrigo.pl\/sklep\/wp-json\/wp\/v2\/product\/19312","targetHints":{"allow":["GET"]}}],"collection":[{"href":"https:\/\/www.multifrigo.pl\/sklep\/wp-json\/wp\/v2\/product"}],"about":[{"href":"https:\/\/www.multifrigo.pl\/sklep\/wp-json\/wp\/v2\/types\/product"}],"wp:featuredmedia":[{"embeddable":true,"href":"https:\/\/www.multifrigo.pl\/sklep\/wp-json\/wp\/v2\/media\/23889"}],"wp:attachment":[{"href":"https:\/\/www.multifrigo.pl\/sklep\/wp-json\/wp\/v2\/media?parent=19312"}],"wp:term":[{"taxonomy":"pwb-brand","embeddable":true,"href":"https:\/\/www.multifrigo.pl\/sklep\/wp-json\/wp\/v2\/pwb-brand?post=19312"},{"taxonomy":"product_brand","embeddable":true,"href":"https:\/\/www.multifrigo.pl\/sklep\/wp-json\/wp\/v2\/product_brand?post=19312"},{"taxonomy":"product_cat","embeddable":true,"href":"https:\/\/www.multifrigo.pl\/sklep\/wp-json\/wp\/v2\/product_cat?post=19312"},{"taxonomy":"product_tag","embeddable":true,"href":"https:\/\/www.multifrigo.pl\/sklep\/wp-json\/wp\/v2\/product_tag?post=19312"}],"curies":[{"name":"wp","href":"https:\/\/api.w.org\/{rel}","templated":true}]}}