{"id":19321,"date":"2024-07-05T13:02:57","date_gmt":"2024-07-05T13:02:57","guid":{"rendered":"https:\/\/multifrigo.pl\/sklep\/?post_type=product&#038;p=19321"},"modified":"2025-10-09T13:01:06","modified_gmt":"2025-10-09T13:01:06","slug":"grill-gazowy-31-stal-nierdzewna-115kw-z-szyba-yato-yg-20015","status":"publish","type":"product","link":"https:\/\/www.multifrigo.pl\/sklep\/produkt\/grill-gazowy-31-stal-nierdzewna-115kw-z-szyba-yato-yg-20015\/","title":{"rendered":"GRILL GAZOWY 3+1 STAL NIERDZEWNA 11,5KW, Z SZYB\u0104 | Yato YG-20015"},"content":{"rendered":"<div id=\"piktogram_container\"><img loading=\"lazy\" decoding=\"async\" class=\"piktogram\" src=\"https:\/\/pim.toya.pl\/piktogramy\/W_kW\/image-thumb__93328__Sklep_pikto\/9%2B2%2C2_kW.png\" width=\"64\" height=\"64\" alt=\"\"><img loading=\"lazy\" decoding=\"async\" class=\"piktogram\" src=\"https:\/\/pim.toya.pl\/piktogramy\/PICTURE_PARAMETER\/image-thumb__60158__Sklep_pikto\/3%2B1_GAS_BURNER.png\" width=\"64\" height=\"64\" alt=\"\"><img loading=\"lazy\" decoding=\"async\" class=\"piktogram\" src=\"https:\/\/pim.toya.pl\/piktogramy\/mm\/image-thumb__150534__Sklep_pikto\/1220x570x1140_mm.png\" width=\"64\" height=\"64\" alt=\"\"><img loading=\"lazy\" decoding=\"async\" class=\"piktogram\" src=\"https:\/\/pim.toya.pl\/piktogramy\/PICTURE_PARAMETER\/image-thumb__81536__Sklep_pikto\/GRATE_x2.png\" width=\"64\" height=\"64\" alt=\"\"><img loading=\"lazy\" decoding=\"async\" class=\"piktogram\" src=\"https:\/\/pim.toya.pl\/piktogramy\/PICTURE_PARAMETER\/image-thumb__92857__Sklep_pikto\/GRATE_600x420_mm.png\" width=\"64\" height=\"64\" alt=\"\"><img loading=\"lazy\" decoding=\"async\" class=\"piktogram\" src=\"https:\/\/pim.toya.pl\/piktogramy\/WORDS_DESCRIPTION\/image-thumb__81534__Sklep_pikto\/CAST_IRON_GRATE.png\" width=\"64\" height=\"64\" alt=\"\"><img loading=\"lazy\" decoding=\"async\" class=\"piktogram\" src=\"https:\/\/pim.toya.pl\/piktogramy\/BRAKE_WHEEL\/image-thumb__66051__Sklep_pikto\/4x_WHEEL_360st.png\" width=\"64\" height=\"64\" alt=\"\"><img loading=\"lazy\" decoding=\"async\" class=\"piktogram\" src=\"https:\/\/pim.toya.pl\/piktogramy\/BRAKE_WHEEL\/image-thumb__66048__Sklep_pikto\/4x_BRAKE.png\" width=\"64\" height=\"64\" alt=\"\"><img loading=\"lazy\" decoding=\"async\" class=\"piktogram\" src=\"https:\/\/pim.toya.pl\/piktogramy\/MATERIALS\/image-thumb__65053__Sklep_pikto\/SS.png\" width=\"64\" height=\"64\" alt=\"\"><\/div>\n<p>Grill gazowy 3+1 o nowoczesnej stylistyce&nbsp;<strong>wykonany ze stali nierdzewnej<\/strong>, wyposa\u017cony w <strong>\u017celiwny ruszt o powierzchni 60 x 41,5 cm<\/strong>. P\u00f3\u0142ki boczne oraz pojemna, zamykana&nbsp;szafka u\u0142atwiaj\u0105 przechowywanie niezb\u0119dnych akcesori\u00f3w. Palnik boczny o mocy 2,2&nbsp;kW umo\u017cliwi gotowanie i podgrzewanie potraw w garnku lub na patelni. Dodatkowym atutem jest miejsce na butl\u0119 gazow\u0105, pojemnik ze stali nierdzewnej umieszczony w jednej z p\u00f3\u0142ek bocznych oraz wbudowany&nbsp;otwieracz do butelek.<\/p>\n<ul>\n<\/ul>\n<p><strong>Informacje:<\/strong><\/p>\n<ul>\n<li>Otwierana szafka ze specjaln\u0105 kieszeni\u0105 (otworem) przeznaczonym na przechowywanie w trakcie i po grillowaniu&nbsp;polskiej butlki gazowej 11kg.&nbsp;<\/li>\n<li>Pokrywa z termometrem zapewnia szybsze grillowanie oraz os\u0142on\u0119 przed wiatrem.&nbsp;Dodatkowo dym z potraw nada im odpowiedni smak i aromat.<\/li>\n<li>Szybka umieszczona w pokrywie umo\u017cliwia podgl\u0105d stanu przyrz\u0105dzanych potraw.&nbsp;Szybka o grubo\u015bci 6mm odporna na wysok\u0105 temperatur\u0119.<\/li>\n<li>Zapalnik umieszczony w pokr\u0119t\u0142ach<\/li>\n<li>Wyjmowany pojemnik na jedzenie \u2013 idealna do przechowywania zamarynowanych&nbsp;potraw, od\u0142o\u017cenia upieczonych, gor\u0105cych potraw i utrzymywanie ich temperatury (dodatkowo mo\u017cna owin\u0105\u0107 je aluminiow\u0105 foli\u0105)<\/li>\n<li>Niezawodny, \u017celiwny ruszt, kt\u00f3ry szybko si\u0119 nagrzewa i d\u0142ugo utrzymuje ciep\u0142o.<\/li>\n<li>Kratka podgrzewaj\u0105ca nad rusztem wykonana ze stali nierdzewnej&nbsp;<\/li>\n<li><strong>Ilo\u015b\u0107 palnik\u00f3w: 3+1<\/strong>, czyli 3 palniki g\u0142\u00f3wne ze stali nierdzewnej, ka\u017cdy o mocy 3kW. 1&nbsp;palnik boczny o mocy 2,2kW.<\/li>\n<li><strong>\u0141\u0105czna moc: 11,2kW<\/strong><\/li>\n<li>\u015arednie spalanie gazu*: 814 g\/h<\/li>\n<li>Palnik boczny umo\u017cliwia ugotowanie lub podgrzanie zupy, przygotowanie sos\u00f3w,&nbsp;zagotowanie wody na herbat\u0119.&nbsp;<\/li>\n<li>Stalowa misa odporna na dzia\u0142ania wysokiej temperatury&nbsp;<\/li>\n<li>P\u00f3\u0142ki boczne oraz pojemna, zamykana szafka u\u0142atwi\u0105 przechowywanie przypraw i&nbsp;niezb\u0119dnych akcesori\u00f3w.<\/li>\n<li>4 obrotowe k\u00f3\u0142ka z hamulcem u\u0142atwi\u0105 transport grilla.<\/li>\n<li>6 wieszak\u00f3w umieszczonych na p\u00f3\u0142kach bocznych. Idealne do zawieszenia sztu\u0107c\u00f3w,&nbsp;\u015bciereczki itp.<\/li>\n<li>4 pokr\u0119t\u0142a z niebieskim \u015bwiat\u0142em LED, kt\u00f3re zapalaj\u0105 si\u0119 po uruchomieniu danego&nbsp;palnika. O\u015bwietlenie m.in u\u0142atwi\u0105 grillowanie po zmroku &#8211; informuje kt\u00f3ry palnik jest w\u0142\u0105czony<\/li>\n<li>Wyprofilowane os\u0142ony palnika (aromatyzery) z wyci\u0119ciami&nbsp;<\/li>\n<li>Otwieracz do butelek z boku grilla<\/li>\n<li>Mo\u017cliwo\u015b\u0107 wysuni\u0119cia p\u0142yty \u015bciekowej i umycia poza grillem<\/li>\n<li>Mo\u017cliwo\u015b\u0107 dokupienia pokrowca na grilla &#8211; model YATO YG-20050<\/li>\n<li>Mo\u017cliwo\u015b\u0107 zainstalowania obrotowego ro\u017cna elektrycznego do przyrz\u0105dzania m.in.&nbsp;kurczaka \u2013 model YG-20021<\/li>\n<\/ul>\n<p>*Zu\u017cycie maksymalne przy dzia\u0142aj\u0105cych wszystkich palnikach<\/p>\n<p><strong>Materia\u0142 wykonania:&nbsp;<\/strong><\/p>\n<ul>\n<li>Ruszt: \u017celiwo<\/li>\n<li>Kratka podgrzewaj\u0105ca: stal nierdzewna (S\/S 430)<\/li>\n<li>Palnik: stal nierdzewna<\/li>\n<li>Os\u0142ona palnika (aromatyzer): stal pokryta emali\u0105<\/li>\n<li>Termometr: stal nierdzewna<\/li>\n<li>Pokrywa: stal nierdzewna (S\/S 430), podw\u00f3jna warstwa<\/li>\n<li>Misa: stal, malowana na kolor czarny, odporna na wysok\u0105 temperatur\u0119<\/li>\n<li>Uchwyt: stal nierdzewna<\/li>\n<li>Panel przedni: stal nierdzewna (S\/S 430)<\/li>\n<li>P\u00f3\u0142ki boczne: stal nierdzewna (S\/S 430)<\/li>\n<li>P\u00f3\u0142ki boczne (wieszaki): tworzywo sztuczne, kolor szary<\/li>\n<li>Szafka przednia (drzwiczki): stal nierdzewna (S\/S 430), podw\u00f3jna warstwa<\/li>\n<li>Szafka przednia (pozosta\u0142e elementy): stal, malowana proszkowo na kolor srebrny<\/li>\n<li>Szyba: szk\u0142o hartowane<\/li>\n<li>Pojemnik na jedzenie: stal nierdzewna<\/li>\n<\/ul>\n<p><strong>Wymiary i waga:<\/strong><\/p>\n<ul>\n<li>Grill: 122 x 57 x 114cm<\/li>\n<li><strong>Ruszt \u017celiwny, \u017cebrowy (3szt) &#8211; powierzchnia grzewcza 60 x 41,5<\/strong><strong> <\/strong><strong>cm, waga 5,4kg<\/strong><\/li>\n<li>Okr\u0105g\u0142y ruszt (\u00f830cm) wbudowany w ruszt \u017cebrowy. Mo\u017cliwo\u015b\u0107 wyj\u0119cia okr\u0105g\u0142ego rusztu i&nbsp;w\u0142o\u017cenia specjalnej, kamiennej p\u0142yty na pizz\u0119 (brak w zestawie)<\/li>\n<li>Kratka podgrzewaj\u0105ca: 70 x 12cm&nbsp;<\/li>\n<li>Waga grilla: 38 kg<\/li>\n<li>Wymiar szyby: 52,5 x 13cm<\/li>\n<li>Wymiar p\u00f3\u0142ki bocznej: 34,5 x 42,5cm<\/li>\n<li>Wymiar pojemnika na jedzenie: 26,5 x 32,5 x 9,5cm<\/li>\n<li>UWAGA: brak p\u0142yty \u017celiwnej w zestawie (zdj\u0119cie pogl\u0105dowe). Mo\u017cliwo\u015b\u0107 zakupu dwustronnej p\u0142yty o&nbsp;wymiarach 22 x 41cm (indeks YG-20020)<\/li>\n<\/ul>\n<p>STAL NIERDZEWNA S\/S 430 nale\u017cy do wysokogatunkowych stali ferrytycznych. Wysoka&nbsp;zawarto\u015b\u0107 chromu a tym samym wysoka odporno\u015b\u0107 korozyjna pozwala na zastosowanie w&nbsp;produktach o podwy\u017cszonym dzia\u0142aniu wody.&nbsp;<\/p>\n<p>\n\u017bELIWO \u2013 wysokow\u0119glowy stop \u017celaza z w\u0119glem (ponad 2,11% w\u0119gla). Gwarantuje lepsze&nbsp;parametry termiczne \u2013 r\u00f3wnomiernie si\u0119 nagrzewa, doskonale przewodzi temperatur\u0119, d\u0142ugo&nbsp;utrzymuje ciep\u0142o. Jest bardzo trwa\u0142y oraz wysoce odporny na \u015bcieranie i korozj\u0119<\/p>\n<p>&nbsp;<\/p>\n<p><strong>Zalety grillowania na grillu gazowym:<\/strong><\/p>\n<ul>\n<li>WYJ\u0104TKOWY SMAK -wyj\u0105tkowy smak otrzymujemy dzi\u0119ki odparowywaniu z potraw&nbsp;sok\u00f3w i t\u0142uszczy. Kopu\u0142a w grillu gazowym zatrzymuje dym i nadaje im aromat<\/li>\n<li>KONTROLA TEMPERATURY -dzi\u0119ki pokr\u0119t\u0142om, pokrywie, kilku palnikom oraz&nbsp;termometrowi jeste\u015b w stanie dopasowa\u0107 temperatur\u0119 do przyrz\u0105dzanych mi\u0119s, warzyw i ser\u00f3w.<\/li>\n<li>KOMFORT PRACY -W por\u00f3wnaniu do grilli w\u0119glowych grillowanie oraz konserwacja&nbsp;b\u0119dzie du\u017co \u0142atwiejsza. Po pierwsze dzi\u0119ki szybkiemu nagrzewaniu si\u0119 grilla mo\u017cesz zacz\u0105\u0107 sma\u017cy\u0107 ju\u017c po kilku minutach. Po drugie nie musisz dorzuca\u0107 w\u0119gla, dmucha\u0107 i kontrolowa\u0107 wielko\u015bci p\u0142omienia. Po trzecie czyszczenie grilla gazowego jest znacznie szybsze \u2013 m.in. nie wymaga wysypywania popio\u0142u.<\/li>\n<\/ul>\n<p>&nbsp;<\/p>\n<p><strong>Mo\u017cliwo\u015b\u0107 dokupienia dodatkowych akcesori\u00f3w:<\/strong><\/p>\n<ul>\n<li>pokrowiec YG-20050<\/li>\n<li>p\u0142yta \u017celiwna YG-20020<\/li>\n<li>ro\u017cno elektryczne YG-20021<\/li>\n<li>w\u0105\u017c z reduktorem VOREL 99670 lub 99671<\/li>\n<\/ul>\n<p>&nbsp;<\/p>\n<p><em>W celach logistycznych grill gazowy zapakowany jest w karton. Panel grilla wraz z pokryw\u0105&nbsp;dostarczony jest w ca\u0142o\u015bci, co u\u0142atwia i przyspiesza monta\u017c<\/em><\/p>\n<p><em>Do grilla nie jest do\u0142\u0105czony reduktor oraz w\u0105\u017c. Mo\u017cliwo\u015b\u0107 dokupienia reduktora gazowego z&nbsp;w\u0119\u017cem marki Vorel (99670, 99671)<\/em><\/p>\n","protected":false},"excerpt":{"rendered":"<p>Grill gazowy 3+1 o nowoczesnej stylistyce&nbsp;wykonany ze stali nierdzewnej, wyposa\u017cony w \u017celiwny ruszt o powierzchni 60 x 41,5 cm. P\u00f3\u0142ki boczne oraz pojemna, zamykana&nbsp;szafka u\u0142atwiaj\u0105 przechowywanie niezb\u0119dnych akcesori\u00f3w. Palnik boczny o mocy 2,2&nbsp;kW umo\u017cliwi gotowanie i podgrzewanie potraw w garnku lub na patelni. Dodatkowym atutem jest miejsce na butl\u0119 gazow\u0105, pojemnik ze stali nierdzewnej umieszczony [&hellip;]<\/p>\n","protected":false},"featured_media":24081,"template":"","meta":{"_et_pb_use_builder":"","_et_pb_old_content":"","_et_gb_content_width":""},"pwb-brand":[658],"product_brand":[],"product_cat":[673],"product_tag":[],"class_list":{"0":"post-19321","1":"product","2":"type-product","3":"status-publish","4":"has-post-thumbnail","6":"pwb-brand-yato","7":"product_cat-grille-gastronomiczne","9":"first","10":"instock","11":"taxable","12":"shipping-taxable","13":"purchasable","14":"product-type-simple"},"brands":[{"id":658,"name":"Yato","slug":"yato"}],"_links":{"self":[{"href":"https:\/\/www.multifrigo.pl\/sklep\/wp-json\/wp\/v2\/product\/19321","targetHints":{"allow":["GET"]}}],"collection":[{"href":"https:\/\/www.multifrigo.pl\/sklep\/wp-json\/wp\/v2\/product"}],"about":[{"href":"https:\/\/www.multifrigo.pl\/sklep\/wp-json\/wp\/v2\/types\/product"}],"wp:featuredmedia":[{"embeddable":true,"href":"https:\/\/www.multifrigo.pl\/sklep\/wp-json\/wp\/v2\/media\/24081"}],"wp:attachment":[{"href":"https:\/\/www.multifrigo.pl\/sklep\/wp-json\/wp\/v2\/media?parent=19321"}],"wp:term":[{"taxonomy":"pwb-brand","embeddable":true,"href":"https:\/\/www.multifrigo.pl\/sklep\/wp-json\/wp\/v2\/pwb-brand?post=19321"},{"taxonomy":"product_brand","embeddable":true,"href":"https:\/\/www.multifrigo.pl\/sklep\/wp-json\/wp\/v2\/product_brand?post=19321"},{"taxonomy":"product_cat","embeddable":true,"href":"https:\/\/www.multifrigo.pl\/sklep\/wp-json\/wp\/v2\/product_cat?post=19321"},{"taxonomy":"product_tag","embeddable":true,"href":"https:\/\/www.multifrigo.pl\/sklep\/wp-json\/wp\/v2\/product_tag?post=19321"}],"curies":[{"name":"wp","href":"https:\/\/api.w.org\/{rel}","templated":true}]}}