{"id":25142,"date":"2024-07-18T14:00:15","date_gmt":"2024-07-18T14:00:15","guid":{"rendered":"https:\/\/multifrigo.pl\/sklep\/?post_type=product&#038;p=25142"},"modified":"2025-06-24T00:01:57","modified_gmt":"2025-06-24T00:01:57","slug":"clidor-ad-plyn-myjacy-do-zmywarek-10-kg","status":"publish","type":"product","link":"https:\/\/www.multifrigo.pl\/sklep\/produkt\/clidor-ad-plyn-myjacy-do-zmywarek-10-kg\/","title":{"rendered":"CLIDOR AD p\u0142yn myj\u0105cy do zmywarek, 10 kg"},"content":{"rendered":"<h3><a href=\"https:\/\/www.multifrigo.pl\/sklep\/kategoria-produktu\/chemia-i-higiena\/srodki-czystosci-multi-plus-professional\/\">CLIDOR AD p\u0142yn do zmywarek gastronomicznych, woda twarda<\/a><\/h3>\n<p>P\u0142yn do zmywarek gastronomicznych do wody twardej to skoncentrowany, ciek\u0142y detergent stworzony z my\u015bl\u0105 o profesjonalnym zastosowaniu w automatycznych zmywarkach do mycia naczy\u0144. Jego unikalna formu\u0142a zapewnia doskona\u0142\u0105 wydajno\u015b\u0107 i wysok\u0105 skuteczno\u015b\u0107 mycia, pozostawiaj\u0105c naczynia i sztu\u0107ce czyste i l\u015bni\u0105ce. Jest to idealne rozwi\u0105zanie dla restauracji, hoteli czy szk\u00f3\u0142. Dla uzyskania najlepszych efekt\u00f3w zaleca si\u0119 stosowanie z nab\u0142yszczaczem <a href=\"https:\/\/www.multifrigo.pl\/sklep\/produkt\/elvas-ad-plyn-nablyszczajacy-do-zmywarek-10-kg\/\">ELVAS AD<\/a>. Clidor AD jest nie tylko skuteczny, ale r\u00f3wnie\u017c bezpieczny dla u\u017cytkownika i \u015brodowiska. Zosta\u0142 opracowany z my\u015bl\u0105 o minimalizowaniu negatywnego wp\u0142ywu na \u015brodowisko naturalne.<\/p>\n<ul>\n<li>\n<h4>W\u0142a\u015bciwo\u015bci:<\/h4>\n<p>Skoncentrowany, ciek\u0142y detergent do stosowania w automatycznych zmywarkach do mycia naczy\u0144, w powi\u0105zaniu z tward\u0105 wod\u0105 zapewnia dobr\u0105 wydajno\u015b\u0107 i wysok\u0105 skuteczno\u015b\u0107 mycia, nie pozostawiaj\u0105c smug.<\/li>\n<li>\n<h4>Spos\u00f3b u\u017cycia:<\/h4>\n<p>Zalecana dawka do stosowania w zale\u017cno\u015bci od rodzaju wody wynosi od 1 do 3 g na litr wody.<\/li>\n<\/ul>\n<h3>Dane techniczne:<\/h3>\n<ul>\n<li>wygl\u0105d: ciecz o kolorze \u017c\u00f3\u0142tym<\/li>\n<li>zapach: standardowy<\/li>\n<li>PH (1%): 11,84<\/li>\n<li>g\u0119sto\u015b\u0107 (28\u00b0C): 1,151<\/li>\n<li>napi\u0119cie powierzchniowe: 37,5mN\/m<\/li>\n<\/ul>\n","protected":false},"excerpt":{"rendered":"<h4>Linia profesjonalna<\/h4>\n<p>P\u0142yn do zmywarek 10 kg<\/p>\n","protected":false},"featured_media":62424,"template":"","meta":{"_et_pb_use_builder":"on","_et_pb_old_content":"<h3><a href=\"https:\/\/www.multifrigo.pl\/sklep\/kategoria-produktu\/chemia-i-higiena\/srodki-czystosci-multi-plus-professional\/\">CLIDOR AD p\u0142yn do zmywarek gastronomicznych, woda twarda<\/a><\/h3>\r\nP\u0142yn do zmywarek gastronomicznych do wody twardej to skoncentrowany, ciek\u0142y detergent stworzony z my\u015bl\u0105 o profesjonalnym zastosowaniu w automatycznych zmywarkach do mycia naczy\u0144. Jego unikalna formu\u0142a zapewnia doskona\u0142\u0105 wydajno\u015b\u0107 i wysok\u0105 skuteczno\u015b\u0107 mycia, pozostawiaj\u0105c naczynia i sztu\u0107ce czyste i l\u015bni\u0105ce. Jest to idealne rozwi\u0105zanie dla restauracji, hoteli czy szk\u00f3\u0142. Dla uzyskania najlepszych efekt\u00f3w zaleca si\u0119 stosowanie z nab\u0142yszczaczem <a href=\"https:\/\/www.multifrigo.pl\/sklep\/produkt\/elvas-ad-plyn-nablyszczajacy-do-zmywarek-10-kg\/\">ELVAS AD<\/a>. Clidor AD jest nie tylko skuteczny, ale r\u00f3wnie\u017c bezpieczny dla u\u017cytkownika i \u015brodowiska. Zosta\u0142 opracowany z my\u015bl\u0105 o minimalizowaniu negatywnego wp\u0142ywu na \u015brodowisko naturalne.\r\n<ul>\r\n \t<li>\r\n<h4>W\u0142a\u015bciwo\u015bci:<\/h4>\r\nSkoncentrowany, ciek\u0142y detergent do stosowania w automatycznych zmywarkach do mycia naczy\u0144, w powi\u0105zaniu z tward\u0105 wod\u0105 zapewnia dobr\u0105 wydajno\u015b\u0107 i wysok\u0105 skuteczno\u015b\u0107 mycia, nie pozostawiaj\u0105c smug.<\/li>\r\n \t<li>\r\n<h4>Spos\u00f3b u\u017cycia:<\/h4>\r\nZalecana dawka do stosowania w zale\u017cno\u015bci od rodzaju wody wynosi od 1 do 3 g na litr wody.<\/li>\r\n<\/ul>\r\n<h3>Dane techniczne:<\/h3>\r\n<ul>\r\n \t<li>wygl\u0105d: ciecz o kolorze \u017c\u00f3\u0142tym<\/li>\r\n \t<li>zapach: standardowy<\/li>\r\n \t<li>PH (1%): 11,84<\/li>\r\n \t<li>g\u0119sto\u015b\u0107 (28\u00b0C): 1,151<\/li>\r\n \t<li>napi\u0119cie powierzchniowe: 37,5mN\/m<\/li>\r\n<\/ul>","_et_gb_content_width":""},"pwb-brand":[727],"product_brand":[],"product_cat":[684,1100,381],"product_tag":[685,686,687,688],"class_list":{"0":"post-25142","1":"product","2":"type-product","3":"status-publish","4":"has-post-thumbnail","6":"pwb-brand-filer","7":"product_cat-srodki-czystosci-multi-plus-professional","8":"product_cat-promocje","9":"product_cat-srodki-do-zmywarek","10":"product_tag-clidor","11":"product_tag-multi-plus","12":"product_tag-plyn-myjacy-do-zmywarek","13":"product_tag-profesjonalna-chemia-dla-gastronomii","15":"first","16":"instock","17":"taxable","18":"shipping-taxable","19":"purchasable","20":"product-type-simple"},"brands":[{"id":727,"name":"Filer","slug":"filer"}],"_links":{"self":[{"href":"https:\/\/www.multifrigo.pl\/sklep\/wp-json\/wp\/v2\/product\/25142","targetHints":{"allow":["GET"]}}],"collection":[{"href":"https:\/\/www.multifrigo.pl\/sklep\/wp-json\/wp\/v2\/product"}],"about":[{"href":"https:\/\/www.multifrigo.pl\/sklep\/wp-json\/wp\/v2\/types\/product"}],"wp:featuredmedia":[{"embeddable":true,"href":"https:\/\/www.multifrigo.pl\/sklep\/wp-json\/wp\/v2\/media\/62424"}],"wp:attachment":[{"href":"https:\/\/www.multifrigo.pl\/sklep\/wp-json\/wp\/v2\/media?parent=25142"}],"wp:term":[{"taxonomy":"pwb-brand","embeddable":true,"href":"https:\/\/www.multifrigo.pl\/sklep\/wp-json\/wp\/v2\/pwb-brand?post=25142"},{"taxonomy":"product_brand","embeddable":true,"href":"https:\/\/www.multifrigo.pl\/sklep\/wp-json\/wp\/v2\/product_brand?post=25142"},{"taxonomy":"product_cat","embeddable":true,"href":"https:\/\/www.multifrigo.pl\/sklep\/wp-json\/wp\/v2\/product_cat?post=25142"},{"taxonomy":"product_tag","embeddable":true,"href":"https:\/\/www.multifrigo.pl\/sklep\/wp-json\/wp\/v2\/product_tag?post=25142"}],"curies":[{"name":"wp","href":"https:\/\/api.w.org\/{rel}","templated":true}]}}