{"id":25144,"date":"2024-07-18T14:00:16","date_gmt":"2024-07-18T14:00:16","guid":{"rendered":"https:\/\/multifrigo.pl\/sklep\/?post_type=product&#038;p=25144"},"modified":"2025-07-01T00:00:07","modified_gmt":"2025-07-01T00:00:07","slug":"elvas-ad-plyn-nablyszczajacy-do-zmywarek-10-kg","status":"publish","type":"product","link":"https:\/\/www.multifrigo.pl\/sklep\/produkt\/elvas-ad-plyn-nablyszczajacy-do-zmywarek-10-kg\/","title":{"rendered":"ELVAS AD p\u0142yn nab\u0142yszczaj\u0105cy do zmywarek, 10 kg"},"content":{"rendered":"<h3><a href=\"https:\/\/www.multifrigo.pl\/sklep\/kategoria-produktu\/chemia-i-higiena\/srodki-czystosci-multi-plus\/\">ELVAS AD p\u0142yn nab\u0142yszczaj\u0105cy do zmywarek<\/a> gastronomicznych<\/h3>\n<ul>\n<li>\n<h4>W\u0142a\u015bciwo\u015bci:<\/h4>\n<p>Produkt specjalnie opracowany i przeznaczony do p\u0142ukania i nab\u0142yszczania naczy\u0144 w zmywarkach automatycznych, pozwalaj\u0105cy na szybkie i r\u00f3wnomierne suszenie.<\/li>\n<li>\n<h4>Spos\u00f3b u\u017cycia:<\/h4>\n<p>W zale\u017cno\u015bci od rodzaju naczy\u0144 i jako\u015bci wody, dawka zalecana wynosi od 0,1 do 0,6ml\/l poprzez automatyczny system dozowania.<\/li>\n<\/ul>\n<h3>Dane techniczne:<\/h3>\n<ul>\n<li>wygl\u0105d: ciecz o kolorze niebieskim<\/li>\n<li>zapach: standardowy<\/li>\n<li>PH (100%): 2,54<\/li>\n<li>g\u0119sto\u015b\u0107 (28\u00b0C): 1,015<\/li>\n<li>napi\u0119cie powierzchniowe: 26,3 mN\/m<\/li>\n<\/ul>\n<div class=\"notranslate\"><\/div>\n","protected":false},"excerpt":{"rendered":"<h3 class=\"page-title\">ELVAS AD p\u0142yn nab\u0142yszczaj\u0105cy do zmywarek 10 kg<\/h3>\n<h4>Linia professional<\/h4>\n","protected":false},"featured_media":25169,"template":"","meta":{"_et_pb_use_builder":"","_et_pb_old_content":"","_et_gb_content_width":""},"pwb-brand":[727],"product_brand":[],"product_cat":[684,381],"product_tag":[689,690,691,686,688],"class_list":{"0":"post-25144","1":"product","2":"type-product","3":"status-publish","4":"has-post-thumbnail","6":"pwb-brand-filer","7":"product_cat-srodki-czystosci-multi-plus-professional","8":"product_cat-srodki-do-zmywarek","9":"product_tag-elvas","10":"product_tag-nablyszczacz","11":"product_tag-plyn-nablyszczajacy-do-zmywarki","12":"product_tag-multi-plus","13":"product_tag-profesjonalna-chemia-dla-gastronomii","15":"first","16":"instock","17":"taxable","18":"shipping-taxable","19":"purchasable","20":"product-type-simple"},"brands":[{"id":727,"name":"Filer","slug":"filer"}],"_links":{"self":[{"href":"https:\/\/www.multifrigo.pl\/sklep\/wp-json\/wp\/v2\/product\/25144","targetHints":{"allow":["GET"]}}],"collection":[{"href":"https:\/\/www.multifrigo.pl\/sklep\/wp-json\/wp\/v2\/product"}],"about":[{"href":"https:\/\/www.multifrigo.pl\/sklep\/wp-json\/wp\/v2\/types\/product"}],"wp:featuredmedia":[{"embeddable":true,"href":"https:\/\/www.multifrigo.pl\/sklep\/wp-json\/wp\/v2\/media\/25169"}],"wp:attachment":[{"href":"https:\/\/www.multifrigo.pl\/sklep\/wp-json\/wp\/v2\/media?parent=25144"}],"wp:term":[{"taxonomy":"pwb-brand","embeddable":true,"href":"https:\/\/www.multifrigo.pl\/sklep\/wp-json\/wp\/v2\/pwb-brand?post=25144"},{"taxonomy":"product_brand","embeddable":true,"href":"https:\/\/www.multifrigo.pl\/sklep\/wp-json\/wp\/v2\/product_brand?post=25144"},{"taxonomy":"product_cat","embeddable":true,"href":"https:\/\/www.multifrigo.pl\/sklep\/wp-json\/wp\/v2\/product_cat?post=25144"},{"taxonomy":"product_tag","embeddable":true,"href":"https:\/\/www.multifrigo.pl\/sklep\/wp-json\/wp\/v2\/product_tag?post=25144"}],"curies":[{"name":"wp","href":"https:\/\/api.w.org\/{rel}","templated":true}]}}