{"id":25146,"date":"2024-07-18T14:00:16","date_gmt":"2024-07-18T14:00:16","guid":{"rendered":"https:\/\/multifrigo.pl\/sklep\/?post_type=product&#038;p=25146"},"modified":"2025-05-28T10:13:32","modified_gmt":"2025-05-28T10:13:32","slug":"larsen-srodek-czyszczacy-do-stali-nierdzewnych-i-kwasoodpornych","status":"publish","type":"product","link":"https:\/\/www.multifrigo.pl\/sklep\/produkt\/larsen-srodek-czyszczacy-do-stali-nierdzewnych-i-kwasoodpornych\/","title":{"rendered":"LARSEN \u015brodek czyszcz\u0105cy do stali nierdzewnej 1 L"},"content":{"rendered":"<h3><a href=\"https:\/\/www.multifrigo.pl\/sklep\/kategoria-produktu\/chemia-i-higiena\/srodki-czystosci-multi-plus\/\">LARSEN \u015brodek do czyszczenia stali nierdzewnej i kwasoodpornej<\/a><\/h3>\n<ul>\n<li>\n<h4>W\u0142a\u015bciwo\u015bci:<\/h4>\n<p>Preparat specjalny do czyszczenia piel\u0119gnacji i polerowania mebli i urz\u0105dze\u0144 ze stali nierdzewnych i kwasoodpornych. Wysoka jako\u015b\u0107 detergentu i optymalne dzia\u0142anie wzmacniaj\u0105ce. Ma dzia\u0142anie zabezpieczaj\u0105ce oraz konserwuj\u0105ce. Usuwa przebarwienia i trudne do usuni\u0119cia plamy oraz zabrudzenia.<\/li>\n<li>\n<h4>Spos\u00f3b u\u017cycia:<\/h4>\n<p>Spryska\u0107 bezpo\u015brednio, p\u00f3\u017aniej przetrze\u0107 such\u0105 \u015bciereczk\u0105.<\/li>\n<\/ul>\n<h3>Dane techniczne:<\/h3>\n<ul>\n<li>wygl\u0105d: p\u0142yn w kolorze pomara\u0144czowy<\/li>\n<li>zapach: perfumowany<\/li>\n<li>PH (100%): 3,9<\/li>\n<li>g\u0119sto\u015b\u0107 (28\u00b0C): 0,950<\/li>\n<li>napi\u0119cie powierzchniowe: 32,2 mN\/m<\/li>\n<\/ul>\n","protected":false},"excerpt":{"rendered":"<h3 class=\"page-title\">LARSEN \u015brodek czyszcz\u0105cy do stali nierdzewnych i kwasoodpornych 1 kg<\/h3>\n<h4>Linia professional<\/h4>\n","protected":false},"featured_media":25172,"template":"","meta":{"_et_pb_use_builder":"","_et_pb_old_content":"","_et_gb_content_width":""},"pwb-brand":[727],"product_brand":[],"product_cat":[684,392],"product_tag":[692,693,694,686,688],"class_list":{"0":"post-25146","1":"product","2":"type-product","3":"status-publish","4":"has-post-thumbnail","6":"pwb-brand-filer","7":"product_cat-srodki-czystosci-multi-plus-professional","8":"product_cat-do-stali","9":"product_tag-larsen","10":"product_tag-srodek-do-stali-nierdzewnej","11":"product_tag-stal-nierdzewna","12":"product_tag-multi-plus","13":"product_tag-profesjonalna-chemia-dla-gastronomii","15":"first","16":"instock","17":"taxable","18":"shipping-taxable","19":"purchasable","20":"product-type-simple"},"brands":[{"id":727,"name":"Filer","slug":"filer"}],"_links":{"self":[{"href":"https:\/\/www.multifrigo.pl\/sklep\/wp-json\/wp\/v2\/product\/25146","targetHints":{"allow":["GET"]}}],"collection":[{"href":"https:\/\/www.multifrigo.pl\/sklep\/wp-json\/wp\/v2\/product"}],"about":[{"href":"https:\/\/www.multifrigo.pl\/sklep\/wp-json\/wp\/v2\/types\/product"}],"wp:featuredmedia":[{"embeddable":true,"href":"https:\/\/www.multifrigo.pl\/sklep\/wp-json\/wp\/v2\/media\/25172"}],"wp:attachment":[{"href":"https:\/\/www.multifrigo.pl\/sklep\/wp-json\/wp\/v2\/media?parent=25146"}],"wp:term":[{"taxonomy":"pwb-brand","embeddable":true,"href":"https:\/\/www.multifrigo.pl\/sklep\/wp-json\/wp\/v2\/pwb-brand?post=25146"},{"taxonomy":"product_brand","embeddable":true,"href":"https:\/\/www.multifrigo.pl\/sklep\/wp-json\/wp\/v2\/product_brand?post=25146"},{"taxonomy":"product_cat","embeddable":true,"href":"https:\/\/www.multifrigo.pl\/sklep\/wp-json\/wp\/v2\/product_cat?post=25146"},{"taxonomy":"product_tag","embeddable":true,"href":"https:\/\/www.multifrigo.pl\/sklep\/wp-json\/wp\/v2\/product_tag?post=25146"}],"curies":[{"name":"wp","href":"https:\/\/api.w.org\/{rel}","templated":true}]}}