{"id":25151,"date":"2024-07-18T14:00:18","date_gmt":"2024-07-18T14:00:18","guid":{"rendered":"https:\/\/multifrigo.pl\/sklep\/?post_type=product&#038;p=25151"},"modified":"2025-05-28T08:00:47","modified_gmt":"2025-05-28T08:00:47","slug":"syntex-srodek-czyszczacy-do-lazienek-5-kg","status":"publish","type":"product","link":"https:\/\/www.multifrigo.pl\/sklep\/produkt\/syntex-srodek-czyszczacy-do-lazienek-5-kg\/","title":{"rendered":"SYNTEX \u015brodek czyszcz\u0105cy do \u0142azienek, 5 kg"},"content":{"rendered":"<h3><a href=\"https:\/\/www.multifrigo.pl\/sklep\/kategoria-produktu\/chemia-i-higiena\/srodki-czystosci-multi-plus\/\">SYNTEX\u00a0\u015brodek czyszcz\u0105cy do \u0142azienek<\/a><\/h3>\n<ul>\n<li>\n<h4>W\u0142a\u015bciwo\u015bci:<\/h4>\n<p>Pachn\u0105cy detergent odka\u017caj\u0105cy do rozcie\u0144czania. Odpowiedni do sprz\u0105tania \u0142azienek i utrzymania czysto\u015bci og\u00f3lnej, usuwa t\u0142uszcz i brud na dowolnych zmywalnych powierzchniach,<\/li>\n<li>\n<h4>Spos\u00f3b u\u017cycia:<\/h4>\n<p>W zale\u017cno\u015bci od stopnia zabrudzenia zaleca si\u0119 rozpu\u015bci\u0107 produkt w wodzie w ilo\u015bci od 5% do 10%.<\/li>\n<\/ul>\n<h3>Dane techniczne:<\/h3>\n<ul>\n<li>wygl\u0105d: p\u0142yn w kolorze r\u00f3\u017cowym<\/li>\n<li>zapach: perfumowany<\/li>\n<li>PH (1%): 9,66<\/li>\n<li>g\u0119sto\u015b\u0107 (25\u00b0C): 0,996<\/li>\n<li>napi\u0119cie powierzchniowe: 31,9 mN\/m<\/li>\n<\/ul>\n","protected":false},"excerpt":{"rendered":"<h3 class=\"page-title\">SYNTEX zapachowy \u015brodek czyszcz\u0105cy do \u0142azienek 5 kg<\/h3>\n<h4>Linia professional<\/h4>\n","protected":false},"featured_media":25173,"template":"","meta":{"_et_pb_use_builder":"","_et_pb_old_content":"","_et_gb_content_width":""},"pwb-brand":[727],"product_brand":[],"product_cat":[684,707],"product_tag":[686,688,708,709],"class_list":{"0":"post-25151","1":"product","2":"type-product","3":"status-publish","4":"has-post-thumbnail","6":"pwb-brand-filer","7":"product_cat-srodki-czystosci-multi-plus-professional","8":"product_cat-do-lazienek","9":"product_tag-multi-plus","10":"product_tag-profesjonalna-chemia-dla-gastronomii","11":"product_tag-srodek-czyszczacy-do-lazienek","12":"product_tag-syntex","14":"first","15":"instock","16":"taxable","17":"shipping-taxable","18":"purchasable","19":"product-type-simple"},"brands":[{"id":727,"name":"Filer","slug":"filer"}],"_links":{"self":[{"href":"https:\/\/www.multifrigo.pl\/sklep\/wp-json\/wp\/v2\/product\/25151","targetHints":{"allow":["GET"]}}],"collection":[{"href":"https:\/\/www.multifrigo.pl\/sklep\/wp-json\/wp\/v2\/product"}],"about":[{"href":"https:\/\/www.multifrigo.pl\/sklep\/wp-json\/wp\/v2\/types\/product"}],"wp:featuredmedia":[{"embeddable":true,"href":"https:\/\/www.multifrigo.pl\/sklep\/wp-json\/wp\/v2\/media\/25173"}],"wp:attachment":[{"href":"https:\/\/www.multifrigo.pl\/sklep\/wp-json\/wp\/v2\/media?parent=25151"}],"wp:term":[{"taxonomy":"pwb-brand","embeddable":true,"href":"https:\/\/www.multifrigo.pl\/sklep\/wp-json\/wp\/v2\/pwb-brand?post=25151"},{"taxonomy":"product_brand","embeddable":true,"href":"https:\/\/www.multifrigo.pl\/sklep\/wp-json\/wp\/v2\/product_brand?post=25151"},{"taxonomy":"product_cat","embeddable":true,"href":"https:\/\/www.multifrigo.pl\/sklep\/wp-json\/wp\/v2\/product_cat?post=25151"},{"taxonomy":"product_tag","embeddable":true,"href":"https:\/\/www.multifrigo.pl\/sklep\/wp-json\/wp\/v2\/product_tag?post=25151"}],"curies":[{"name":"wp","href":"https:\/\/api.w.org\/{rel}","templated":true}]}}