{"id":25152,"date":"2024-07-18T14:00:18","date_gmt":"2024-07-18T14:00:18","guid":{"rendered":"https:\/\/multifrigo.pl\/sklep\/?post_type=product&#038;p=25152"},"modified":"2025-05-28T08:00:52","modified_gmt":"2025-05-28T08:00:52","slug":"bain-zel-myjacy-do-wc","status":"publish","type":"product","link":"https:\/\/www.multifrigo.pl\/sklep\/produkt\/bain-zel-myjacy-do-wc\/","title":{"rendered":"BAIN \u017cel myj\u0105cy do WC"},"content":{"rendered":"<h3><a href=\"https:\/\/www.multifrigo.pl\/sklep\/kategoria-produktu\/chemia-i-higiena\/srodki-czystosci-multi-plus\/\">BAIN \u017cel do WC<\/a><\/h3>\n<ul>\n<li>\n<h4>W\u0142a\u015bciwo\u015bci:<\/h4>\n<p>P\u0142yn do WC o \u017celowej konsystencji dedykowany do gruntownego czyszczenia pisuar\u00f3w i muszli klozetowych o du\u017cej mocy usuwania kamienia, zapewnia wysoki po\u0142ysk oraz wybiela, usuwaj\u0105c wszystkie zanieczyszczenia. Skutecznie usuwa nawet starsze osady wapienne, rdz\u0119 oraz naloty, pozostawiaj\u0105c delikatny zapach migda\u0142owy. Przeznaczenie: muszle klozetowe, pisuary, bidety, umywalki, wanny, kabiny prysznicowe, brodziki. P\u0142yn ma w\u0142a\u015bciwo\u015bci czyszcz\u0105ce, myj\u0105ce i higieniczne.<\/li>\n<li>\n<h4>Spos\u00f3b u\u017cycia:<\/h4>\n<p>Stosowa\u0107 bezpo\u015brednio w \u015brodku muszli klozetowej, nast\u0119pnie sp\u0142uka\u0107 wod\u0105. Koncentrat nanie\u015b\u0107 na powierzchni\u0119 i rozprowadzi\u0107 g\u0105bk\u0105 lub szmatk\u0105, obficie sp\u0142ukuj\u0105c wod\u0105 po u\u017cyciu. Nie stosowa\u0107 na aluminium oraz armatur\u0119 \u0142azienkow\u0105.<\/li>\n<\/ul>\n<h3>Dane techniczne:<\/h3>\n<ul>\n<li>wygl\u0105d: ciecz o kolorze zielonkawo-niebieskim<\/li>\n<li>zapach: perfumowany<\/li>\n<li>PH (1%): 1,85<\/li>\n<li>g\u0119sto\u015b\u0107 (28\u00b0C): 1,070<\/li>\n<li>napi\u0119cie powierzchniowe: 35,1mN\/m<\/li>\n<\/ul>\n","protected":false},"excerpt":{"rendered":"<h3 class=\"page-title\">BAIN \u017cel do WC 1 kg<\/h3>\n<h4>Linia professional<\/h4>\n","protected":false},"featured_media":25177,"template":"","meta":{"_et_pb_use_builder":"","_et_pb_old_content":"","_et_gb_content_width":""},"pwb-brand":[727],"product_brand":[],"product_cat":[684,707],"product_tag":[686,688,710,711,712],"class_list":{"0":"post-25152","1":"product","2":"type-product","3":"status-publish","4":"has-post-thumbnail","6":"pwb-brand-filer","7":"product_cat-srodki-czystosci-multi-plus-professional","8":"product_cat-do-lazienek","9":"product_tag-multi-plus","10":"product_tag-profesjonalna-chemia-dla-gastronomii","11":"product_tag-bain","12":"product_tag-filer","13":"product_tag-zel-myjacy-do-wc","15":"first","16":"instock","17":"taxable","18":"shipping-taxable","19":"purchasable","20":"product-type-simple"},"brands":[{"id":727,"name":"Filer","slug":"filer"}],"_links":{"self":[{"href":"https:\/\/www.multifrigo.pl\/sklep\/wp-json\/wp\/v2\/product\/25152","targetHints":{"allow":["GET"]}}],"collection":[{"href":"https:\/\/www.multifrigo.pl\/sklep\/wp-json\/wp\/v2\/product"}],"about":[{"href":"https:\/\/www.multifrigo.pl\/sklep\/wp-json\/wp\/v2\/types\/product"}],"wp:featuredmedia":[{"embeddable":true,"href":"https:\/\/www.multifrigo.pl\/sklep\/wp-json\/wp\/v2\/media\/25177"}],"wp:attachment":[{"href":"https:\/\/www.multifrigo.pl\/sklep\/wp-json\/wp\/v2\/media?parent=25152"}],"wp:term":[{"taxonomy":"pwb-brand","embeddable":true,"href":"https:\/\/www.multifrigo.pl\/sklep\/wp-json\/wp\/v2\/pwb-brand?post=25152"},{"taxonomy":"product_brand","embeddable":true,"href":"https:\/\/www.multifrigo.pl\/sklep\/wp-json\/wp\/v2\/product_brand?post=25152"},{"taxonomy":"product_cat","embeddable":true,"href":"https:\/\/www.multifrigo.pl\/sklep\/wp-json\/wp\/v2\/product_cat?post=25152"},{"taxonomy":"product_tag","embeddable":true,"href":"https:\/\/www.multifrigo.pl\/sklep\/wp-json\/wp\/v2\/product_tag?post=25152"}],"curies":[{"name":"wp","href":"https:\/\/api.w.org\/{rel}","templated":true}]}}