{"id":25153,"date":"2024-07-18T14:00:18","date_gmt":"2024-07-18T14:00:18","guid":{"rendered":"https:\/\/multifrigo.pl\/sklep\/?post_type=product&#038;p=25153"},"modified":"2025-05-28T08:00:53","modified_gmt":"2025-05-28T08:00:53","slug":"firglass-plyn-do-mycia-szyb-1-l","status":"publish","type":"product","link":"https:\/\/www.multifrigo.pl\/sklep\/produkt\/firglass-plyn-do-mycia-szyb-1-l\/","title":{"rendered":"FIRGLASS p\u0142yn do mycia szyb, 1 L"},"content":{"rendered":"<h3><a href=\"https:\/\/www.multifrigo.pl\/sklep\/kategoria-produktu\/chemia-i-higiena\/srodki-czystosci-multi-plus\/\">FIRGLASS p\u0142yn do mycia szyb<\/a><\/h3>\n<ul>\n<li>\n<h4>W\u0142a\u015bciwo\u015bci:<\/h4>\n<p>\u015arodek specjalnie zaprojektowany do mycia szyb. Nie niszczy pow\u0142ok malowanych, szybko wysycha nie pozostawiaj\u0105c smug i \u015blad\u00f3w. Idealnie myje szk\u0142o, lustra, powierzchnie z tworzyw sztucznych (pulpity, pojemniki, drzwi, podstawki do pisania), witryny, p\u0142ytki \u015bcienne, szyby samochodowe, itp.<\/li>\n<li>\n<h4>Spos\u00f3b u\u017cycia:<\/h4>\n<p>Produkt gotowy do u\u017cycia. Spryska\u0107 bezpo\u015brednio na czyszczon\u0105 powierzchni\u0119, nast\u0119pnie przetrze\u0107 such\u0105, mi\u0119kk\u0105 szmatk\u0105.<\/li>\n<\/ul>\n<h3>Dane techniczne:<\/h3>\n<ul>\n<li>wygl\u0105d: ciecz o kolorze niebieskim<\/li>\n<li>zapach: perfumowany<\/li>\n<li>PH (100%): 7,59<\/li>\n<li>g\u0119sto\u015b\u0107 (28\u00b0C): 0,984<\/li>\n<li>napi\u0119cie powierzchniowe: 33,2 mN\/m<\/li>\n<\/ul>\n","protected":false},"excerpt":{"rendered":"<h3 class=\"page-title\">FIRGLASS p\u0142yn do mycia szyb 1 L<\/h3>\n<h4>Linia professional<\/h4>\n","protected":false},"featured_media":25181,"template":"","meta":{"_et_pb_use_builder":"","_et_pb_old_content":"","_et_gb_content_width":""},"pwb-brand":[727],"product_brand":[],"product_cat":[684,388],"product_tag":[686,688,711,713,714],"class_list":{"0":"post-25153","1":"product","2":"type-product","3":"status-publish","4":"has-post-thumbnail","6":"pwb-brand-filer","7":"product_cat-srodki-czystosci-multi-plus-professional","8":"product_cat-do-szyb","9":"product_tag-multi-plus","10":"product_tag-profesjonalna-chemia-dla-gastronomii","11":"product_tag-filer","12":"product_tag-firglass","13":"product_tag-plyn-do-mycia-szyb","15":"first","16":"instock","17":"taxable","18":"shipping-taxable","19":"purchasable","20":"product-type-simple"},"brands":[{"id":727,"name":"Filer","slug":"filer"}],"_links":{"self":[{"href":"https:\/\/www.multifrigo.pl\/sklep\/wp-json\/wp\/v2\/product\/25153","targetHints":{"allow":["GET"]}}],"collection":[{"href":"https:\/\/www.multifrigo.pl\/sklep\/wp-json\/wp\/v2\/product"}],"about":[{"href":"https:\/\/www.multifrigo.pl\/sklep\/wp-json\/wp\/v2\/types\/product"}],"wp:featuredmedia":[{"embeddable":true,"href":"https:\/\/www.multifrigo.pl\/sklep\/wp-json\/wp\/v2\/media\/25181"}],"wp:attachment":[{"href":"https:\/\/www.multifrigo.pl\/sklep\/wp-json\/wp\/v2\/media?parent=25153"}],"wp:term":[{"taxonomy":"pwb-brand","embeddable":true,"href":"https:\/\/www.multifrigo.pl\/sklep\/wp-json\/wp\/v2\/pwb-brand?post=25153"},{"taxonomy":"product_brand","embeddable":true,"href":"https:\/\/www.multifrigo.pl\/sklep\/wp-json\/wp\/v2\/product_brand?post=25153"},{"taxonomy":"product_cat","embeddable":true,"href":"https:\/\/www.multifrigo.pl\/sklep\/wp-json\/wp\/v2\/product_cat?post=25153"},{"taxonomy":"product_tag","embeddable":true,"href":"https:\/\/www.multifrigo.pl\/sklep\/wp-json\/wp\/v2\/product_tag?post=25153"}],"curies":[{"name":"wp","href":"https:\/\/api.w.org\/{rel}","templated":true}]}}