{"id":25155,"date":"2024-07-18T14:00:19","date_gmt":"2024-07-18T14:00:19","guid":{"rendered":"https:\/\/multifrigo.pl\/sklep\/?post_type=product&#038;p=25155"},"modified":"2025-05-28T08:00:58","modified_gmt":"2025-05-28T08:00:58","slug":"office-plyn-czyszczacy-wielofunkcyjny-1-l","status":"publish","type":"product","link":"https:\/\/www.multifrigo.pl\/sklep\/produkt\/office-plyn-czyszczacy-wielofunkcyjny-1-l\/","title":{"rendered":"OFFICE uniwersalny \u015brodek czyszcz\u0105cy wielofunkcyjny, 1 L"},"content":{"rendered":"<h3><a href=\"https:\/\/www.multifrigo.pl\/sklep\/kategoria-produktu\/chemia-i-higiena\/srodki-czystosci-multi-plus\/\">OFFICE p\u0142yn czyszcz\u0105cy wielofunkcyjny<\/a><\/h3>\n<ul>\n<li>\n<h4>W\u0142a\u015bciwo\u015bci:<\/h4>\n<p>Uniwersalny \u015brodek wielofunkcyjny, bioalkoholowy do powierzchni zmywalnych, o wysokim st\u0119\u017ceniu emulsyjnym i przyjemnym zapachu. Nie trzeba sp\u0142ukiwa\u0107 po jego u\u017cyciu. P\u0142yn do wszystkich powierzchni takich jak: szk\u0142o, lustra, szyby, biurka, szafki, stoliki, kafelki, drzwi, profile aluminiowe, elementy ze stali nierdzewnej, laminaty poliestrowe, szkolne tablice sucho\u015bcierne. Usuwa \u015blady po flamastrach, d\u0142ugopisach, piecz\u0105tkach, produktach kosmetycznych oraz po pa\u015bcie do but\u00f3w. Nadaje si\u0119 r\u00f3wnie\u017c do czyszczenia pod\u0142\u00f3g.<\/li>\n<li>\n<h4>Spos\u00f3b u\u017cycia:<\/h4>\n<p>Spryska\u0107 bezpo\u015brednio produkt, nast\u0119pnie przetrze\u0107 such\u0105 \u015bciereczk\u0105. W zale\u017cno\u015bci od stopnia zabrudzenia powierzchni, zaleca sie rozpu\u015bci\u0107 produkt w wodzie w ilo\u015bci od 2% do 5% (20ml do 50ml).<\/li>\n<\/ul>\n<h3>Dane techniczne:<\/h3>\n<ul>\n<li>wygl\u0105d: ciecz o kolorze niebieskim<\/li>\n<li>zapach: perfumowany<\/li>\n<li>PH (100%): 6,98<\/li>\n<li>g\u0119sto\u015b\u0107 (28\u00b0C): 0,985<\/li>\n<li>napi\u0119cie powierzchniowe: 29,1 mN\/m<\/li>\n<\/ul>\n","protected":false},"excerpt":{"rendered":"<h3 class=\"page-title\">OFFICE p\u0142yn czyszcz\u0105cy wielofunkcyjny 1 L<\/h3>\n<h4>Linia professional<\/h4>\n","protected":false},"featured_media":25187,"template":"","meta":{"_et_pb_use_builder":"","_et_pb_old_content":"","_et_gb_content_width":""},"pwb-brand":[727],"product_brand":[],"product_cat":[684,715],"product_tag":[717,686,688,711,716],"class_list":{"0":"post-25155","1":"product","2":"type-product","3":"status-publish","4":"has-post-thumbnail","6":"pwb-brand-filer","7":"product_cat-srodki-czystosci-multi-plus-professional","8":"product_cat-plyny-uniwersalne","9":"product_tag-srodek-czyszczacy","10":"product_tag-multi-plus","11":"product_tag-profesjonalna-chemia-dla-gastronomii","12":"product_tag-filer","13":"product_tag-office","15":"first","16":"instock","17":"taxable","18":"shipping-taxable","19":"purchasable","20":"product-type-simple"},"brands":[{"id":727,"name":"Filer","slug":"filer"}],"_links":{"self":[{"href":"https:\/\/www.multifrigo.pl\/sklep\/wp-json\/wp\/v2\/product\/25155","targetHints":{"allow":["GET"]}}],"collection":[{"href":"https:\/\/www.multifrigo.pl\/sklep\/wp-json\/wp\/v2\/product"}],"about":[{"href":"https:\/\/www.multifrigo.pl\/sklep\/wp-json\/wp\/v2\/types\/product"}],"wp:featuredmedia":[{"embeddable":true,"href":"https:\/\/www.multifrigo.pl\/sklep\/wp-json\/wp\/v2\/media\/25187"}],"wp:attachment":[{"href":"https:\/\/www.multifrigo.pl\/sklep\/wp-json\/wp\/v2\/media?parent=25155"}],"wp:term":[{"taxonomy":"pwb-brand","embeddable":true,"href":"https:\/\/www.multifrigo.pl\/sklep\/wp-json\/wp\/v2\/pwb-brand?post=25155"},{"taxonomy":"product_brand","embeddable":true,"href":"https:\/\/www.multifrigo.pl\/sklep\/wp-json\/wp\/v2\/product_brand?post=25155"},{"taxonomy":"product_cat","embeddable":true,"href":"https:\/\/www.multifrigo.pl\/sklep\/wp-json\/wp\/v2\/product_cat?post=25155"},{"taxonomy":"product_tag","embeddable":true,"href":"https:\/\/www.multifrigo.pl\/sklep\/wp-json\/wp\/v2\/product_tag?post=25155"}],"curies":[{"name":"wp","href":"https:\/\/api.w.org\/{rel}","templated":true}]}}