{"id":25157,"date":"2024-07-18T14:00:19","date_gmt":"2024-07-18T14:00:19","guid":{"rendered":"https:\/\/multifrigo.pl\/sklep\/?post_type=product&#038;p=25157"},"modified":"2025-05-28T08:01:04","modified_gmt":"2025-05-28T08:01:04","slug":"eolan-srodek-do-gruntownego-czyszczenia-5-kg","status":"publish","type":"product","link":"https:\/\/www.multifrigo.pl\/sklep\/produkt\/eolan-srodek-do-gruntownego-czyszczenia-5-kg\/","title":{"rendered":"EOLAN odt\u0142uszczacz do szorowarek, 5 kg"},"content":{"rendered":"<h3><a href=\"https:\/\/www.multifrigo.pl\/sklep\/kategoria-produktu\/chemia-i-higiena\/srodki-czystosci-multi-plus\/\">EOLAN \u015brodek do gruntownego czyszczenia<\/a><\/h3>\n<ul>\n<li>\n<h4>W\u0142a\u015bciwo\u015bci:<\/h4>\n<p>Produkt zaprojektowany specjalnie do czyszczenia du\u017cych powierzchi przy pomocy maszyn do czyszczenia. Jego du\u017ca moc antypieni\u0105ca zapewnia skuteczne dzia\u0142anie i wysokie wyniki operacyjne. Nowoczesny, skoncentrowany \u015brodek do czyszczenia i mycia pod\u0142\u00f3g. Nadaje si\u0119 do czyszczenia du\u017cych powierzchni mikroporowatych, nowoczesnych pod\u0142\u00f3g z kamienia naturalnego i sztucznego, zmywalnych odpornych na alkalia powierzchni utwardzonych jak gres czy beton, ceramiczne p\u0142ytki pod\u0142ogowe, glazurowany i nie glazurowany klinkier, do powierzchni z \u017cywicy epoksydowej. Wnika w mikropory czyszczonej pod\u0142ogi i skutecznie usuwa zabrudzenia. Miejsca zastosowania Eolan: przemys\u0142, biura obs\u0142ugi klienta, szpitale, przychodnie, przedszkola, \u017c\u0142obki, itp.<\/li>\n<li>\n<h4>Spos\u00f3b u\u017cycia:<\/h4>\n<p>W zale\u017cno\u015bci od stopnia zabrudzenia, rozcie\u0144czy\u0107 w zbiorniku wody w maszynie w ilo\u015bci od 5% do 10%.<\/li>\n<\/ul>\n<h3>Dane techniczne:<\/h3>\n<ul>\n<li>wygl\u0105d: ciecz o kolorze niebieskim<\/li>\n<li>zapach: perfumowany<\/li>\n<li>PH (1%): 11,10<\/li>\n<li>g\u0119sto\u015b\u0107 (28\u00b0C): 1,043<\/li>\n<li>napi\u0119cie powierzchniowe: 25,1 mN\/m<\/li>\n<\/ul>\n","protected":false},"excerpt":{"rendered":"<h3 class=\"page-title\">EOLAN \u015brodek do gruntownego czyszczenia 5 kg<\/h3>\n<h4>Linia professional<\/h4>\n","protected":false},"featured_media":25179,"template":"","meta":{"_et_pb_use_builder":"","_et_pb_old_content":"","_et_gb_content_width":""},"pwb-brand":[727],"product_brand":[],"product_cat":[684,719],"product_tag":[721,686,688,711,720],"class_list":{"0":"post-25157","1":"product","2":"type-product","3":"status-publish","4":"has-post-thumbnail","6":"pwb-brand-filer","7":"product_cat-srodki-czystosci-multi-plus-professional","8":"product_cat-do-podlog","9":"product_tag-srodek-do-czyszczenia","10":"product_tag-multi-plus","11":"product_tag-profesjonalna-chemia-dla-gastronomii","12":"product_tag-filer","13":"product_tag-eolan","15":"first","16":"instock","17":"taxable","18":"shipping-taxable","19":"purchasable","20":"product-type-simple"},"brands":[{"id":727,"name":"Filer","slug":"filer"}],"_links":{"self":[{"href":"https:\/\/www.multifrigo.pl\/sklep\/wp-json\/wp\/v2\/product\/25157","targetHints":{"allow":["GET"]}}],"collection":[{"href":"https:\/\/www.multifrigo.pl\/sklep\/wp-json\/wp\/v2\/product"}],"about":[{"href":"https:\/\/www.multifrigo.pl\/sklep\/wp-json\/wp\/v2\/types\/product"}],"wp:featuredmedia":[{"embeddable":true,"href":"https:\/\/www.multifrigo.pl\/sklep\/wp-json\/wp\/v2\/media\/25179"}],"wp:attachment":[{"href":"https:\/\/www.multifrigo.pl\/sklep\/wp-json\/wp\/v2\/media?parent=25157"}],"wp:term":[{"taxonomy":"pwb-brand","embeddable":true,"href":"https:\/\/www.multifrigo.pl\/sklep\/wp-json\/wp\/v2\/pwb-brand?post=25157"},{"taxonomy":"product_brand","embeddable":true,"href":"https:\/\/www.multifrigo.pl\/sklep\/wp-json\/wp\/v2\/product_brand?post=25157"},{"taxonomy":"product_cat","embeddable":true,"href":"https:\/\/www.multifrigo.pl\/sklep\/wp-json\/wp\/v2\/product_cat?post=25157"},{"taxonomy":"product_tag","embeddable":true,"href":"https:\/\/www.multifrigo.pl\/sklep\/wp-json\/wp\/v2\/product_tag?post=25157"}],"curies":[{"name":"wp","href":"https:\/\/api.w.org\/{rel}","templated":true}]}}