{"id":25158,"date":"2024-07-18T14:00:20","date_gmt":"2024-07-18T14:00:20","guid":{"rendered":"https:\/\/multifrigo.pl\/sklep\/?post_type=product&#038;p=25158"},"modified":"2025-05-28T08:01:10","modified_gmt":"2025-05-28T08:01:10","slug":"srodek-czyszczacy-older-5-kg","status":"publish","type":"product","link":"https:\/\/www.multifrigo.pl\/sklep\/produkt\/srodek-czyszczacy-older-5-kg\/","title":{"rendered":"OLDER \u015brodek do usuwania uporczywych zabrudze\u0144, 5 kg"},"content":{"rendered":"<h3><a href=\"https:\/\/www.multifrigo.pl\/sklep\/kategoria-produktu\/chemia-i-higiena\/srodki-czystosci-multi-plus-professional\/\">OLDER wysokoalkaliczny \u015brodek czyszcz\u0105cy<\/a><\/h3>\n<ul>\n<li>\n<h4>W\u0142a\u015bciwo\u015bci:<\/h4>\n<p>Detergent alkaliczny zaprojektowany specjalnie do mechanicznego czyszczenia powierzchni o du\u017cej ilo\u015bci t\u0142uszcz\u00f3w, olej\u00f3w i odpad\u00f3w nie akrylowych. Niskopieni\u0105cy p\u0142yn myj\u0105co-czyszcz\u0105cy do czyszczenia zabrudze\u0144 na du\u017cych powierzchniach takich jak gara\u017ce, centra handlowe, szpitale, przychodnie, szko\u0142y, przedszkola, \u017c\u0142obki, restauracje, miejsca u\u017cyteczno\u015bci publicznej, gara\u017ce, kostka brukowa, elewacja. Ten \u015brodek czyszcz\u0105cy mo\u017cna u\u017cywa\u0107 w szorowarkach, pod ci\u015bnieniem lub r\u0119cznie. Posiada w swoim sk\u0142adzie kompozycje, kt\u00f3re chroni\u0105 gumowe elementy ka\u017cdej maszyny. \u0141atwa aplikacja i wysokie wyniki operacyjne. Zalecany do wszystkich powierzchni.<\/li>\n<li>\n<h4>Spos\u00f3b u\u017cycia:<\/h4>\n<p>W zale\u017cno\u015bci od stopnia zanieczyszczenia, nale\u017cy rozcie\u0144czy\u0107 OLDER w zbiorniku maszyny w proporcji od 5% do 10%. Mo\u017cna r\u00f3wnie\u017c u\u017cywa\u0107 do mycia ci\u015bnieniowego jak i r\u0119cznego.<\/li>\n<\/ul>\n<h3>Dane techniczne:<\/h3>\n<ul>\n<li>wygl\u0105d: ciecz m\u0119tna<\/li>\n<li>zapach: perfumowany<\/li>\n<li>PH (1%): 12,64<\/li>\n<li>g\u0119sto\u015b\u0107 (28\u00b0C): 1,035<\/li>\n<li>napi\u0119cie powierzchniowe: 30,2 mN\/m<\/li>\n<\/ul>\n","protected":false},"excerpt":{"rendered":"<h3 class=\"page-title\">OLDER wysokoalkaliczny \u015brodek czyszcz\u0105cy 5 kg<\/h3>\n<h4>Linia professional<\/h4>\n<div class=\"notranslate\" style=\"all: initial;\"><\/div>\n","protected":false},"featured_media":25186,"template":"","meta":{"_et_pb_use_builder":"","_et_pb_old_content":"","_et_gb_content_width":""},"pwb-brand":[727],"product_brand":[],"product_cat":[684,719],"product_tag":[717,722,723,686,698,711],"class_list":{"0":"post-25158","1":"product","2":"type-product","3":"status-publish","4":"has-post-thumbnail","6":"pwb-brand-filer","7":"product_cat-srodki-czystosci-multi-plus-professional","8":"product_cat-do-podlog","9":"product_tag-srodek-czyszczacy","10":"product_tag-older","11":"product_tag-srodek-do-usuwania-uporczywych-zanieczyszczen","12":"product_tag-multi-plus","13":"product_tag-profesjonalna-chemia-dla-gastronomi","14":"product_tag-filer","16":"first","17":"instock","18":"taxable","19":"shipping-taxable","20":"purchasable","21":"product-type-simple"},"brands":[{"id":727,"name":"Filer","slug":"filer"}],"_links":{"self":[{"href":"https:\/\/www.multifrigo.pl\/sklep\/wp-json\/wp\/v2\/product\/25158","targetHints":{"allow":["GET"]}}],"collection":[{"href":"https:\/\/www.multifrigo.pl\/sklep\/wp-json\/wp\/v2\/product"}],"about":[{"href":"https:\/\/www.multifrigo.pl\/sklep\/wp-json\/wp\/v2\/types\/product"}],"wp:featuredmedia":[{"embeddable":true,"href":"https:\/\/www.multifrigo.pl\/sklep\/wp-json\/wp\/v2\/media\/25186"}],"wp:attachment":[{"href":"https:\/\/www.multifrigo.pl\/sklep\/wp-json\/wp\/v2\/media?parent=25158"}],"wp:term":[{"taxonomy":"pwb-brand","embeddable":true,"href":"https:\/\/www.multifrigo.pl\/sklep\/wp-json\/wp\/v2\/pwb-brand?post=25158"},{"taxonomy":"product_brand","embeddable":true,"href":"https:\/\/www.multifrigo.pl\/sklep\/wp-json\/wp\/v2\/product_brand?post=25158"},{"taxonomy":"product_cat","embeddable":true,"href":"https:\/\/www.multifrigo.pl\/sklep\/wp-json\/wp\/v2\/product_cat?post=25158"},{"taxonomy":"product_tag","embeddable":true,"href":"https:\/\/www.multifrigo.pl\/sklep\/wp-json\/wp\/v2\/product_tag?post=25158"}],"curies":[{"name":"wp","href":"https:\/\/api.w.org\/{rel}","templated":true}]}}