{"id":25308,"date":"2024-07-23T13:49:55","date_gmt":"2024-07-23T13:49:55","guid":{"rendered":"https:\/\/multifrigo.pl\/sklep\/produkt\/klips-identyfikacyjny-do-koszy-cambro-nieopisany-cambro-cecbl6000\/"},"modified":"2024-07-24T10:16:52","modified_gmt":"2024-07-24T10:16:52","slug":"klips-identyfikacyjny-do-koszy-cambro-nieopisany-cambro-cecbl6000","status":"publish","type":"product","link":"https:\/\/www.multifrigo.pl\/sklep\/produkt\/klips-identyfikacyjny-do-koszy-cambro-nieopisany-cambro-cecbl6000\/","title":{"rendered":"Klips identyfikacyjny do koszy Cambro, nieopisany | Cambro  CECBL6000"},"content":{"rendered":"<p><b>Klips identyfikacyjny do koszy Cambro, nieopisany<\/b><\/p>\n<p>Klips identyfikacyjny Cambro\u00a0z pustym polem do wype\u0142nienia\u00a0to doskona\u0142e rozwi\u0105zanie, kt\u00f3re umo\u017cliwia szybkie i dok\u0142adne zidentyfikowanie zawarto\u015bci kosza Camrack oraz skuteczne zarz\u0105dzanie stanem magazynowym. Wykonane z praktycznie niezniszczalnego tworzywa ABS, te zaciski s\u0105 specjalnie zaprojektowane, aby wytrzyma\u0107 wysokie temperatury w profesjonalnych zmywarkach. Klipsy s\u0105 idealne dla plac\u00f3wek, kt\u00f3re obs\u0142uguj\u0105 r\u00f3\u017cnorodne rodzaje szk\u0142a.\u00a0<\/p>\n<p>Ka\u017cdy klips zawiera czarny symbol graficzny oraz czarny napis na bia\u0142ym tle. Klips mo\u017cna wsun\u0105\u0107 w szczeliny znajduj\u0105ce si\u0119 z boku koszy Camrack ( zar\u00f3wno pe\u0142nowymiarowych, jak i p\u00f3\u0142wymiarowych).<\/p>\n<p>Napis: puste pole pozostawione do wype\u0142nienia<\/p>\n","protected":false},"excerpt":{"rendered":"<p>Klips identyfikacyjny do koszy Cambro, nieopisany Klips identyfikacyjny Cambro\u00a0z pustym polem do wype\u0142nienia\u00a0to doskona\u0142e rozwi\u0105zanie, kt\u00f3re umo\u017cliwia szybkie i dok\u0142adne zidentyfikowanie zawarto\u015bci kosza Camrack oraz skuteczne zarz\u0105dzanie stanem magazynowym. Wykonane z praktycznie niezniszczalnego tworzywa ABS, te zaciski s\u0105 specjalnie zaprojektowane, aby wytrzyma\u0107 wysokie temperatury w profesjonalnych zmywarkach. Klipsy s\u0105 idealne dla plac\u00f3wek, kt\u00f3re obs\u0142uguj\u0105 r\u00f3\u017cnorodne [&hellip;]<\/p>\n","protected":false},"featured_media":25501,"template":"","meta":{"_et_pb_use_builder":"","_et_pb_old_content":"","_et_gb_content_width":""},"pwb-brand":[733],"product_brand":[],"product_cat":[500],"product_tag":[],"class_list":{"0":"post-25308","1":"product","2":"type-product","3":"status-publish","4":"has-post-thumbnail","6":"pwb-brand-cambro","7":"product_cat-nadstawy-do-koszy","9":"first","10":"instock","11":"taxable","12":"shipping-taxable","13":"purchasable","14":"product-type-simple"},"brands":[{"id":733,"name":"Cambro","slug":"cambro"}],"_links":{"self":[{"href":"https:\/\/www.multifrigo.pl\/sklep\/wp-json\/wp\/v2\/product\/25308","targetHints":{"allow":["GET"]}}],"collection":[{"href":"https:\/\/www.multifrigo.pl\/sklep\/wp-json\/wp\/v2\/product"}],"about":[{"href":"https:\/\/www.multifrigo.pl\/sklep\/wp-json\/wp\/v2\/types\/product"}],"wp:featuredmedia":[{"embeddable":true,"href":"https:\/\/www.multifrigo.pl\/sklep\/wp-json\/wp\/v2\/media\/25501"}],"wp:attachment":[{"href":"https:\/\/www.multifrigo.pl\/sklep\/wp-json\/wp\/v2\/media?parent=25308"}],"wp:term":[{"taxonomy":"pwb-brand","embeddable":true,"href":"https:\/\/www.multifrigo.pl\/sklep\/wp-json\/wp\/v2\/pwb-brand?post=25308"},{"taxonomy":"product_brand","embeddable":true,"href":"https:\/\/www.multifrigo.pl\/sklep\/wp-json\/wp\/v2\/product_brand?post=25308"},{"taxonomy":"product_cat","embeddable":true,"href":"https:\/\/www.multifrigo.pl\/sklep\/wp-json\/wp\/v2\/product_cat?post=25308"},{"taxonomy":"product_tag","embeddable":true,"href":"https:\/\/www.multifrigo.pl\/sklep\/wp-json\/wp\/v2\/product_tag?post=25308"}],"curies":[{"name":"wp","href":"https:\/\/api.w.org\/{rel}","templated":true}]}}