{"id":25309,"date":"2024-07-23T13:49:56","date_gmt":"2024-07-23T13:49:56","guid":{"rendered":"https:\/\/multifrigo.pl\/sklep\/produkt\/klips-identyfikacyjny-do-koszy-cambro-opisany-beer-cambro-cecbe6000\/"},"modified":"2024-07-24T10:16:52","modified_gmt":"2024-07-24T10:16:52","slug":"klips-identyfikacyjny-do-koszy-cambro-opisany-beer-cambro-cecbe6000","status":"publish","type":"product","link":"https:\/\/www.multifrigo.pl\/sklep\/produkt\/klips-identyfikacyjny-do-koszy-cambro-opisany-beer-cambro-cecbe6000\/","title":{"rendered":"Klips identyfikacyjny do koszy Cambro, opisany: Beer | Cambro  CECBE6000"},"content":{"rendered":"<p><b>Klips identyfikacyjny do koszy Cambro, opisany: Beer<\/b><\/p>\n<p>Klipsy identyfikuj\u0105ce do koszy Camrack pozwalaj\u0105 na szybk\u0105 i wygodn\u0105 identyfikacj\u0119 zawarto\u015bci kosza. Ka\u017cdy klips jest wykonany z niet\u0142uk\u0105cego si\u0119, twardego tworzywa, kt\u00f3re wytrzyma wysokie temperatury w zmywarce. Klipsy do koszy s\u0105 ekonomicznym i ekologicznym sposobem etykietowania, mo\u017cna zapomnie\u0107 o jednorazowych opisach, kt\u00f3re trzeba za ka\u017cdym razem \u015bci\u0105ga\u0107 i tworzy\u0107 na nowo. W razie konieczno\u015bci zmiany zawarto\u015bci kosza, wystarczy szybko wyj\u0105\u0107 klips i w\u0142o\u017cy\u0107 nowy z odpowiednim oznaczeniem.<\/p>\n<p>Ka\u017cdy klips zawiera czarny symbol graficzny oraz czarny napis na bia\u0142ym tle. Klips mo\u017cna wsun\u0105\u0107 w szczeliny znajduj\u0105ce si\u0119 z boku koszy Camrack ( zar\u00f3wno pe\u0142nowymiarowych, jak i p\u00f3\u0142wymiarowych).<\/p>\n<p>Napis:\u00a0BEER<\/p>\n","protected":false},"excerpt":{"rendered":"<p>Klips identyfikacyjny do koszy Cambro, opisany: Beer Klipsy identyfikuj\u0105ce do koszy Camrack pozwalaj\u0105 na szybk\u0105 i wygodn\u0105 identyfikacj\u0119 zawarto\u015bci kosza. Ka\u017cdy klips jest wykonany z niet\u0142uk\u0105cego si\u0119, twardego tworzywa, kt\u00f3re wytrzyma wysokie temperatury w zmywarce. Klipsy do koszy s\u0105 ekonomicznym i ekologicznym sposobem etykietowania, mo\u017cna zapomnie\u0107 o jednorazowych opisach, kt\u00f3re trzeba za ka\u017cdym razem \u015bci\u0105ga\u0107 [&hellip;]<\/p>\n","protected":false},"featured_media":25502,"template":"","meta":{"_et_pb_use_builder":"","_et_pb_old_content":"","_et_gb_content_width":""},"pwb-brand":[733],"product_brand":[],"product_cat":[500],"product_tag":[],"class_list":{"0":"post-25309","1":"product","2":"type-product","3":"status-publish","4":"has-post-thumbnail","6":"pwb-brand-cambro","7":"product_cat-nadstawy-do-koszy","9":"first","10":"instock","11":"taxable","12":"shipping-taxable","13":"purchasable","14":"product-type-simple"},"brands":[{"id":733,"name":"Cambro","slug":"cambro"}],"_links":{"self":[{"href":"https:\/\/www.multifrigo.pl\/sklep\/wp-json\/wp\/v2\/product\/25309","targetHints":{"allow":["GET"]}}],"collection":[{"href":"https:\/\/www.multifrigo.pl\/sklep\/wp-json\/wp\/v2\/product"}],"about":[{"href":"https:\/\/www.multifrigo.pl\/sklep\/wp-json\/wp\/v2\/types\/product"}],"wp:featuredmedia":[{"embeddable":true,"href":"https:\/\/www.multifrigo.pl\/sklep\/wp-json\/wp\/v2\/media\/25502"}],"wp:attachment":[{"href":"https:\/\/www.multifrigo.pl\/sklep\/wp-json\/wp\/v2\/media?parent=25309"}],"wp:term":[{"taxonomy":"pwb-brand","embeddable":true,"href":"https:\/\/www.multifrigo.pl\/sklep\/wp-json\/wp\/v2\/pwb-brand?post=25309"},{"taxonomy":"product_brand","embeddable":true,"href":"https:\/\/www.multifrigo.pl\/sklep\/wp-json\/wp\/v2\/product_brand?post=25309"},{"taxonomy":"product_cat","embeddable":true,"href":"https:\/\/www.multifrigo.pl\/sklep\/wp-json\/wp\/v2\/product_cat?post=25309"},{"taxonomy":"product_tag","embeddable":true,"href":"https:\/\/www.multifrigo.pl\/sklep\/wp-json\/wp\/v2\/product_tag?post=25309"}],"curies":[{"name":"wp","href":"https:\/\/api.w.org\/{rel}","templated":true}]}}