{"id":25313,"date":"2024-07-23T13:49:56","date_gmt":"2024-07-23T13:49:56","guid":{"rendered":"https:\/\/multifrigo.pl\/sklep\/produkt\/klips-identyfikacyjny-do-koszy-cambro-opisany-margarita-cambro-cecmg6000\/"},"modified":"2024-07-24T10:16:53","modified_gmt":"2024-07-24T10:16:53","slug":"klips-identyfikacyjny-do-koszy-cambro-opisany-margarita-cambro-cecmg6000","status":"publish","type":"product","link":"https:\/\/www.multifrigo.pl\/sklep\/produkt\/klips-identyfikacyjny-do-koszy-cambro-opisany-margarita-cambro-cecmg6000\/","title":{"rendered":"Klips identyfikacyjny do koszy Cambro, opisany: Margarita | Cambro  CECMG6000"},"content":{"rendered":"<p><b>Klips identyfikacyjny do koszy Cambro, opisany: Margarita<\/b><\/p>\n<p>Klips identyfikacyjny Cambro\u00a0z napisem Goblet to doskona\u0142e rozwi\u0105zanie, kt\u00f3re umo\u017cliwia szybkie i dok\u0142adne zidentyfikowanie zawarto\u015bci kosza Camrack oraz skuteczne zarz\u0105dzanie stanem magazynowym. Wykonane z praktycznie niezniszczalnego tworzywa ABS, te zaciski s\u0105 specjalnie zaprojektowane, aby wytrzyma\u0107 wysokie temperatury w profesjonalnych zmywarkach. Klipsy s\u0105 idealne dla plac\u00f3wek, kt\u00f3re obs\u0142uguj\u0105 r\u00f3\u017cnorodne rodzaje szk\u0142a.\u00a0<\/p>\n<p>Klipsy s\u0105 niezwykle \u0142atwe w u\u017cytkowaniu, wystarczy przesun\u0105\u0107 klips na specjalnie wykonane wyci\u0119cia po bokach kosza Camrack, aby szybko i pewnie go zamocowa\u0107. Dzi\u0119ki temu, zarz\u0105dzanie stanem magazynowym staje si\u0119 prostsze i bardziej ekonomiczne, eliminuj\u0105c potrzeb\u0119 stosowania pisak\u00f3w, ta\u015bmy czy plakietek na \u015bcianach. Dodatkowo, ka\u017cdy klips posiada czarny tekst i symbol na bia\u0142ym tle, co jeszcze bardziej u\u0142atwia identyfikacj\u0119. Extender ID Clips s\u0105 nie tylko trwa\u0142e i wytrzyma\u0142e, ale r\u00f3wnie\u017c przyjazne dla \u015brodowiska, stanowi\u0105c zr\u00f3wnowa\u017cone rozwi\u0105zanie w zakresie oznaczania zawarto\u015bci koszy do mycia i przechowywania szk\u0142a Cambro.<\/p>\n<p>Wersja zacisk\u00f3w Extender ID Clips nieopisana daje mo\u017cliwo\u015b\u0107 indywidualnego oznaczania zgodnie z preferencjami i potrzebami u\u017cytkownika. Dost\u0119pne s\u0105 tak\u017ce warianty z r\u00f3\u017cnymi napisami, aby jeszcze bardziej u\u0142atwi\u0107 proces zarz\u0105dzania zapasami i selekcji szk\u0142a. Bez wzgl\u0119du na rodzaj dzia\u0142alno\u015bci, Extender ID Clips s\u0105 idealnym rozwi\u0105zaniem, kt\u00f3re sprawia, \u017ce zarz\u0105dzanie stanem magazynowym staje si\u0119 szybsze, prostsze i bardziej efektywne.<\/p>\n","protected":false},"excerpt":{"rendered":"<p>Klips identyfikacyjny do koszy Cambro, opisany: Margarita Klips identyfikacyjny Cambro\u00a0z napisem Goblet to doskona\u0142e rozwi\u0105zanie, kt\u00f3re umo\u017cliwia szybkie i dok\u0142adne zidentyfikowanie zawarto\u015bci kosza Camrack oraz skuteczne zarz\u0105dzanie stanem magazynowym. Wykonane z praktycznie niezniszczalnego tworzywa ABS, te zaciski s\u0105 specjalnie zaprojektowane, aby wytrzyma\u0107 wysokie temperatury w profesjonalnych zmywarkach. Klipsy s\u0105 idealne dla plac\u00f3wek, kt\u00f3re obs\u0142uguj\u0105 r\u00f3\u017cnorodne [&hellip;]<\/p>\n","protected":false},"featured_media":25508,"template":"","meta":{"_et_pb_use_builder":"","_et_pb_old_content":"","_et_gb_content_width":""},"pwb-brand":[733],"product_brand":[],"product_cat":[500],"product_tag":[],"class_list":{"0":"post-25313","1":"product","2":"type-product","3":"status-publish","4":"has-post-thumbnail","6":"pwb-brand-cambro","7":"product_cat-nadstawy-do-koszy","9":"first","10":"instock","11":"taxable","12":"shipping-taxable","13":"purchasable","14":"product-type-simple"},"brands":[{"id":733,"name":"Cambro","slug":"cambro"}],"_links":{"self":[{"href":"https:\/\/www.multifrigo.pl\/sklep\/wp-json\/wp\/v2\/product\/25313","targetHints":{"allow":["GET"]}}],"collection":[{"href":"https:\/\/www.multifrigo.pl\/sklep\/wp-json\/wp\/v2\/product"}],"about":[{"href":"https:\/\/www.multifrigo.pl\/sklep\/wp-json\/wp\/v2\/types\/product"}],"wp:featuredmedia":[{"embeddable":true,"href":"https:\/\/www.multifrigo.pl\/sklep\/wp-json\/wp\/v2\/media\/25508"}],"wp:attachment":[{"href":"https:\/\/www.multifrigo.pl\/sklep\/wp-json\/wp\/v2\/media?parent=25313"}],"wp:term":[{"taxonomy":"pwb-brand","embeddable":true,"href":"https:\/\/www.multifrigo.pl\/sklep\/wp-json\/wp\/v2\/pwb-brand?post=25313"},{"taxonomy":"product_brand","embeddable":true,"href":"https:\/\/www.multifrigo.pl\/sklep\/wp-json\/wp\/v2\/product_brand?post=25313"},{"taxonomy":"product_cat","embeddable":true,"href":"https:\/\/www.multifrigo.pl\/sklep\/wp-json\/wp\/v2\/product_cat?post=25313"},{"taxonomy":"product_tag","embeddable":true,"href":"https:\/\/www.multifrigo.pl\/sklep\/wp-json\/wp\/v2\/product_tag?post=25313"}],"curies":[{"name":"wp","href":"https:\/\/api.w.org\/{rel}","templated":true}]}}