{"id":25318,"date":"2024-07-23T13:49:57","date_gmt":"2024-07-23T13:49:57","guid":{"rendered":"https:\/\/multifrigo.pl\/sklep\/produkt\/izolowany-klosz-cambro-na-talerz-granatowy-cambro-mdsd9497\/"},"modified":"2024-07-24T10:16:55","modified_gmt":"2024-07-24T10:16:55","slug":"izolowany-klosz-cambro-na-talerz-granatowy-cambro-mdsd9497","status":"publish","type":"product","link":"https:\/\/www.multifrigo.pl\/sklep\/produkt\/izolowany-klosz-cambro-na-talerz-granatowy-cambro-mdsd9497\/","title":{"rendered":"Izolowany klosz Cambro na talerz, granatowy | Cambro  MDSD9497"},"content":{"rendered":"<p><b>Izolowany klosz Cambro na talerz, granatowy<\/b><\/p>\n<p>Izolowany klosz na talerz MDSD9 do u\u017cytku w indukcyjnym systemie kloszowym Cambro Camduction<\/p>\n<p>System kloszowy jest bardzo wydajnym rozwi\u0105zaniem utrzymuj\u0105cym \u017cywno\u015b\u0107 w bezpiecznej temperaturze 65\u02daC do 60 minut lub w temperaturze r\u00f3wnej 4\u02daC lub ni\u017cszej nawet do 45 min w\u00a0przypadku u\u017cycia ze sch\u0142odzonym talerzem i podstaw\u0105. Klosz \u00a0wykonany z nie\u0142amliwego polipropylenu, odporny na p\u0119kni\u0119cia i wyszczerbienia. Dodatkowo pokrywa jest odporna na kruszenie w ujemnej temperaturze. Kolejn\u0105 zalet\u0105 jest mo\u017cliwo\u015b\u0107 uk\u0142adania w stos w celu u\u0142atwienia transportu i\u00a0przechowywania. Mo\u017cna u\u017cywa\u0107 z podstawk\u0105 lub bez niej.\u00a0<\/p>\n","protected":false},"excerpt":{"rendered":"<p>Izolowany klosz Cambro na talerz, granatowy Izolowany klosz na talerz MDSD9 do u\u017cytku w indukcyjnym systemie kloszowym Cambro Camduction System kloszowy jest bardzo wydajnym rozwi\u0105zaniem utrzymuj\u0105cym \u017cywno\u015b\u0107 w bezpiecznej temperaturze 65\u02daC do 60 minut lub w temperaturze r\u00f3wnej 4\u02daC lub ni\u017cszej nawet do 45 min w\u00a0przypadku u\u017cycia ze sch\u0142odzonym talerzem i podstaw\u0105. Klosz \u00a0wykonany z [&hellip;]<\/p>\n","protected":false},"featured_media":25518,"template":"","meta":{"_et_pb_use_builder":"","_et_pb_old_content":"","_et_gb_content_width":""},"pwb-brand":[733],"product_brand":[],"product_cat":[220],"product_tag":[],"class_list":{"0":"post-25318","1":"product","2":"type-product","3":"status-publish","4":"has-post-thumbnail","6":"pwb-brand-cambro","7":"product_cat-pozostale-przybory-kuchenne","9":"first","10":"instock","11":"taxable","12":"shipping-taxable","13":"purchasable","14":"product-type-simple"},"brands":[{"id":733,"name":"Cambro","slug":"cambro"}],"_links":{"self":[{"href":"https:\/\/www.multifrigo.pl\/sklep\/wp-json\/wp\/v2\/product\/25318","targetHints":{"allow":["GET"]}}],"collection":[{"href":"https:\/\/www.multifrigo.pl\/sklep\/wp-json\/wp\/v2\/product"}],"about":[{"href":"https:\/\/www.multifrigo.pl\/sklep\/wp-json\/wp\/v2\/types\/product"}],"wp:featuredmedia":[{"embeddable":true,"href":"https:\/\/www.multifrigo.pl\/sklep\/wp-json\/wp\/v2\/media\/25518"}],"wp:attachment":[{"href":"https:\/\/www.multifrigo.pl\/sklep\/wp-json\/wp\/v2\/media?parent=25318"}],"wp:term":[{"taxonomy":"pwb-brand","embeddable":true,"href":"https:\/\/www.multifrigo.pl\/sklep\/wp-json\/wp\/v2\/pwb-brand?post=25318"},{"taxonomy":"product_brand","embeddable":true,"href":"https:\/\/www.multifrigo.pl\/sklep\/wp-json\/wp\/v2\/product_brand?post=25318"},{"taxonomy":"product_cat","embeddable":true,"href":"https:\/\/www.multifrigo.pl\/sklep\/wp-json\/wp\/v2\/product_cat?post=25318"},{"taxonomy":"product_tag","embeddable":true,"href":"https:\/\/www.multifrigo.pl\/sklep\/wp-json\/wp\/v2\/product_tag?post=25318"}],"curies":[{"name":"wp","href":"https:\/\/api.w.org\/{rel}","templated":true}]}}