{"id":25322,"date":"2024-07-23T13:49:58","date_gmt":"2024-07-23T13:49:58","guid":{"rendered":"https:\/\/multifrigo.pl\/sklep\/produkt\/pojemnik-na-sztucce-95-l-do-wozkow-cambro-czarny-cambro-bc331kdsh110\/"},"modified":"2024-07-24T10:16:55","modified_gmt":"2024-07-24T10:16:55","slug":"pojemnik-na-sztucce-95-l-do-wozkow-cambro-czarny-cambro-bc331kdsh110","status":"publish","type":"product","link":"https:\/\/www.multifrigo.pl\/sklep\/produkt\/pojemnik-na-sztucce-95-l-do-wozkow-cambro-czarny-cambro-bc331kdsh110\/","title":{"rendered":"Pojemnik na sztu\u0107ce 9,5 l do w\u00f3zk\u00f3w Cambro, czarny | Cambro  BC331KDSH110"},"content":{"rendered":"<p><b>Pojemnik na sztu\u0107ce 9,5 l do w\u00f3zk\u00f3w Cambro, czarny<\/b><\/p>\n<p>Pojemnik na sztu\u0107ce do w\u00f3zk\u00f3w Cambro<\/p>\n<p>Boczny pojemnik to bardzo praktyczny element dodatkowy niezb\u0119dny w ka\u017cdej firmie u\u017cywaj\u0105cej w\u00f3zk\u00f3w pomocniczych\/kelnerskich. Znajdzie zastosowanie w bran\u017cy cateringowej, eventowej, hotelarskiej.\u00a0<\/p>\n<p>Pojemnik umieszcza si\u0119 wysoko z boku w\u00f3zka, tu\u017c pod uchwytem. Dzi\u0119ki\u00a0temu osoba obs\u0142uguj\u0105ca ma \u0142atwy dost\u0119p do sztu\u0107c\u00f3w i mo\u017ce je szybko i sprawnie roz\u0142o\u017cy\u0107 na stole.\u00a0Pojemnik na sztu\u0107ce wykonany jest z trwa\u0142ego i wytrzyma\u0142ego tworzywa-polipropylenu, kt\u00f3ry jest niezwykle \u0142atwy w czyszczeniu.\u00a0<\/p>\n","protected":false},"excerpt":{"rendered":"<p>Pojemnik na sztu\u0107ce 9,5 l do w\u00f3zk\u00f3w Cambro, czarny Pojemnik na sztu\u0107ce do w\u00f3zk\u00f3w Cambro Boczny pojemnik to bardzo praktyczny element dodatkowy niezb\u0119dny w ka\u017cdej firmie u\u017cywaj\u0105cej w\u00f3zk\u00f3w pomocniczych\/kelnerskich. Znajdzie zastosowanie w bran\u017cy cateringowej, eventowej, hotelarskiej.\u00a0 Pojemnik umieszcza si\u0119 wysoko z boku w\u00f3zka, tu\u017c pod uchwytem. Dzi\u0119ki\u00a0temu osoba obs\u0142uguj\u0105ca ma \u0142atwy dost\u0119p do sztu\u0107c\u00f3w i [&hellip;]<\/p>\n","protected":false},"featured_media":25530,"template":"","meta":{"_et_pb_use_builder":"","_et_pb_old_content":"","_et_gb_content_width":""},"pwb-brand":[733],"product_brand":[],"product_cat":[94],"product_tag":[],"class_list":{"0":"post-25322","1":"product","2":"type-product","3":"status-publish","4":"has-post-thumbnail","6":"pwb-brand-cambro","7":"product_cat-pojemniki-na-sztucce","9":"first","10":"instock","11":"taxable","12":"shipping-taxable","13":"purchasable","14":"product-type-simple"},"brands":[{"id":733,"name":"Cambro","slug":"cambro"}],"_links":{"self":[{"href":"https:\/\/www.multifrigo.pl\/sklep\/wp-json\/wp\/v2\/product\/25322","targetHints":{"allow":["GET"]}}],"collection":[{"href":"https:\/\/www.multifrigo.pl\/sklep\/wp-json\/wp\/v2\/product"}],"about":[{"href":"https:\/\/www.multifrigo.pl\/sklep\/wp-json\/wp\/v2\/types\/product"}],"wp:featuredmedia":[{"embeddable":true,"href":"https:\/\/www.multifrigo.pl\/sklep\/wp-json\/wp\/v2\/media\/25530"}],"wp:attachment":[{"href":"https:\/\/www.multifrigo.pl\/sklep\/wp-json\/wp\/v2\/media?parent=25322"}],"wp:term":[{"taxonomy":"pwb-brand","embeddable":true,"href":"https:\/\/www.multifrigo.pl\/sklep\/wp-json\/wp\/v2\/pwb-brand?post=25322"},{"taxonomy":"product_brand","embeddable":true,"href":"https:\/\/www.multifrigo.pl\/sklep\/wp-json\/wp\/v2\/product_brand?post=25322"},{"taxonomy":"product_cat","embeddable":true,"href":"https:\/\/www.multifrigo.pl\/sklep\/wp-json\/wp\/v2\/product_cat?post=25322"},{"taxonomy":"product_tag","embeddable":true,"href":"https:\/\/www.multifrigo.pl\/sklep\/wp-json\/wp\/v2\/product_tag?post=25322"}],"curies":[{"name":"wp","href":"https:\/\/api.w.org\/{rel}","templated":true}]}}