{"id":25326,"date":"2024-07-23T13:49:59","date_gmt":"2024-07-23T13:49:59","guid":{"rendered":"https:\/\/multifrigo.pl\/sklep\/produkt\/pojemnik-termoizolacyjny-cambro-gobox-ladowany-od-gory-46-l-600x400x316-gn-1-1-cambro-epp180e110\/"},"modified":"2024-07-29T11:50:46","modified_gmt":"2024-07-29T11:50:46","slug":"pojemnik-termoizolacyjny-cambro-gobox-ladowany-od-gory-46-l-600x400x316-gn-1-1-cambro-epp180e110","status":"publish","type":"product","link":"https:\/\/www.multifrigo.pl\/sklep\/produkt\/pojemnik-termoizolacyjny-cambro-gobox-ladowany-od-gory-46-l-600x400x316-gn-1-1-cambro-epp180e110\/","title":{"rendered":"Pojemnik termoizolacyjny Cambro GoBox \u0142adowany od g\u00f3ry 46 l, 600x400x316, GN 1\/1 | Cambro  EPP180E110"},"content":{"rendered":"<p><b>Pojemnik termoizolacyjny Cambro GoBox \u0142adowany od g\u00f3ry 46 l, 600x400x316, GN 1\/1<\/b><\/p>\n<p>Pojemnik termoizolacyjny Cambro GO BOX wykonany jest ze spienionego polipropylenu EPP, materia\u0142u nie zawieraj\u0105cego freonu, przyjaznego dla \u015brodowiska, wyj\u0105tkowo lekkiego, kt\u00f3ry doskonale utrzyma temperatur\u0119 transportowanych posi\u0142k\u00f3w nawet do 4 godz. Dzi\u0119ki niewielkiej wadze, doskona\u0142ym parametrom izolacji termicznej oraz mo\u017cliwo\u015bci sztaplowania doskonale sprawdz\u0105 si\u0119 nawet na du\u017cych imprezach. Posiada specjalne miejsce na umieszczenie etykiety wielokrotnego u\u017cytku z opisem zawarto\u015bci pojemniki. Specjalne wg\u0142\u0119bienia w wewn\u0119trznej \u015bcianie umo\u017cliwiaj\u0105 \u0142atwy za\u0142adunek i roz\u0142adunek pojemnik\u00f3w GN o rozmiarach 1\/1 i 1\/2. Pojemnik termoizolacyjny Cambro GO BOX zapewni bezpiecze\u0144stwo transportu i serwowania zar\u00f3wno posi\u0142k\u00f3w gor\u0105cych jak i zimnych. Dodatkowe wk\u0142ady grzewcze HP3253 lub ch\u0142odz\u0105ce CP3253 pomog\u0105 jeszcze d\u0142u\u017cej zachowa\u0107 odpowiedni\u0105 temperatur\u0119.<\/p>\n","protected":false},"excerpt":{"rendered":"<p>Pojemnik termoizolacyjny Cambro GoBox \u0142adowany od g\u00f3ry 46 l, 600x400x316, GN 1\/1 Pojemnik termoizolacyjny Cambro GO BOX wykonany jest ze spienionego polipropylenu EPP, materia\u0142u nie zawieraj\u0105cego freonu, przyjaznego dla \u015brodowiska, wyj\u0105tkowo lekkiego, kt\u00f3ry doskonale utrzyma temperatur\u0119 transportowanych posi\u0142k\u00f3w nawet do 4 godz. Dzi\u0119ki niewielkiej wadze, doskona\u0142ym parametrom izolacji termicznej oraz mo\u017cliwo\u015bci sztaplowania doskonale sprawdz\u0105 si\u0119 [&hellip;]<\/p>\n","protected":false},"featured_media":26165,"template":"","meta":{"_et_pb_use_builder":"","_et_pb_old_content":"","_et_gb_content_width":""},"pwb-brand":[733],"product_brand":[],"product_cat":[86],"product_tag":[],"class_list":{"0":"post-25326","1":"product","2":"type-product","3":"status-publish","4":"has-post-thumbnail","6":"pwb-brand-cambro","7":"product_cat-pojemniki-termoizolacyjne-pojemniki-termoizolacyjne","9":"first","10":"instock","11":"taxable","12":"shipping-taxable","13":"purchasable","14":"product-type-simple"},"brands":[{"id":733,"name":"Cambro","slug":"cambro"}],"_links":{"self":[{"href":"https:\/\/www.multifrigo.pl\/sklep\/wp-json\/wp\/v2\/product\/25326","targetHints":{"allow":["GET"]}}],"collection":[{"href":"https:\/\/www.multifrigo.pl\/sklep\/wp-json\/wp\/v2\/product"}],"about":[{"href":"https:\/\/www.multifrigo.pl\/sklep\/wp-json\/wp\/v2\/types\/product"}],"wp:featuredmedia":[{"embeddable":true,"href":"https:\/\/www.multifrigo.pl\/sklep\/wp-json\/wp\/v2\/media\/26165"}],"wp:attachment":[{"href":"https:\/\/www.multifrigo.pl\/sklep\/wp-json\/wp\/v2\/media?parent=25326"}],"wp:term":[{"taxonomy":"pwb-brand","embeddable":true,"href":"https:\/\/www.multifrigo.pl\/sklep\/wp-json\/wp\/v2\/pwb-brand?post=25326"},{"taxonomy":"product_brand","embeddable":true,"href":"https:\/\/www.multifrigo.pl\/sklep\/wp-json\/wp\/v2\/product_brand?post=25326"},{"taxonomy":"product_cat","embeddable":true,"href":"https:\/\/www.multifrigo.pl\/sklep\/wp-json\/wp\/v2\/product_cat?post=25326"},{"taxonomy":"product_tag","embeddable":true,"href":"https:\/\/www.multifrigo.pl\/sklep\/wp-json\/wp\/v2\/product_tag?post=25326"}],"curies":[{"name":"wp","href":"https:\/\/api.w.org\/{rel}","templated":true}]}}