{"id":25327,"date":"2024-07-23T13:50:00","date_gmt":"2024-07-23T13:50:00","guid":{"rendered":"https:\/\/multifrigo.pl\/sklep\/produkt\/pojemnik-termoizolacyjny-cambro-gobox-ladowany-od-gory-46-l-680x400x321-gn-1-1-cambro-epp180lh110\/"},"modified":"2024-07-29T11:52:56","modified_gmt":"2024-07-29T11:52:56","slug":"pojemnik-termoizolacyjny-cambro-gobox-ladowany-od-gory-46-l-680x400x321-gn-1-1-cambro-epp180lh110","status":"publish","type":"product","link":"https:\/\/www.multifrigo.pl\/sklep\/produkt\/pojemnik-termoizolacyjny-cambro-gobox-ladowany-od-gory-46-l-680x400x321-gn-1-1-cambro-epp180lh110\/","title":{"rendered":"Pojemnik termoizolacyjny Cambro GoBox \u0142adowany od g\u00f3ry 46 l, 680x400x321, GN 1\/1 | Cambro  EPP180LH110"},"content":{"rendered":"<p><b>Pojemnik termoizolacyjny Cambro GoBox \u0142adowany od g\u00f3ry 46 l, 680x400x321, GN 1\/1<\/b><\/p>\n<p>CAM GOBOX\u00ae \u00a0to profesjonalne transportery dla firm cateringowych, firm i lokali gastronomicznych. Wa\u017cnym elementem tego rodzaju dzia\u0142alno\u015bci jest odpowiednie przechowywanie i transportowanie jedzenia, aby zachowa\u0142o ono \u015bwie\u017co\u015b\u0107 i atrakcyjny wygl\u0105d. W tym celu z pomoc\u0105 przychodz\u0105 pojemniki termoizolacyjne, kt\u00f3re idealnie sprawdzaj\u0105 si\u0119 przy transporcie do wielu klient\u00f3w lub na du\u017cych imprezach. Ich zastosowanie mo\u017ce by\u0107 r\u00f3wnie\u017c przechowywanie posi\u0142k\u00f3w do czasu odbioru przez klienta.<\/p>\n<p>Pojemniki na posi\u0142ki Cambro s\u0105 szczeg\u00f3lnie przydatne w przypadku catering\u00f3w, poniewa\u017c pozwalaj\u0105 na bezpieczny transport jedzenia na du\u017ce odleg\u0142o\u015bci i przez d\u0142ugi czas. Dzi\u0119ki nim mo\u017cliwe jest dostarczenie \u015bwie\u017cych i ciep\u0142ych potraw bez obaw o ich jako\u015b\u0107 i zmian\u0119 warunk\u00f3w temperaturowych. Pojemniki z izolacj\u0105 termiczn\u0105 s\u0105 r\u00f3wnie\u017c \u0142atwe w u\u017cytkowaniu i utrzymaniu, a przy tym cechuje je wysoka trwa\u0142o\u015b\u0107 i odporno\u015b\u0107 na uszkodzenia.\u00a0<\/p>\n<p>Lekkie termosy Cambro wykonane s\u0105 z EPP (spienionego polipropylenu), przyjaznego dla \u015brodowiska, naturalnego materia\u0142u piankowego o du\u017cej wydajno\u015bci. Jego cech\u0105 charakterystyczn\u0105 jest jego chemiczna oboj\u0119tno\u015b\u0107-jest oboj\u0119tny na dzia\u0142anie oleju, t\u0142uszczu i wi\u0119kszo\u015bci preparat\u00f3w chemicznych. Nie zawieraj\u0105 freonu. Transportery GoBox cechuje znakomita wytrzyma\u0142o\u015b\u0107 konstrukcyjna: mo\u017cliwo\u015b\u0107 utrzymania nawet du\u017cych ci\u0119\u017car\u00f3w z zachowaniem kszta\u0142tu i formy. Wygodne uchwyty umo\u017cliwiaj\u0105 \u0142atwe i bezpieczne przenoszenie modelu EPP180LH\/110 GoBox. Osoba podnosz\u0105ca mo\u017ce chwyci\u0107 go z ka\u017cdej z czterech stron-ergonomiczne uchwyty zosta\u0142y zaprojektowane w bardzo przemy\u015blany spos\u00f3b aby maksymalnie u\u0142atwi\u0107 obs\u0142ug\u0119 pojemnik\u00f3w. Kolejn\u0105 cech\u0105 \u0142adowanych od g\u00f3ry transporter\u00f3w jest ich znakomita absorpcja energii: s\u0105 odporne nawet na du\u017ce obci\u0105\u017cenia bez ryzyka uszkodzenia.<\/p>\n","protected":false},"excerpt":{"rendered":"<p>Pojemnik termoizolacyjny Cambro GoBox \u0142adowany od g\u00f3ry 46 l, 680x400x321, GN 1\/1 CAM GOBOX\u00ae \u00a0to profesjonalne transportery dla firm cateringowych, firm i lokali gastronomicznych. Wa\u017cnym elementem tego rodzaju dzia\u0142alno\u015bci jest odpowiednie przechowywanie i transportowanie jedzenia, aby zachowa\u0142o ono \u015bwie\u017co\u015b\u0107 i atrakcyjny wygl\u0105d. W tym celu z pomoc\u0105 przychodz\u0105 pojemniki termoizolacyjne, kt\u00f3re idealnie sprawdzaj\u0105 si\u0119 przy [&hellip;]<\/p>\n","protected":false},"featured_media":26166,"template":"","meta":{"_et_pb_use_builder":"","_et_pb_old_content":"","_et_gb_content_width":""},"pwb-brand":[733],"product_brand":[],"product_cat":[86],"product_tag":[],"class_list":{"0":"post-25327","1":"product","2":"type-product","3":"status-publish","4":"has-post-thumbnail","6":"pwb-brand-cambro","7":"product_cat-pojemniki-termoizolacyjne-pojemniki-termoizolacyjne","9":"first","10":"instock","11":"taxable","12":"shipping-taxable","13":"purchasable","14":"product-type-simple"},"brands":[{"id":733,"name":"Cambro","slug":"cambro"}],"_links":{"self":[{"href":"https:\/\/www.multifrigo.pl\/sklep\/wp-json\/wp\/v2\/product\/25327","targetHints":{"allow":["GET"]}}],"collection":[{"href":"https:\/\/www.multifrigo.pl\/sklep\/wp-json\/wp\/v2\/product"}],"about":[{"href":"https:\/\/www.multifrigo.pl\/sklep\/wp-json\/wp\/v2\/types\/product"}],"wp:featuredmedia":[{"embeddable":true,"href":"https:\/\/www.multifrigo.pl\/sklep\/wp-json\/wp\/v2\/media\/26166"}],"wp:attachment":[{"href":"https:\/\/www.multifrigo.pl\/sklep\/wp-json\/wp\/v2\/media?parent=25327"}],"wp:term":[{"taxonomy":"pwb-brand","embeddable":true,"href":"https:\/\/www.multifrigo.pl\/sklep\/wp-json\/wp\/v2\/pwb-brand?post=25327"},{"taxonomy":"product_brand","embeddable":true,"href":"https:\/\/www.multifrigo.pl\/sklep\/wp-json\/wp\/v2\/product_brand?post=25327"},{"taxonomy":"product_cat","embeddable":true,"href":"https:\/\/www.multifrigo.pl\/sklep\/wp-json\/wp\/v2\/product_cat?post=25327"},{"taxonomy":"product_tag","embeddable":true,"href":"https:\/\/www.multifrigo.pl\/sklep\/wp-json\/wp\/v2\/product_tag?post=25327"}],"curies":[{"name":"wp","href":"https:\/\/api.w.org\/{rel}","templated":true}]}}