{"id":25331,"date":"2024-07-23T13:50:01","date_gmt":"2024-07-23T13:50:01","guid":{"rendered":"https:\/\/multifrigo.pl\/sklep\/produkt\/pojemnik-termoizolacyjny-cambro-gobox-ladowany-od-przodu-6-prowadnic-600x400-cambro-epp4060f6r110\/"},"modified":"2024-07-29T11:56:57","modified_gmt":"2024-07-29T11:56:57","slug":"pojemnik-termoizolacyjny-cambro-gobox-ladowany-od-przodu-6-prowadnic-600x400-cambro-epp4060f6r110","status":"publish","type":"product","link":"https:\/\/www.multifrigo.pl\/sklep\/produkt\/pojemnik-termoizolacyjny-cambro-gobox-ladowany-od-przodu-6-prowadnic-600x400-cambro-epp4060f6r110\/","title":{"rendered":"Pojemnik termoizolacyjny Cambro GoBox \u0142adowany od przodu, 6 prowadnic 600&#215;400 | Cambro  EPP4060F6R110"},"content":{"rendered":"<p><b>Pojemnik termoizolacyjny Cambro GoBox \u0142adowany od przodu, 6 prowadnic 600&#215;400<\/b><\/p>\n<p>Pojemnik termoizolacyjny wykonany jest ze spienionego polipropylenu (EPP), kt\u00f3ry jest wyj\u0105tkowo lekki a jednocze\u015bnie ma bardzo dobre w\u0142a\u015bciwo\u015bci termoizolacyjne, utrzymuje temperatur\u0119 do 4 godzin. Prezentowany model s\u0142u\u017cy do transportu blach i skrzynek piekarniczych o rozmiarach 40 x 60 cm. Wyposa\u017cony jest w 6 wyt\u0142oczonych z formy prowadnic, pomi\u0119dzy kt\u00f3rymi jest 6 cm odst\u0119pu. Cambro oferuje bardzo szerok\u0105 gam\u0119 pojemnik\u00f3w ze spienionego polipropylenu, kt\u00f3re mo\u017cemy dostosowa\u0107 do ilo\u015bci i rodzaju transportowanej \u017cywno\u015bci.<\/p>\n","protected":false},"excerpt":{"rendered":"<p>Pojemnik termoizolacyjny Cambro GoBox \u0142adowany od przodu, 6 prowadnic 600&#215;400 Pojemnik termoizolacyjny wykonany jest ze spienionego polipropylenu (EPP), kt\u00f3ry jest wyj\u0105tkowo lekki a jednocze\u015bnie ma bardzo dobre w\u0142a\u015bciwo\u015bci termoizolacyjne, utrzymuje temperatur\u0119 do 4 godzin. Prezentowany model s\u0142u\u017cy do transportu blach i skrzynek piekarniczych o rozmiarach 40 x 60 cm. Wyposa\u017cony jest w 6 wyt\u0142oczonych z [&hellip;]<\/p>\n","protected":false},"featured_media":26183,"template":"","meta":{"_et_pb_use_builder":"","_et_pb_old_content":"","_et_gb_content_width":""},"pwb-brand":[733],"product_brand":[],"product_cat":[86],"product_tag":[],"class_list":{"0":"post-25331","1":"product","2":"type-product","3":"status-publish","4":"has-post-thumbnail","6":"pwb-brand-cambro","7":"product_cat-pojemniki-termoizolacyjne-pojemniki-termoizolacyjne","9":"first","10":"instock","11":"taxable","12":"shipping-taxable","13":"purchasable","14":"product-type-simple"},"brands":[{"id":733,"name":"Cambro","slug":"cambro"}],"_links":{"self":[{"href":"https:\/\/www.multifrigo.pl\/sklep\/wp-json\/wp\/v2\/product\/25331","targetHints":{"allow":["GET"]}}],"collection":[{"href":"https:\/\/www.multifrigo.pl\/sklep\/wp-json\/wp\/v2\/product"}],"about":[{"href":"https:\/\/www.multifrigo.pl\/sklep\/wp-json\/wp\/v2\/types\/product"}],"wp:featuredmedia":[{"embeddable":true,"href":"https:\/\/www.multifrigo.pl\/sklep\/wp-json\/wp\/v2\/media\/26183"}],"wp:attachment":[{"href":"https:\/\/www.multifrigo.pl\/sklep\/wp-json\/wp\/v2\/media?parent=25331"}],"wp:term":[{"taxonomy":"pwb-brand","embeddable":true,"href":"https:\/\/www.multifrigo.pl\/sklep\/wp-json\/wp\/v2\/pwb-brand?post=25331"},{"taxonomy":"product_brand","embeddable":true,"href":"https:\/\/www.multifrigo.pl\/sklep\/wp-json\/wp\/v2\/product_brand?post=25331"},{"taxonomy":"product_cat","embeddable":true,"href":"https:\/\/www.multifrigo.pl\/sklep\/wp-json\/wp\/v2\/product_cat?post=25331"},{"taxonomy":"product_tag","embeddable":true,"href":"https:\/\/www.multifrigo.pl\/sklep\/wp-json\/wp\/v2\/product_tag?post=25331"}],"curies":[{"name":"wp","href":"https:\/\/api.w.org\/{rel}","templated":true}]}}