{"id":25333,"date":"2024-07-23T13:50:01","date_gmt":"2024-07-23T13:50:01","guid":{"rendered":"https:\/\/multifrigo.pl\/sklep\/produkt\/pojemnik-termoizolacyjny-cambro-gobox-ladowany-od-przodu-9-prowadnic-600x400-cambro-epp4060f9r110\/"},"modified":"2024-07-29T12:00:56","modified_gmt":"2024-07-29T12:00:56","slug":"pojemnik-termoizolacyjny-cambro-gobox-ladowany-od-przodu-9-prowadnic-600x400-cambro-epp4060f9r110","status":"publish","type":"product","link":"https:\/\/www.multifrigo.pl\/sklep\/produkt\/pojemnik-termoizolacyjny-cambro-gobox-ladowany-od-przodu-9-prowadnic-600x400-cambro-epp4060f9r110\/","title":{"rendered":"Pojemnik termoizolacyjny Cambro GoBox \u0142adowany od przodu, 9 prowadnic 600&#215;400 | Cambro  EPP4060F9R110"},"content":{"rendered":"<p><b>Pojemnik termoizolacyjny Cambro GoBox \u0142adowany od przodu, 9 prowadnic 600&#215;400<\/b><\/p>\n<p>GoBoxTM Front Loaders \u0142adowane od przodu z regulowanymi prowadnicami\u00a0 CAM GOBOX\u00ae\u00a0 to profesjonalne transportery dla firm cateringowych, firm i lokali gastronomicznych. Wa\u017cnym elementem tego rodzaju dzia\u0142alno\u015bci jest odpowiednie przechowywanie i transportowanie jedzenia, aby zachowa\u0142o ono \u015bwie\u017co\u015b\u0107 i atrakcyjny wygl\u0105d. W tym celu z pomoc\u0105 przychodz\u0105 pojemniki termoizolacyjne, kt\u00f3re idealnie sprawdzaj\u0105 si\u0119 przy transporcie do wielu klient\u00f3w lub na du\u017cych imprezach. Ich zastosowanie mo\u017ce by\u0107 r\u00f3wnie\u017c przechowywanie posi\u0142k\u00f3w do czasu odbioru przez klienta.\u00a0 Pojemniki na posi\u0142ki Cambro s\u0105 szczeg\u00f3lnie przydatne w przypadku catering\u00f3w, poniewa\u017c pozwalaj\u0105 na bezpieczny transport jedzenia na du\u017ce odleg\u0142o\u015bci i przez d\u0142ugi czas. Dzi\u0119ki nim mo\u017cliwe jest dostarczenie \u015bwie\u017cych i ciep\u0142ych potraw bez obaw o ich jako\u015b\u0107 i zmian\u0119 warunk\u00f3w temperaturowych. Pojemniki z izolacj\u0105 termiczn\u0105 s\u0105 r\u00f3wnie\u017c \u0142atwe w u\u017cytkowaniu i utrzymaniu, a przy tym cechuje je wysoka trwa\u0142o\u015b\u0107 i odporno\u015b\u0107 na uszkodzenia.\u00a0\u00a0<\/p>\n<p>Lekkie termosy Cambro wykonane s\u0105 z EPP (spienionego polipropylenu), przyjaznego dla \u015brodowiska, naturalnego materia\u0142u piankowego o du\u017cej wydajno\u015bci. Jego cech\u0105 charakterystyczn\u0105 jest jego chemiczna oboj\u0119tno\u015b\u0107-jest oboj\u0119tny na dzia\u0142anie oleju, t\u0142uszczu i wi\u0119kszo\u015bci preparat\u00f3w chemicznych. Nie zawieraj\u0105 freonu.\u00a0<\/p>\n<p>Wielofunkcyjny termos transportowy\u00a0EPP4060F9R \u0142adowany od przodu\u00a0posiada 9 prowadnic ze stali nierdzewnej.\u00a0Termosy transportowe \u0142adowane od przodu ze zintegrowanymi prowadnicami s\u0105 przeznaczone do bezpiecznego i stabilnego transportu tac o wymiarach 60\u00a0x\u00a040 cm, blach i pojemnik\u00f3w GN.<\/p>\n","protected":false},"excerpt":{"rendered":"<p>Pojemnik termoizolacyjny Cambro GoBox \u0142adowany od przodu, 9 prowadnic 600&#215;400 GoBoxTM Front Loaders \u0142adowane od przodu z regulowanymi prowadnicami\u00a0 CAM GOBOX\u00ae\u00a0 to profesjonalne transportery dla firm cateringowych, firm i lokali gastronomicznych. Wa\u017cnym elementem tego rodzaju dzia\u0142alno\u015bci jest odpowiednie przechowywanie i transportowanie jedzenia, aby zachowa\u0142o ono \u015bwie\u017co\u015b\u0107 i atrakcyjny wygl\u0105d. W tym celu z pomoc\u0105 przychodz\u0105 [&hellip;]<\/p>\n","protected":false},"featured_media":26202,"template":"","meta":{"_et_pb_use_builder":"","_et_pb_old_content":"","_et_gb_content_width":""},"pwb-brand":[733],"product_brand":[],"product_cat":[86],"product_tag":[],"class_list":{"0":"post-25333","1":"product","2":"type-product","3":"status-publish","4":"has-post-thumbnail","6":"pwb-brand-cambro","7":"product_cat-pojemniki-termoizolacyjne-pojemniki-termoizolacyjne","9":"first","10":"instock","11":"taxable","12":"shipping-taxable","13":"purchasable","14":"product-type-simple"},"brands":[{"id":733,"name":"Cambro","slug":"cambro"}],"_links":{"self":[{"href":"https:\/\/www.multifrigo.pl\/sklep\/wp-json\/wp\/v2\/product\/25333","targetHints":{"allow":["GET"]}}],"collection":[{"href":"https:\/\/www.multifrigo.pl\/sklep\/wp-json\/wp\/v2\/product"}],"about":[{"href":"https:\/\/www.multifrigo.pl\/sklep\/wp-json\/wp\/v2\/types\/product"}],"wp:featuredmedia":[{"embeddable":true,"href":"https:\/\/www.multifrigo.pl\/sklep\/wp-json\/wp\/v2\/media\/26202"}],"wp:attachment":[{"href":"https:\/\/www.multifrigo.pl\/sklep\/wp-json\/wp\/v2\/media?parent=25333"}],"wp:term":[{"taxonomy":"pwb-brand","embeddable":true,"href":"https:\/\/www.multifrigo.pl\/sklep\/wp-json\/wp\/v2\/pwb-brand?post=25333"},{"taxonomy":"product_brand","embeddable":true,"href":"https:\/\/www.multifrigo.pl\/sklep\/wp-json\/wp\/v2\/product_brand?post=25333"},{"taxonomy":"product_cat","embeddable":true,"href":"https:\/\/www.multifrigo.pl\/sklep\/wp-json\/wp\/v2\/product_cat?post=25333"},{"taxonomy":"product_tag","embeddable":true,"href":"https:\/\/www.multifrigo.pl\/sklep\/wp-json\/wp\/v2\/product_tag?post=25333"}],"curies":[{"name":"wp","href":"https:\/\/api.w.org\/{rel}","templated":true}]}}