{"id":25335,"date":"2024-07-23T13:50:02","date_gmt":"2024-07-23T13:50:02","guid":{"rendered":"https:\/\/multifrigo.pl\/sklep\/produkt\/pojemnik-termoizolacyjny-cambro-gobox-ladowany-od-przodu-z-regulowanymi-prowadnicami-cambro-epp4060fadjr110\/"},"modified":"2024-07-29T12:07:36","modified_gmt":"2024-07-29T12:07:36","slug":"pojemnik-termoizolacyjny-cambro-gobox-ladowany-od-przodu-z-regulowanymi-prowadnicami-cambro-epp4060fadjr110","status":"publish","type":"product","link":"https:\/\/www.multifrigo.pl\/sklep\/produkt\/pojemnik-termoizolacyjny-cambro-gobox-ladowany-od-przodu-z-regulowanymi-prowadnicami-cambro-epp4060fadjr110\/","title":{"rendered":"Pojemnik termoizolacyjny Cambro GoBox \u0142adowany od przodu, z regulowanymi prowadnicami | Cambro  EPP4060FADJR110"},"content":{"rendered":"<p><b>Pojemnik termoizolacyjny Cambro GoBox \u0142adowany od przodu, z regulowanymi prowadnicami<\/b><\/p>\n<p>CAM GOBOX\u00ae \u00a0to profesjonalne transportery dla firm cateringowych, firm i lokali gastronomicznych. Wa\u017cnym elementem tego rodzaju dzia\u0142alno\u015bci jest odpowiednie przechowywanie i transportowanie jedzenia, aby zachowa\u0142o ono \u015bwie\u017co\u015b\u0107 i atrakcyjny wygl\u0105d. W tym celu z pomoc\u0105 przychodz\u0105 pojemniki termoizolacyjne, kt\u00f3re idealnie sprawdzaj\u0105 si\u0119 przy transporcie do wielu klient\u00f3w lub na du\u017cych imprezach. Ich zastosowanie mo\u017ce by\u0107 r\u00f3wnie\u017c przechowywanie posi\u0142k\u00f3w do czasu odbioru przez klienta.<\/p>\n<p>Pojemniki na posi\u0142ki Cambro s\u0105 szczeg\u00f3lnie przydatne w przypadku catering\u00f3w, poniewa\u017c pozwalaj\u0105 na bezpieczny transport jedzenia na du\u017ce odleg\u0142o\u015bci i przez d\u0142ugi czas. Dzi\u0119ki nim mo\u017cliwe jest dostarczenie \u015bwie\u017cych i ciep\u0142ych potraw bez obaw o ich jako\u015b\u0107 i zmian\u0119 warunk\u00f3w temperaturowych. Pojemniki z izolacj\u0105 termiczn\u0105 s\u0105 r\u00f3wnie\u017c \u0142atwe w u\u017cytkowaniu i utrzymaniu, a przy tym cechuje je wysoka trwa\u0142o\u015b\u0107 i odporno\u015b\u0107 na uszkodzenia.\u00a0<\/p>\n<p>Lekkie termosy Cambro wykonane s\u0105 z EPP (spienionego polipropylenu), przyjaznego dla \u015brodowiska, naturalnego materia\u0142u piankowego o du\u017cej wydajno\u015bci. Jego cech\u0105 charakterystyczn\u0105 jest jego chemiczna oboj\u0119tno\u015b\u0107-jest oboj\u0119tny na dzia\u0142anie oleju, t\u0142uszczu i wi\u0119kszo\u015bci preparat\u00f3w chemicznych. Nie zawieraj\u0105 freonu.<\/p>\n<p>Wielofunkcyjny termos transportowy EPP4060FADJR \u0142adowany od przodu umo\u017cliwia wszechstronn\u0105 modyfikacj\u0119 poprzez monta\u017c opcjonalnych prowadnic ze stali nierdzewnej do r\u00f3wnoczesnego transportowania skrzynek 60 x 40 cm i tac do pieczenia w r\u00f3\u017cnych kombinacjach.\u00a0Jego konstrukcja obejmuje regulowane prowadnice, dzi\u0119ki kt\u00f3rym operator zyskuje mo\u017cliwo\u015b\u0107 elastycznego dostosowania przestrzeni mi\u0119dzy prowadnicami.<\/p>\n","protected":false},"excerpt":{"rendered":"<p>Pojemnik termoizolacyjny Cambro GoBox \u0142adowany od przodu, z regulowanymi prowadnicami CAM GOBOX\u00ae \u00a0to profesjonalne transportery dla firm cateringowych, firm i lokali gastronomicznych. Wa\u017cnym elementem tego rodzaju dzia\u0142alno\u015bci jest odpowiednie przechowywanie i transportowanie jedzenia, aby zachowa\u0142o ono \u015bwie\u017co\u015b\u0107 i atrakcyjny wygl\u0105d. W tym celu z pomoc\u0105 przychodz\u0105 pojemniki termoizolacyjne, kt\u00f3re idealnie sprawdzaj\u0105 si\u0119 przy transporcie do [&hellip;]<\/p>\n","protected":false},"featured_media":26216,"template":"","meta":{"_et_pb_use_builder":"","_et_pb_old_content":"","_et_gb_content_width":""},"pwb-brand":[733],"product_brand":[],"product_cat":[86],"product_tag":[],"class_list":{"0":"post-25335","1":"product","2":"type-product","3":"status-publish","4":"has-post-thumbnail","6":"pwb-brand-cambro","7":"product_cat-pojemniki-termoizolacyjne-pojemniki-termoizolacyjne","9":"first","10":"instock","11":"taxable","12":"shipping-taxable","13":"purchasable","14":"product-type-simple"},"brands":[{"id":733,"name":"Cambro","slug":"cambro"}],"_links":{"self":[{"href":"https:\/\/www.multifrigo.pl\/sklep\/wp-json\/wp\/v2\/product\/25335","targetHints":{"allow":["GET"]}}],"collection":[{"href":"https:\/\/www.multifrigo.pl\/sklep\/wp-json\/wp\/v2\/product"}],"about":[{"href":"https:\/\/www.multifrigo.pl\/sklep\/wp-json\/wp\/v2\/types\/product"}],"wp:featuredmedia":[{"embeddable":true,"href":"https:\/\/www.multifrigo.pl\/sklep\/wp-json\/wp\/v2\/media\/26216"}],"wp:attachment":[{"href":"https:\/\/www.multifrigo.pl\/sklep\/wp-json\/wp\/v2\/media?parent=25335"}],"wp:term":[{"taxonomy":"pwb-brand","embeddable":true,"href":"https:\/\/www.multifrigo.pl\/sklep\/wp-json\/wp\/v2\/pwb-brand?post=25335"},{"taxonomy":"product_brand","embeddable":true,"href":"https:\/\/www.multifrigo.pl\/sklep\/wp-json\/wp\/v2\/product_brand?post=25335"},{"taxonomy":"product_cat","embeddable":true,"href":"https:\/\/www.multifrigo.pl\/sklep\/wp-json\/wp\/v2\/product_cat?post=25335"},{"taxonomy":"product_tag","embeddable":true,"href":"https:\/\/www.multifrigo.pl\/sklep\/wp-json\/wp\/v2\/product_tag?post=25335"}],"curies":[{"name":"wp","href":"https:\/\/api.w.org\/{rel}","templated":true}]}}