{"id":25337,"date":"2024-07-23T13:50:03","date_gmt":"2024-07-23T13:50:03","guid":{"rendered":"https:\/\/multifrigo.pl\/sklep\/produkt\/pojemnik-termoizolacyjny-ultra-camcarrier-ladowany-od-przodu-4-x-gn-1-1-czarny-cambro-upc400110\/"},"modified":"2024-07-29T11:42:05","modified_gmt":"2024-07-29T11:42:05","slug":"pojemnik-termoizolacyjny-ultra-camcarrier-ladowany-od-przodu-4-x-gn-1-1-czarny-cambro-upc400110","status":"publish","type":"product","link":"https:\/\/www.multifrigo.pl\/sklep\/produkt\/pojemnik-termoizolacyjny-ultra-camcarrier-ladowany-od-przodu-4-x-gn-1-1-czarny-cambro-upc400110\/","title":{"rendered":"Pojemnik termoizolacyjny Ultra Camcarrier \u0142adowany od przodu, 4 x GN 1\/1, czarny | Cambro  UPC400110"},"content":{"rendered":"<p><b>Pojemnik termoizolacyjny Ultra Camcarrier \u0142adowany od przodu, 4 x GN 1\/1, czarny<\/b><\/p>\n<p>Pojemnik termoizolacyjny \u0142adowany od przodu Ultra Pan Carrier\u00ae GN 1\/1 marki Cambro to niezb\u0119dny element wyposa\u017cenia cateringowego. Pozwala na transport gor\u0105cej lub zimnej \u017cywo\u015bci przy zachowaniu po\u017c\u0105danej temperatury. Przeznaczony do transportu wielu pojemnik\u00f3w z \u017cywno\u015bci\u0105. Izolowany transporter daje mo\u017cliwo\u015b\u0107 stosowania dodatkowych wk\u0142ad\u00f3w ch\u0142odz\u0105cych Camcholler i grzewczych Camwarmer.<\/p>\n","protected":false},"excerpt":{"rendered":"<p>Pojemnik termoizolacyjny Ultra Camcarrier \u0142adowany od przodu, 4 x GN 1\/1, czarny Pojemnik termoizolacyjny \u0142adowany od przodu Ultra Pan Carrier\u00ae GN 1\/1 marki Cambro to niezb\u0119dny element wyposa\u017cenia cateringowego. Pozwala na transport gor\u0105cej lub zimnej \u017cywo\u015bci przy zachowaniu po\u017c\u0105danej temperatury. Przeznaczony do transportu wielu pojemnik\u00f3w z \u017cywno\u015bci\u0105. Izolowany transporter daje mo\u017cliwo\u015b\u0107 stosowania dodatkowych wk\u0142ad\u00f3w ch\u0142odz\u0105cych [&hellip;]<\/p>\n","protected":false},"featured_media":26146,"template":"","meta":{"_et_pb_use_builder":"","_et_pb_old_content":"","_et_gb_content_width":""},"pwb-brand":[733],"product_brand":[],"product_cat":[86],"product_tag":[],"class_list":{"0":"post-25337","1":"product","2":"type-product","3":"status-publish","4":"has-post-thumbnail","6":"pwb-brand-cambro","7":"product_cat-pojemniki-termoizolacyjne-pojemniki-termoizolacyjne","9":"first","10":"instock","11":"taxable","12":"shipping-taxable","13":"purchasable","14":"product-type-simple"},"brands":[{"id":733,"name":"Cambro","slug":"cambro"}],"_links":{"self":[{"href":"https:\/\/www.multifrigo.pl\/sklep\/wp-json\/wp\/v2\/product\/25337","targetHints":{"allow":["GET"]}}],"collection":[{"href":"https:\/\/www.multifrigo.pl\/sklep\/wp-json\/wp\/v2\/product"}],"about":[{"href":"https:\/\/www.multifrigo.pl\/sklep\/wp-json\/wp\/v2\/types\/product"}],"wp:featuredmedia":[{"embeddable":true,"href":"https:\/\/www.multifrigo.pl\/sklep\/wp-json\/wp\/v2\/media\/26146"}],"wp:attachment":[{"href":"https:\/\/www.multifrigo.pl\/sklep\/wp-json\/wp\/v2\/media?parent=25337"}],"wp:term":[{"taxonomy":"pwb-brand","embeddable":true,"href":"https:\/\/www.multifrigo.pl\/sklep\/wp-json\/wp\/v2\/pwb-brand?post=25337"},{"taxonomy":"product_brand","embeddable":true,"href":"https:\/\/www.multifrigo.pl\/sklep\/wp-json\/wp\/v2\/product_brand?post=25337"},{"taxonomy":"product_cat","embeddable":true,"href":"https:\/\/www.multifrigo.pl\/sklep\/wp-json\/wp\/v2\/product_cat?post=25337"},{"taxonomy":"product_tag","embeddable":true,"href":"https:\/\/www.multifrigo.pl\/sklep\/wp-json\/wp\/v2\/product_tag?post=25337"}],"curies":[{"name":"wp","href":"https:\/\/api.w.org\/{rel}","templated":true}]}}