{"id":25357,"date":"2024-07-23T13:50:09","date_gmt":"2024-07-23T13:50:09","guid":{"rendered":"https:\/\/multifrigo.pl\/sklep\/produkt\/termos-na-plyny-ultra-camtainer-199-l-czarny-cambro-uc500110\/"},"modified":"2024-07-24T12:45:45","modified_gmt":"2024-07-24T12:45:45","slug":"termos-na-plyny-ultra-camtainer-199-l-czarny-cambro-uc500110","status":"publish","type":"product","link":"https:\/\/www.multifrigo.pl\/sklep\/produkt\/termos-na-plyny-ultra-camtainer-199-l-czarny-cambro-uc500110\/","title":{"rendered":"Termos na p\u0142yny Ultra Camtainer 19,9 l, czarny | Cambro  UC500110"},"content":{"rendered":"<p><b>Termos na p\u0142yny Ultra Camtainer 19,9 l, czarny<\/b><\/p>\n<p>Termosy cateringowe Ultra Camtainers na p\u0142yny przeznaczone s\u0105 do transportu, przechowywania i podawania bardzo gor\u0105cych, jak i zimnych napoj\u00f3w takich jak: kawa, herbata, soki, woda. Idealnie sprawdz\u0105 si\u0119 w firmach cateringowych podczas wszelkich plenerowych event\u00f3w na \u015bwie\u017cym powietrzu. Termosy Cambro s\u0105 niezwykle ekonomicznym rozwi\u0105zaniem-utrzymuj\u0105 temperatur\u0119 p\u0142ynu powy\u017cej 4 godzin. Dodatkow\u0105 zalet\u0105 jest to, \u017ce termosy dzia\u0142aj\u0105 be\u017c u\u017cycia pr\u0105du-dzi\u0119ki nim oszcz\u0119dzisz na rachunkach za energi\u0119.<\/p>\n<p>Zbudowany jest z jednolitego, bezszwowego polietylenu z grub\u0105 izolacj\u0105 z pianki poliuretanowej. Obudowy termos\u00f3w s\u0105 bardzo wytrzyma\u0142e- wykonane s\u0105 z tworzywa odpornego na temperatur\u0119 od -30 do + 100\u00b0C, na rdz\u0119 oraz uderzenia. Szerokie nylonowe klamry szczelnie przytrzymuj\u0105 pokryw\u0119, ich konstrukcja pozwala na otwarcie pojemnika przy u\u017cycia jednej r\u0119ki. Co to dla Ciebie oznacza? Mo\u017cna szybko i wygodnie uzupe\u0142ni\u0107 brakuj\u0105cy p\u0142yn. Pokrywy i komory termos\u00f3w s\u0105 szczelne, po myciu i p\u0142ukaniu nie wch\u0142aniaj\u0105 wilgoci i s\u0105 wyposa\u017cone w uszczelk\u0119 silikonow\u0105 oraz odpowietrznik wyr\u00f3wnuj\u0105cy ci\u015bnienie wewn\u0105trz termosu. Wp\u0142ywa to na bezpiecze\u0144stwo u\u017cytkowania osoby uzupe\u0142niaj\u0105cej pojemnik Camtainer poniewa\u017c podczas otwierania termosu ci\u015bnienie wewn\u0105trz jest wyregulowane i nic gor\u0105cego nie pry\u015bnie z jego wn\u0119trza.<\/p>\n<p>Konstrukcja termos\u00f3w umo\u017cliwia ustawianie ich jeden na drugim, dzi\u0119ki czemu mo\u017cna zaoszcz\u0119dzi\u0107 sporo miejsca podczas przechowywania lub transportu. Na spodzie termosu znajduj\u0105 si\u0119 n\u00f3\u017cki zabezpieczaj\u0105ce termos podczas przesuwania, mo\u017cesz wi\u0119c mie\u0107 pewno\u015b\u0107, \u017ce b\u0119d\u0105 sta\u0142y stabilne i nic si\u0119 nie przewr\u00f3ci. Temperatura p\u0142yn\u00f3w wlewanych do termos\u00f3w nie powinna przekracza\u0107 +85\u00b0C. Wbudowane uchwyty E-Z Grip pozwalaj\u0105 na  wygodny i bezpieczny transport.<\/p>\n<p>Kran umieszczony jest we wn\u0119ce, dzi\u0119ki czemu wyeliminowane jest przypadkowe wyrwanie kranu. Wn\u0119ka mie\u015bci nawet du\u017ce kubki. Dozownik umo\u017cliwia r\u00f3wnomierne nalewanie, posiada funkcj\u0119 eliminuj\u0105c\u0105 kapanie. Kranik mo\u017cna ustawi\u0107 w dw\u00f3ch r\u00f3\u017cnych pozycjach: jedna do nalewania ci\u0105g\u0142ego, druga do nalewania do indywidualnych naczy\u0144.<\/p>\n","protected":false},"excerpt":{"rendered":"<p>Termos na p\u0142yny Ultra Camtainer 19,9 l, czarny Termosy cateringowe Ultra Camtainers na p\u0142yny przeznaczone s\u0105 do transportu, przechowywania i podawania bardzo gor\u0105cych, jak i zimnych napoj\u00f3w takich jak: kawa, herbata, soki, woda. Idealnie sprawdz\u0105 si\u0119 w firmach cateringowych podczas wszelkich plenerowych event\u00f3w na \u015bwie\u017cym powietrzu. Termosy Cambro s\u0105 niezwykle ekonomicznym rozwi\u0105zaniem-utrzymuj\u0105 temperatur\u0119 p\u0142ynu powy\u017cej [&hellip;]<\/p>\n","protected":false},"featured_media":25560,"template":"","meta":{"_et_pb_use_builder":"","_et_pb_old_content":"","_et_gb_content_width":""},"pwb-brand":[733],"product_brand":[],"product_cat":[82],"product_tag":[],"class_list":{"0":"post-25357","1":"product","2":"type-product","3":"status-publish","4":"has-post-thumbnail","6":"pwb-brand-cambro","7":"product_cat-termosy-transportowe","9":"first","10":"instock","11":"taxable","12":"shipping-taxable","13":"purchasable","14":"product-type-simple"},"brands":[{"id":733,"name":"Cambro","slug":"cambro"}],"_links":{"self":[{"href":"https:\/\/www.multifrigo.pl\/sklep\/wp-json\/wp\/v2\/product\/25357","targetHints":{"allow":["GET"]}}],"collection":[{"href":"https:\/\/www.multifrigo.pl\/sklep\/wp-json\/wp\/v2\/product"}],"about":[{"href":"https:\/\/www.multifrigo.pl\/sklep\/wp-json\/wp\/v2\/types\/product"}],"wp:featuredmedia":[{"embeddable":true,"href":"https:\/\/www.multifrigo.pl\/sklep\/wp-json\/wp\/v2\/media\/25560"}],"wp:attachment":[{"href":"https:\/\/www.multifrigo.pl\/sklep\/wp-json\/wp\/v2\/media?parent=25357"}],"wp:term":[{"taxonomy":"pwb-brand","embeddable":true,"href":"https:\/\/www.multifrigo.pl\/sklep\/wp-json\/wp\/v2\/pwb-brand?post=25357"},{"taxonomy":"product_brand","embeddable":true,"href":"https:\/\/www.multifrigo.pl\/sklep\/wp-json\/wp\/v2\/product_brand?post=25357"},{"taxonomy":"product_cat","embeddable":true,"href":"https:\/\/www.multifrigo.pl\/sklep\/wp-json\/wp\/v2\/product_cat?post=25357"},{"taxonomy":"product_tag","embeddable":true,"href":"https:\/\/www.multifrigo.pl\/sklep\/wp-json\/wp\/v2\/product_tag?post=25357"}],"curies":[{"name":"wp","href":"https:\/\/api.w.org\/{rel}","templated":true}]}}