{"id":25361,"date":"2024-07-23T13:50:10","date_gmt":"2024-07-23T13:50:10","guid":{"rendered":"https:\/\/multifrigo.pl\/sklep\/produkt\/torba-dostawcza-cambro-gobag-srednia-skladana-czarna-cambro-gbd121515110\/"},"modified":"2024-07-24T08:53:29","modified_gmt":"2024-07-24T08:53:29","slug":"torba-dostawcza-cambro-gobag-srednia-skladana-czarna-cambro-gbd121515110","status":"publish","type":"product","link":"https:\/\/www.multifrigo.pl\/sklep\/produkt\/torba-dostawcza-cambro-gobag-srednia-skladana-czarna-cambro-gbd121515110\/","title":{"rendered":"Torba dostawcza Cambro GoBag, \u015brednia sk\u0142adana, czarna | Cambro  GBD121515110"},"content":{"rendered":"<p><b>Torba dostawcza Cambro GoBag, \u015brednia sk\u0142adana, czarna<\/b><\/p>\n<p>Torba GoBag zapewnia bezpieczn\u0105 i smaczn\u0105 dostaw\u0119 jedzenia, dost\u0119pnej w idealnym dopasowaniu do ka\u017cdego posi\u0142ku! Idealne rozwi\u0105zanie w ka\u017cdej restauracji czy firmie cateringowej, kt\u00f3re dostarczaj\u0105 \u00a0potrawy bezpo\u015brednio do klienta. Mo\u017cna w nich transportowa\u0107 \u00a0styropianowe pojemniki, zgrzewane pude\u0142ka czy miseczki z zup\u0105. Te bezkonkurencyjne torby cateringowe s\u0105 lekkie i \u0142atwe do przechowywania i transportu. Oferuj\u0105 izolacj\u0119 o wysokiej g\u0119sto\u015bci, aby chroni\u0107 temperatur\u0119 i jako\u015b\u0107 \u017cywno\u015bci w ka\u017cdych warunkach atmosferycznych. Torba zbudowana jest z wytrzyma\u0142ych, wszytych pask\u00f3w, posiada r\u00f3wnie\u017c du\u017c\u0105, dobrze widoczn\u0105 i \u0142atwo dost\u0119pn\u0105 przezroczyst\u0105 kiesze\u0144 na rachunek. To rozwi\u0105zanie zosta\u0142o zaprojektowane z my\u015bl\u0105 o oszcz\u0119dno\u015bci czasu- pracownik dostarczaj\u0105cy jedzenie nie ma w\u0105tpliwo\u015bci, kt\u00f3ra torba ma trafi\u0107 do docelowej lokalizacji.<\/p>\n<p>Torba wykonana jest z grubego materia\u0142u nylonowego o g\u0119stej izolacji aby zapewni\u0107 d\u0142ugie utrzymywanie temperatury, zar\u00f3wno niskiej, jak i wysokiej. Materia\u0142 ma w\u0142a\u015bciwo\u015bci oddychaj\u0105ce, dzi\u0119ki czemu mo\u017cliwa jest kontrola wilgoci wewn\u0105trz torby. Dodatkowo jest odporny na zabrudzenia i bardzo wytrzyma\u0142y a wi\u0119c b\u0119dzie s\u0142u\u017cy\u0142 przez d\u0142ugi czas. Materia\u0142em wn\u0119trza jest zmywalny winyl z polichlorku winylu (PVC), dzi\u0119ki czemu czyszczenie pojemnika w \u015brodku jest \u0142atwe i szybkie. Torba u g\u00f3ry posiada klap\u0119, kt\u00f3ra zapewnia szczelno\u015b\u0107 podczas transportu ale te\u017c \u0142atwy i wygodny dost\u0119p zar\u00f3wno podczas pakowania, jak i wypakowywania posi\u0142k\u00f3w. Kszta\u0142t torby jest przemy\u015blany i kompaktowy. Gdy torba nie jest w u\u017cyciu, mo\u017cna j\u0105 \u0142atwo z\u0142o\u017cy\u0107 aby zajmowa\u0142a ma\u0142o miejsca. Co to dla Ciebie oznacza? Oszcz\u0119dno\u015b\u0107 miejsca i komfort przechowywania.<\/p>\n<p>Torby termoizolacyjne dost\u0119pne s\u0105 w 9 rozmiarach, aby pomie\u015bci\u0107 ka\u017cde zam\u00f3wienie.<\/p>\n<p>Cambro GoBags\u00ae pomaga zachowa\u0107 najwy\u017csz\u0105 jako\u015b\u0107 ulubionych produkt\u00f3w. Twoja receptura, jako\u015b\u0107 i marka dotr\u0105 do klient\u00f3w bez najmniejszego uszczerbku. 35 lat do\u015bwiadczenia w projektowaniu produkt\u00f3w o najwy\u017cszej jako\u015bci i niezwyk\u0142ej wydajno\u015bci. Wysokiej jako\u015bci materia\u0142y i\u00a0wytrzyma\u0142a konstrukcja graj\u0105 kluczow\u0105 rol\u0119 w utrzymywaniu walor\u00f3w i temperatury posi\u0142ku od czasu jego przygotowania do dostarczenia klientowi. Cambro GoBags\u00ae powsta\u0142y w oparciu o ten sam projekt co oryginalne izolowane torby do transportu pizzy, wynalezione w\u00a01983 roku przez Ingrid Kosar, za\u0142o\u017cycielk\u0119 Thermal Bags by Ingrid.<\/p>\n","protected":false},"excerpt":{"rendered":"<p>Torba dostawcza Cambro GoBag, \u015brednia sk\u0142adana, czarna Torba GoBag zapewnia bezpieczn\u0105 i smaczn\u0105 dostaw\u0119 jedzenia, dost\u0119pnej w idealnym dopasowaniu do ka\u017cdego posi\u0142ku! Idealne rozwi\u0105zanie w ka\u017cdej restauracji czy firmie cateringowej, kt\u00f3re dostarczaj\u0105 \u00a0potrawy bezpo\u015brednio do klienta. Mo\u017cna w nich transportowa\u0107 \u00a0styropianowe pojemniki, zgrzewane pude\u0142ka czy miseczki z zup\u0105. Te bezkonkurencyjne torby cateringowe s\u0105 lekkie i [&hellip;]<\/p>\n","protected":false},"featured_media":25576,"template":"","meta":{"_et_pb_use_builder":"","_et_pb_old_content":"","_et_gb_content_width":""},"pwb-brand":[733],"product_brand":[],"product_cat":[728],"product_tag":[],"class_list":{"0":"post-25361","1":"product","2":"type-product","3":"status-publish","4":"has-post-thumbnail","6":"pwb-brand-cambro","7":"product_cat-torby-termiczne","9":"first","10":"instock","11":"taxable","12":"shipping-taxable","13":"purchasable","14":"product-type-simple"},"brands":[{"id":733,"name":"Cambro","slug":"cambro"}],"_links":{"self":[{"href":"https:\/\/www.multifrigo.pl\/sklep\/wp-json\/wp\/v2\/product\/25361","targetHints":{"allow":["GET"]}}],"collection":[{"href":"https:\/\/www.multifrigo.pl\/sklep\/wp-json\/wp\/v2\/product"}],"about":[{"href":"https:\/\/www.multifrigo.pl\/sklep\/wp-json\/wp\/v2\/types\/product"}],"wp:featuredmedia":[{"embeddable":true,"href":"https:\/\/www.multifrigo.pl\/sklep\/wp-json\/wp\/v2\/media\/25576"}],"wp:attachment":[{"href":"https:\/\/www.multifrigo.pl\/sklep\/wp-json\/wp\/v2\/media?parent=25361"}],"wp:term":[{"taxonomy":"pwb-brand","embeddable":true,"href":"https:\/\/www.multifrigo.pl\/sklep\/wp-json\/wp\/v2\/pwb-brand?post=25361"},{"taxonomy":"product_brand","embeddable":true,"href":"https:\/\/www.multifrigo.pl\/sklep\/wp-json\/wp\/v2\/product_brand?post=25361"},{"taxonomy":"product_cat","embeddable":true,"href":"https:\/\/www.multifrigo.pl\/sklep\/wp-json\/wp\/v2\/product_cat?post=25361"},{"taxonomy":"product_tag","embeddable":true,"href":"https:\/\/www.multifrigo.pl\/sklep\/wp-json\/wp\/v2\/product_tag?post=25361"}],"curies":[{"name":"wp","href":"https:\/\/api.w.org\/{rel}","templated":true}]}}