{"id":25365,"date":"2024-07-23T13:50:11","date_gmt":"2024-07-23T13:50:11","guid":{"rendered":"https:\/\/multifrigo.pl\/sklep\/produkt\/wozek-camdolly-do-pojemnika-termoizolacyjnego-cambro-upc400-cambro-cd400110\/"},"modified":"2024-07-24T08:55:55","modified_gmt":"2024-07-24T08:55:55","slug":"wozek-camdolly-do-pojemnika-termoizolacyjnego-cambro-upc400-cambro-cd400110","status":"publish","type":"product","link":"https:\/\/www.multifrigo.pl\/sklep\/produkt\/wozek-camdolly-do-pojemnika-termoizolacyjnego-cambro-upc400-cambro-cd400110\/","title":{"rendered":"W\u00f3zek CAMDOLLY do pojemnika termoizolacyjnego Cambro UPC400 | Cambro  CD400110"},"content":{"rendered":"<p><b>W\u00f3zek CAMDOLLY do pojemnika termoizolacyjnego Cambro UPC400<\/b><\/p>\n<p>W\u00f3zek Camdolly\u00ae do termosu UPC400 marki Cambro zaprojektowano z my\u015bl\u0105 o wygodnym i bezpiecznym przewo\u017ceniu termosu z \u017cywno\u015bci\u0105. Platforma transportowa jest wykonana z odpornego polipropylenu. Solidny w\u00f3zek wytrzymuje obci\u0105\u017cenie do 159 kg.<\/p>\n","protected":false},"excerpt":{"rendered":"<p>W\u00f3zek CAMDOLLY do pojemnika termoizolacyjnego Cambro UPC400 W\u00f3zek Camdolly\u00ae do termosu UPC400 marki Cambro zaprojektowano z my\u015bl\u0105 o wygodnym i bezpiecznym przewo\u017ceniu termosu z \u017cywno\u015bci\u0105. Platforma transportowa jest wykonana z odpornego polipropylenu. Solidny w\u00f3zek wytrzymuje obci\u0105\u017cenie do 159 kg.<\/p>\n","protected":false},"featured_media":25589,"template":"","meta":{"_et_pb_use_builder":"","_et_pb_old_content":"","_et_gb_content_width":""},"pwb-brand":[733],"product_brand":[],"product_cat":[630],"product_tag":[],"class_list":{"0":"post-25365","1":"product","2":"type-product","3":"status-publish","4":"has-post-thumbnail","6":"pwb-brand-cambro","7":"product_cat-pozostale-wozki","9":"first","10":"instock","11":"taxable","12":"shipping-taxable","13":"purchasable","14":"product-type-simple"},"brands":[{"id":733,"name":"Cambro","slug":"cambro"}],"_links":{"self":[{"href":"https:\/\/www.multifrigo.pl\/sklep\/wp-json\/wp\/v2\/product\/25365","targetHints":{"allow":["GET"]}}],"collection":[{"href":"https:\/\/www.multifrigo.pl\/sklep\/wp-json\/wp\/v2\/product"}],"about":[{"href":"https:\/\/www.multifrigo.pl\/sklep\/wp-json\/wp\/v2\/types\/product"}],"wp:featuredmedia":[{"embeddable":true,"href":"https:\/\/www.multifrigo.pl\/sklep\/wp-json\/wp\/v2\/media\/25589"}],"wp:attachment":[{"href":"https:\/\/www.multifrigo.pl\/sklep\/wp-json\/wp\/v2\/media?parent=25365"}],"wp:term":[{"taxonomy":"pwb-brand","embeddable":true,"href":"https:\/\/www.multifrigo.pl\/sklep\/wp-json\/wp\/v2\/pwb-brand?post=25365"},{"taxonomy":"product_brand","embeddable":true,"href":"https:\/\/www.multifrigo.pl\/sklep\/wp-json\/wp\/v2\/product_brand?post=25365"},{"taxonomy":"product_cat","embeddable":true,"href":"https:\/\/www.multifrigo.pl\/sklep\/wp-json\/wp\/v2\/product_cat?post=25365"},{"taxonomy":"product_tag","embeddable":true,"href":"https:\/\/www.multifrigo.pl\/sklep\/wp-json\/wp\/v2\/product_tag?post=25365"}],"curies":[{"name":"wp","href":"https:\/\/api.w.org\/{rel}","templated":true}]}}