{"id":25372,"date":"2024-07-23T13:50:14","date_gmt":"2024-07-23T13:50:14","guid":{"rendered":"https:\/\/multifrigo.pl\/sklep\/produkt\/wozek-camdolly-do-pojemnikow-termoizolacyjnych-cambro-gobox-epp-gn-1-1-cambro-cd3253epp158\/"},"modified":"2024-07-24T08:58:39","modified_gmt":"2024-07-24T08:58:39","slug":"wozek-camdolly-do-pojemnikow-termoizolacyjnych-cambro-gobox-epp-gn-1-1-cambro-cd3253epp158","status":"publish","type":"product","link":"https:\/\/www.multifrigo.pl\/sklep\/produkt\/wozek-camdolly-do-pojemnikow-termoizolacyjnych-cambro-gobox-epp-gn-1-1-cambro-cd3253epp158\/","title":{"rendered":"W\u00f3zek CAMDOLLY do pojemnik\u00f3w termoizolacyjnych Cambro GoBox EPP GN 1\/1  | Cambro  CD3253EPP158"},"content":{"rendered":"<p><b>W\u00f3zek CAMDOLLY do pojemnik\u00f3w termoizolacyjnych Cambro GoBox EPP GN 1\/1 <\/b><\/p>\n<p>CAMDOLLY w\u00f3zek do pojemnik\u00f3w termoizolacyjnych GN 1\/1 Cambro GoBox<\/p>\n<p>W\u00f3zek CD3253EPP\/158 s\u0142u\u017cy do wygodnego i bezpiecznego przewo\u017cenia wielu pojemnik\u00f3w GoBox z lokalu do samochodu lub odwrotnie. Camdolly to niezawodne u\u0142atwienie pracy w bran\u017cy cateringowej i gastronomicznej. W w\u00f3zku mieszcz\u0105 si\u0119 pojemniki GoBox o wymiarze GN 1\/1. W\u00f3zek posiada 4 obrotowe k\u00f3\u0142ka. Dwa z nich wyposa\u017cone s\u0105 w hamulec aby zabezpieczy\u0107 w\u00f3zek.<\/p>\n<p>W\u00f3zek Camdolly znacznie usprawnia i przy\u015bpiesza proces transportu \u017cywno\u015bci, jednocze\u015bnie zapewnia bezpiecze\u0144stwo pracownika. D\u017awiganie i przenoszenie ci\u0119\u017ckich pojemnik\u00f3w jest ograniczone do minimum, redukuje si\u0119 wi\u0119c ryzyko wypadku\u00a0podczas pracy pracownika.<\/p>\n","protected":false},"excerpt":{"rendered":"<p>W\u00f3zek CAMDOLLY do pojemnik\u00f3w termoizolacyjnych Cambro GoBox EPP GN 1\/1 CAMDOLLY w\u00f3zek do pojemnik\u00f3w termoizolacyjnych GN 1\/1 Cambro GoBox W\u00f3zek CD3253EPP\/158 s\u0142u\u017cy do wygodnego i bezpiecznego przewo\u017cenia wielu pojemnik\u00f3w GoBox z lokalu do samochodu lub odwrotnie. Camdolly to niezawodne u\u0142atwienie pracy w bran\u017cy cateringowej i gastronomicznej. W w\u00f3zku mieszcz\u0105 si\u0119 pojemniki GoBox o wymiarze GN [&hellip;]<\/p>\n","protected":false},"featured_media":25602,"template":"","meta":{"_et_pb_use_builder":"","_et_pb_old_content":"","_et_gb_content_width":""},"pwb-brand":[733],"product_brand":[],"product_cat":[630],"product_tag":[],"class_list":{"0":"post-25372","1":"product","2":"type-product","3":"status-publish","4":"has-post-thumbnail","6":"pwb-brand-cambro","7":"product_cat-pozostale-wozki","9":"first","10":"instock","11":"taxable","12":"shipping-taxable","13":"purchasable","14":"product-type-simple"},"brands":[{"id":733,"name":"Cambro","slug":"cambro"}],"_links":{"self":[{"href":"https:\/\/www.multifrigo.pl\/sklep\/wp-json\/wp\/v2\/product\/25372","targetHints":{"allow":["GET"]}}],"collection":[{"href":"https:\/\/www.multifrigo.pl\/sklep\/wp-json\/wp\/v2\/product"}],"about":[{"href":"https:\/\/www.multifrigo.pl\/sklep\/wp-json\/wp\/v2\/types\/product"}],"wp:featuredmedia":[{"embeddable":true,"href":"https:\/\/www.multifrigo.pl\/sklep\/wp-json\/wp\/v2\/media\/25602"}],"wp:attachment":[{"href":"https:\/\/www.multifrigo.pl\/sklep\/wp-json\/wp\/v2\/media?parent=25372"}],"wp:term":[{"taxonomy":"pwb-brand","embeddable":true,"href":"https:\/\/www.multifrigo.pl\/sklep\/wp-json\/wp\/v2\/pwb-brand?post=25372"},{"taxonomy":"product_brand","embeddable":true,"href":"https:\/\/www.multifrigo.pl\/sklep\/wp-json\/wp\/v2\/product_brand?post=25372"},{"taxonomy":"product_cat","embeddable":true,"href":"https:\/\/www.multifrigo.pl\/sklep\/wp-json\/wp\/v2\/product_cat?post=25372"},{"taxonomy":"product_tag","embeddable":true,"href":"https:\/\/www.multifrigo.pl\/sklep\/wp-json\/wp\/v2\/product_tag?post=25372"}],"curies":[{"name":"wp","href":"https:\/\/api.w.org\/{rel}","templated":true}]}}