{"id":25381,"date":"2024-07-23T13:50:17","date_gmt":"2024-07-23T13:50:17","guid":{"rendered":"https:\/\/multifrigo.pl\/sklep\/produkt\/pojemnik-magazynowy-z-poliweglanu-229x229x18-cm-57-l-przezroczysty-cambro-6sfsprocw135\/"},"modified":"2024-07-24T09:06:56","modified_gmt":"2024-07-24T09:06:56","slug":"pojemnik-magazynowy-z-poliweglanu-229x229x18-cm-57-l-przezroczysty-cambro-6sfsprocw135","status":"publish","type":"product","link":"https:\/\/www.multifrigo.pl\/sklep\/produkt\/pojemnik-magazynowy-z-poliweglanu-229x229x18-cm-57-l-przezroczysty-cambro-6sfsprocw135\/","title":{"rendered":"Pojemnik magazynowy z poliw\u0119glanu 22,9&#215;22,9&#215;18 cm, 5,7 l, przezroczysty  | Cambro  6SFSPROCW135"},"content":{"rendered":"<p><b>Pojemnik magazynowy z poliw\u0119glanu 22,9&#215;22,9&#215;18 cm, 5,7 l, przezroczysty <\/b><\/p>\n<p>Zrewolucjonizuj swoj\u0105 kuchni\u0119 dzi\u0119ki nowym pojemnikom na \u017cywno\u015b\u0107 z serii CamSquares\u00ae FreshPro, wykonanym z wytrzyma\u0142ego materia\u0142u Camwear\u00ae. Ka\u017cdy rozmiar posiada wbudowane, wci\u0119te uchwyty, dzi\u0119ki czemu pojemniki zajmuj\u0105 mniej miejsca ni\u017c tradycyjne opcje przechowywania. Zaokr\u0105glone naro\u017cniki FreshPro i faktura na powierzchni umo\u017cliwiaj\u0105 bezpieczne nalewanie ze wszystkich stron oraz \u0142atwiejsze przenoszenie. System kodowania kolorami z odpowiadaj\u0105cymi pokrywkami, drena\u017cem i czytelnymi podzia\u0142kami zapewnia szybki przegl\u0105d zapas\u00f3w i u\u0142atwia u\u017cytkowanie, co jest niezb\u0119dne w szybko dzia\u0142aj\u0105cych kuchniach. Wygodna pokrywa Easy Seal dok\u0142adnie przylega i chroni zawarto\u015b\u0107 przed krzy\u017cowym zanieczyszczeniem, jednocze\u015bnie przed\u0142u\u017caj\u0105c trwa\u0142o\u015b\u0107 sk\u0142adnik\u00f3w. Opcjonalne p\u00f3\u0142ki drena\u017cowe pomagaj\u0105 utrzyma\u0107 \u015bwie\u017co\u015b\u0107 sk\u0142adnik\u00f3w, unikaj\u0105c kontaktu z sokami. Przenie\u015b przygotowywanie i przechowywanie \u017cywno\u015bci na wy\u017cszy poziom dzi\u0119ki wydajnej serii FreshPro od CamSquares!<\/p>\n<p>Zaokr\u0105glone naro\u017cniki umo\u017cliwiaj\u0105 bezpieczne nalewanie ze wszystkich stron. Pojemnik jest odporny na plamy, kwasy i zapachy. Mo\u017cliwo\u015b\u0107 mycia w zmywarce.<\/p>\n","protected":false},"excerpt":{"rendered":"<p>Pojemnik magazynowy z poliw\u0119glanu 22,9&#215;22,9&#215;18 cm, 5,7 l, przezroczysty Zrewolucjonizuj swoj\u0105 kuchni\u0119 dzi\u0119ki nowym pojemnikom na \u017cywno\u015b\u0107 z serii CamSquares\u00ae FreshPro, wykonanym z wytrzyma\u0142ego materia\u0142u Camwear\u00ae. Ka\u017cdy rozmiar posiada wbudowane, wci\u0119te uchwyty, dzi\u0119ki czemu pojemniki zajmuj\u0105 mniej miejsca ni\u017c tradycyjne opcje przechowywania. Zaokr\u0105glone naro\u017cniki FreshPro i faktura na powierzchni umo\u017cliwiaj\u0105 bezpieczne nalewanie ze wszystkich stron [&hellip;]<\/p>\n","protected":false},"featured_media":25647,"template":"","meta":{"_et_pb_use_builder":"","_et_pb_old_content":"","_et_gb_content_width":""},"pwb-brand":[733],"product_brand":[],"product_cat":[91],"product_tag":[],"class_list":{"0":"post-25381","1":"product","2":"type-product","3":"status-publish","4":"has-post-thumbnail","6":"pwb-brand-cambro","7":"product_cat-pojemniki-do-zywnosci","9":"first","10":"instock","11":"taxable","12":"shipping-taxable","13":"purchasable","14":"product-type-simple"},"brands":[{"id":733,"name":"Cambro","slug":"cambro"}],"_links":{"self":[{"href":"https:\/\/www.multifrigo.pl\/sklep\/wp-json\/wp\/v2\/product\/25381","targetHints":{"allow":["GET"]}}],"collection":[{"href":"https:\/\/www.multifrigo.pl\/sklep\/wp-json\/wp\/v2\/product"}],"about":[{"href":"https:\/\/www.multifrigo.pl\/sklep\/wp-json\/wp\/v2\/types\/product"}],"wp:featuredmedia":[{"embeddable":true,"href":"https:\/\/www.multifrigo.pl\/sklep\/wp-json\/wp\/v2\/media\/25647"}],"wp:attachment":[{"href":"https:\/\/www.multifrigo.pl\/sklep\/wp-json\/wp\/v2\/media?parent=25381"}],"wp:term":[{"taxonomy":"pwb-brand","embeddable":true,"href":"https:\/\/www.multifrigo.pl\/sklep\/wp-json\/wp\/v2\/pwb-brand?post=25381"},{"taxonomy":"product_brand","embeddable":true,"href":"https:\/\/www.multifrigo.pl\/sklep\/wp-json\/wp\/v2\/product_brand?post=25381"},{"taxonomy":"product_cat","embeddable":true,"href":"https:\/\/www.multifrigo.pl\/sklep\/wp-json\/wp\/v2\/product_cat?post=25381"},{"taxonomy":"product_tag","embeddable":true,"href":"https:\/\/www.multifrigo.pl\/sklep\/wp-json\/wp\/v2\/product_tag?post=25381"}],"curies":[{"name":"wp","href":"https:\/\/api.w.org\/{rel}","templated":true}]}}