{"id":25389,"date":"2024-07-23T13:50:19","date_gmt":"2024-07-23T13:50:19","guid":{"rendered":"https:\/\/multifrigo.pl\/sklep\/produkt\/pojemnik-z-poliweglanu-gn-1-1-glebokosc-100-mm-przezroczysty-cambro-14cw135\/"},"modified":"2025-05-22T21:28:31","modified_gmt":"2025-05-22T21:28:31","slug":"pojemnik-z-poliweglanu-gn-1-1-glebokosc-100-mm-przezroczysty-cambro-14cw135","status":"publish","type":"product","link":"https:\/\/www.multifrigo.pl\/sklep\/produkt\/pojemnik-z-poliweglanu-gn-1-1-glebokosc-100-mm-przezroczysty-cambro-14cw135\/","title":{"rendered":"Pojemnik z poliw\u0119glanu GN 1\/1, g\u0142\u0119boko\u015b\u0107 100 mm, przezroczysty  | Cambro  14CW135"},"content":{"rendered":"<p><b>Pojemnik z poliw\u0119glanu GN 1\/1, g\u0142\u0119boko\u015b\u0107 100 mm, przezroczysty <\/b><\/p>\n<p>Pojemnik GN 1\/1 z serii Camwear ameryka\u0144skiej marki Cambro<\/p>\n<p>Pojemnik GN jest przeznaczony do przechowywania, transportowania i podawania \u017cywno\u015bci. Pojemnik wykonany z poliw\u0119glanu, tworzywa bardzo odpornego na uszkodzenia mechaniczne i wytrzymuj\u0105cego temperatury od -40\u02daC do 99\u02daC. G\u0142adka, zapobiegaj\u0105ca przywieraniu powierzchnia wewn\u0119trzna sprzyja \u0142atwemu zmywaniu. Transparentne pokrywy u\u0142atwiaj\u0105 identyfikacj\u0119 zawarto\u015bci \u2013 patrz pokrywa 30CWL\/135 (do kupienia osobno). Nie reaguj\u0105 z \u017cywno\u015bci\u0105, minimalizuj\u0105c potencjalnie niebezpieczne reakcje chemiczne lub kwasowe. Szorstkie dno zmniejsza ryzyko ewentualnego uszkodzenia pojemnika przez zadrapanie przyrz\u0105dami kuchennymi. Jednolity ko\u0142nierz gwarantuje idealne dopasowanie do sto\u0142\u00f3w przygotowawczych i bar\u00f3w spo\u017cywczych.<\/p>\n","protected":false},"excerpt":{"rendered":"<p>Pojemnik z poliw\u0119glanu GN 1\/1, g\u0142\u0119boko\u015b\u0107 100 mm, przezroczysty Pojemnik GN 1\/1 z serii Camwear ameryka\u0144skiej marki Cambro Pojemnik GN jest przeznaczony do przechowywania, transportowania i podawania \u017cywno\u015bci. Pojemnik wykonany z poliw\u0119glanu, tworzywa bardzo odpornego na uszkodzenia mechaniczne i wytrzymuj\u0105cego temperatury od -40\u02daC do 99\u02daC. G\u0142adka, zapobiegaj\u0105ca przywieraniu powierzchnia wewn\u0119trzna sprzyja \u0142atwemu zmywaniu. Transparentne pokrywy [&hellip;]<\/p>\n","protected":false},"featured_media":25712,"template":"","meta":{"_et_pb_use_builder":"","_et_pb_old_content":"","_et_gb_content_width":""},"pwb-brand":[733],"product_brand":[],"product_cat":[147],"product_tag":[],"class_list":{"0":"post-25389","1":"product","2":"type-product","3":"status-publish","4":"has-post-thumbnail","6":"pwb-brand-cambro","7":"product_cat-pojemniki-gn-z-poliweglanu","9":"first","10":"instock","11":"taxable","12":"shipping-taxable","13":"purchasable","14":"product-type-simple"},"brands":[{"id":733,"name":"Cambro","slug":"cambro"}],"_links":{"self":[{"href":"https:\/\/www.multifrigo.pl\/sklep\/wp-json\/wp\/v2\/product\/25389","targetHints":{"allow":["GET"]}}],"collection":[{"href":"https:\/\/www.multifrigo.pl\/sklep\/wp-json\/wp\/v2\/product"}],"about":[{"href":"https:\/\/www.multifrigo.pl\/sklep\/wp-json\/wp\/v2\/types\/product"}],"wp:featuredmedia":[{"embeddable":true,"href":"https:\/\/www.multifrigo.pl\/sklep\/wp-json\/wp\/v2\/media\/25712"}],"wp:attachment":[{"href":"https:\/\/www.multifrigo.pl\/sklep\/wp-json\/wp\/v2\/media?parent=25389"}],"wp:term":[{"taxonomy":"pwb-brand","embeddable":true,"href":"https:\/\/www.multifrigo.pl\/sklep\/wp-json\/wp\/v2\/pwb-brand?post=25389"},{"taxonomy":"product_brand","embeddable":true,"href":"https:\/\/www.multifrigo.pl\/sklep\/wp-json\/wp\/v2\/product_brand?post=25389"},{"taxonomy":"product_cat","embeddable":true,"href":"https:\/\/www.multifrigo.pl\/sklep\/wp-json\/wp\/v2\/product_cat?post=25389"},{"taxonomy":"product_tag","embeddable":true,"href":"https:\/\/www.multifrigo.pl\/sklep\/wp-json\/wp\/v2\/product_tag?post=25389"}],"curies":[{"name":"wp","href":"https:\/\/api.w.org\/{rel}","templated":true}]}}