{"id":25415,"date":"2024-07-23T13:50:26","date_gmt":"2024-07-23T13:50:26","guid":{"rendered":"https:\/\/multifrigo.pl\/sklep\/produkt\/pokrywa-griplid-z-uszczelka-gn-1-2-przezroczysta-cambro-20cwgl135\/"},"modified":"2024-07-24T09:30:14","modified_gmt":"2024-07-24T09:30:14","slug":"pokrywa-griplid-z-uszczelka-gn-1-2-przezroczysta-cambro-20cwgl135","status":"publish","type":"product","link":"https:\/\/www.multifrigo.pl\/sklep\/produkt\/pokrywa-griplid-z-uszczelka-gn-1-2-przezroczysta-cambro-20cwgl135\/","title":{"rendered":"Pokrywa GripLid z uszczelk\u0105 GN 1\/2, przezroczysta  | Cambro  20CWGL135"},"content":{"rendered":"<p><b>Pokrywa GripLid z uszczelk\u0105 GN 1\/2, przezroczysta <\/b><\/p>\n<p>Pokrywka z uszczelk\u0105 GN 1\/2 z serii Camwear GripLid ameryka\u0144skiej marki Cambro<\/p>\n<p>Szczelna pokrywka jest przeznaczona do zamykania pojemnika o rozmiarze GN 1\/1 s\u0142u\u017c\u0105cego do przechowywania, transportowania i podawania \u017cywno\u015bci. Pokrywy zmniejszaj\u0105 tez ryzyko zanieczyszcze\u0144 krzy\u017cowych. Pokrywka wykonana zosta\u0142a z poliw\u0119glanu, tworzywa bardzo odpornego na uszkodzenia mechaniczne i wytrzymuj\u0105cego temperatury od -40\u02daC do 99\u02daC. G\u0142adka, zapobiegaj\u0105ca przywieraniu powierzchnia wewn\u0119trzna sprzyja \u0142atwemu zmywaniu. Nie reaguj\u0105 z \u017cywno\u015bci\u0105, minimalizuj\u0105c potencjalnie niebezpieczne reakcje chemiczne lub kwasowe.\u00a0 Jednolity ko\u0142nierz gwarantuje idealne dopasowanie do sto\u0142\u00f3w przygotowawczych i bar\u00f3w spo\u017cywczych.<\/p>\n<p>Pokrywa GripLid jest ca\u0142a przezroczysta co u\u0142atwia szybka identyfikacj\u0119 zawarto\u015bci.\u00a0Nadlewana na pokrywce uszczelka poliuretanowa \u015bciska boki pojemnika, eliminuj\u0105c rozlewanie i\u00a0wzajemne zanieczyszczenia potraw. Idealnie nadaje si\u0119 do pojemnik\u00f3w z p\u0142ynnym jedzeniem-zupami, sosami itp.<\/p>\n","protected":false},"excerpt":{"rendered":"<p>Pokrywa GripLid z uszczelk\u0105 GN 1\/2, przezroczysta Pokrywka z uszczelk\u0105 GN 1\/2 z serii Camwear GripLid ameryka\u0144skiej marki Cambro Szczelna pokrywka jest przeznaczona do zamykania pojemnika o rozmiarze GN 1\/1 s\u0142u\u017c\u0105cego do przechowywania, transportowania i podawania \u017cywno\u015bci. Pokrywy zmniejszaj\u0105 tez ryzyko zanieczyszcze\u0144 krzy\u017cowych. Pokrywka wykonana zosta\u0142a z poliw\u0119glanu, tworzywa bardzo odpornego na uszkodzenia mechaniczne i [&hellip;]<\/p>\n","protected":false},"featured_media":25778,"template":"","meta":{"_et_pb_use_builder":"","_et_pb_old_content":"","_et_gb_content_width":""},"pwb-brand":[733],"product_brand":[],"product_cat":[145],"product_tag":[],"class_list":{"0":"post-25415","1":"product","2":"type-product","3":"status-publish","4":"has-post-thumbnail","6":"pwb-brand-cambro","7":"product_cat-pokrywy-gn-z-poliweglanu","9":"first","10":"instock","11":"taxable","12":"shipping-taxable","13":"purchasable","14":"product-type-simple"},"brands":[{"id":733,"name":"Cambro","slug":"cambro"}],"_links":{"self":[{"href":"https:\/\/www.multifrigo.pl\/sklep\/wp-json\/wp\/v2\/product\/25415","targetHints":{"allow":["GET"]}}],"collection":[{"href":"https:\/\/www.multifrigo.pl\/sklep\/wp-json\/wp\/v2\/product"}],"about":[{"href":"https:\/\/www.multifrigo.pl\/sklep\/wp-json\/wp\/v2\/types\/product"}],"wp:featuredmedia":[{"embeddable":true,"href":"https:\/\/www.multifrigo.pl\/sklep\/wp-json\/wp\/v2\/media\/25778"}],"wp:attachment":[{"href":"https:\/\/www.multifrigo.pl\/sklep\/wp-json\/wp\/v2\/media?parent=25415"}],"wp:term":[{"taxonomy":"pwb-brand","embeddable":true,"href":"https:\/\/www.multifrigo.pl\/sklep\/wp-json\/wp\/v2\/pwb-brand?post=25415"},{"taxonomy":"product_brand","embeddable":true,"href":"https:\/\/www.multifrigo.pl\/sklep\/wp-json\/wp\/v2\/product_brand?post=25415"},{"taxonomy":"product_cat","embeddable":true,"href":"https:\/\/www.multifrigo.pl\/sklep\/wp-json\/wp\/v2\/product_cat?post=25415"},{"taxonomy":"product_tag","embeddable":true,"href":"https:\/\/www.multifrigo.pl\/sklep\/wp-json\/wp\/v2\/product_tag?post=25415"}],"curies":[{"name":"wp","href":"https:\/\/api.w.org\/{rel}","templated":true}]}}