{"id":25419,"date":"2024-07-23T13:50:27","date_gmt":"2024-07-23T13:50:27","guid":{"rendered":"https:\/\/multifrigo.pl\/sklep\/produkt\/pokrywa-plaska-z-poliweglanu-gn-1-3-przezroczysta-cambro-30cwc135\/"},"modified":"2024-07-24T09:30:41","modified_gmt":"2024-07-24T09:30:41","slug":"pokrywa-plaska-z-poliweglanu-gn-1-3-przezroczysta-cambro-30cwc135","status":"publish","type":"product","link":"https:\/\/www.multifrigo.pl\/sklep\/produkt\/pokrywa-plaska-z-poliweglanu-gn-1-3-przezroczysta-cambro-30cwc135\/","title":{"rendered":"Pokrywa p\u0142aska z poliw\u0119glanu GN 1\/3, przezroczysta  | Cambro  30CWC135"},"content":{"rendered":"<p><b>Pokrywa p\u0142aska z poliw\u0119glanu GN 1\/3, przezroczysta <\/b><\/p>\n<p>Pokrywa przeznaczona do u\u017cycia wraz z pojemnikiem GN 1\/3 z serii Camwear ameryka\u0144skiej marki Cambro<\/p>\n<p>Pokrywa zaprojektowana by zachowa\u0107 \u015bwie\u017co\u015b\u0107 i higien\u0119 podczas przechowywania i transportowania \u017cywno\u015bci w pojemnikach gastronomicznych GN. Stworzona zgodnie z normami HACCP do u\u017cytku w profesjonalnej gastronomii. Idealnie nadaje si\u0119 do sto\u0142\u00f3w przygotowawczych, lod\u00f3wek, lod\u00f3wek typu walk-in itp Dzi\u0119ki nim zachowasz \u015bwie\u017co\u015b\u0107, smak i jako\u015b\u0107 w ca\u0142ym procesie przygotowywania \u017cywno\u015bci.<\/p>\n<p>Pokrywka wykonana z poliw\u0119glanu, tworzywa bardzo odpornego na uszkodzenia mechaniczne i wytrzymuj\u0105cego temperatury od -40\u02daC do 99\u02daC. G\u0142adka, zapobiegaj\u0105ca przywieraniu powierzchnia sprzyja \u0142atwemu zmywaniu. Nie reaguj\u0105 z \u017cywno\u015bci\u0105, minimalizuj\u0105c potencjalnie niebezpieczne reakcje chemiczne lub kwasowe.\u00a0Przezroczysty poliw\u0119glan u\u0142atwia identyfikacj\u0119 zawarto\u015bci. Mo\u017cliwo\u015b\u0107 sztaplowania.\u00a0<\/p>\n","protected":false},"excerpt":{"rendered":"<p>Pokrywa p\u0142aska z poliw\u0119glanu GN 1\/3, przezroczysta Pokrywa przeznaczona do u\u017cycia wraz z pojemnikiem GN 1\/3 z serii Camwear ameryka\u0144skiej marki Cambro Pokrywa zaprojektowana by zachowa\u0107 \u015bwie\u017co\u015b\u0107 i higien\u0119 podczas przechowywania i transportowania \u017cywno\u015bci w pojemnikach gastronomicznych GN. Stworzona zgodnie z normami HACCP do u\u017cytku w profesjonalnej gastronomii. Idealnie nadaje si\u0119 do sto\u0142\u00f3w przygotowawczych, lod\u00f3wek, [&hellip;]<\/p>\n","protected":false},"featured_media":25789,"template":"","meta":{"_et_pb_use_builder":"","_et_pb_old_content":"","_et_gb_content_width":""},"pwb-brand":[733],"product_brand":[],"product_cat":[145],"product_tag":[],"class_list":{"0":"post-25419","1":"product","2":"type-product","3":"status-publish","4":"has-post-thumbnail","6":"pwb-brand-cambro","7":"product_cat-pokrywy-gn-z-poliweglanu","9":"first","10":"instock","11":"taxable","12":"shipping-taxable","13":"purchasable","14":"product-type-simple"},"brands":[{"id":733,"name":"Cambro","slug":"cambro"}],"_links":{"self":[{"href":"https:\/\/www.multifrigo.pl\/sklep\/wp-json\/wp\/v2\/product\/25419","targetHints":{"allow":["GET"]}}],"collection":[{"href":"https:\/\/www.multifrigo.pl\/sklep\/wp-json\/wp\/v2\/product"}],"about":[{"href":"https:\/\/www.multifrigo.pl\/sklep\/wp-json\/wp\/v2\/types\/product"}],"wp:featuredmedia":[{"embeddable":true,"href":"https:\/\/www.multifrigo.pl\/sklep\/wp-json\/wp\/v2\/media\/25789"}],"wp:attachment":[{"href":"https:\/\/www.multifrigo.pl\/sklep\/wp-json\/wp\/v2\/media?parent=25419"}],"wp:term":[{"taxonomy":"pwb-brand","embeddable":true,"href":"https:\/\/www.multifrigo.pl\/sklep\/wp-json\/wp\/v2\/pwb-brand?post=25419"},{"taxonomy":"product_brand","embeddable":true,"href":"https:\/\/www.multifrigo.pl\/sklep\/wp-json\/wp\/v2\/product_brand?post=25419"},{"taxonomy":"product_cat","embeddable":true,"href":"https:\/\/www.multifrigo.pl\/sklep\/wp-json\/wp\/v2\/product_cat?post=25419"},{"taxonomy":"product_tag","embeddable":true,"href":"https:\/\/www.multifrigo.pl\/sklep\/wp-json\/wp\/v2\/product_tag?post=25419"}],"curies":[{"name":"wp","href":"https:\/\/api.w.org\/{rel}","templated":true}]}}