{"id":25432,"date":"2024-07-23T13:50:33","date_gmt":"2024-07-23T13:50:33","guid":{"rendered":"https:\/\/multifrigo.pl\/sklep\/produkt\/pojemnik-termoizolacyjny-ultra-camcarrier-ladowany-od-przodu-4-x-gn-1-1-cambro-upcs400480\/"},"modified":"2024-07-24T09:36:40","modified_gmt":"2024-07-24T09:36:40","slug":"pojemnik-termoizolacyjny-ultra-camcarrier-ladowany-od-przodu-4-x-gn-1-1-cambro-upcs400480","status":"publish","type":"product","link":"https:\/\/www.multifrigo.pl\/sklep\/produkt\/pojemnik-termoizolacyjny-ultra-camcarrier-ladowany-od-przodu-4-x-gn-1-1-cambro-upcs400480\/","title":{"rendered":"Pojemnik termoizolacyjny Ultra Camcarrier \u0142adowany od przodu, 4 x GN 1\/1 | Cambro  UPCS400480"},"content":{"rendered":"<p><b>Pojemnik termoizolacyjny Ultra Camcarrier \u0142adowany od przodu, 4 x GN 1\/1<\/b><\/p>\n<p>Termos Ultra Pan Carrier z serii S przeznaczone s\u0105 do transportu i przechowywania bardzo gor\u0105cych, jak i zimnych\u00a0potraw. Idealnie sprawdz\u0105 si\u0119 w firmach cateringowych. Termosy Cambro s\u0105 niezwykle ekonomicznym rozwi\u0105zaniem-utrzymuj\u0105 temperatur\u0119 p\u0142ynu powy\u017cej 4 godzin. Dodatkow\u0105 zalet\u0105 jest to, \u017ce termosy dzia\u0142aj\u0105 be\u017c u\u017cycia pr\u0105du-dzi\u0119ki nim oszcz\u0119dzisz na rachunkach za energi\u0119.<\/p>\n<p>Termos UPCS zbudowany jest z jednolitego, bezszwowego polietylenu z grub\u0105 izolacj\u0105 z pianki poliuretanowej. Obudowy termos\u00f3w s\u0105 bardzo wytrzyma\u0142e- wykonane s\u0105 z tworzywa odpornego na temperatur\u0119 od -30 do + 100\u00b0C, na rdz\u0119 oraz uderzenia. Szeroka nylonowa klamra szczelnie przytrzymuje drzwiczki, konstrukcja pozwala na otwarcie pojemnika przy u\u017cyciu jednej r\u0119ki. Co to dla Ciebie oznacza? Mo\u017cna szybko i wygodnie wyci\u0105gn\u0105\u0107 z niego pojemniki. Pokrywy i komory termos\u00f3w s\u0105 szczelne, po myciu i p\u0142ukaniu nie wch\u0142aniaj\u0105 wilgoci i s\u0105 wyposa\u017cone w uszczelk\u0119 silikonow\u0105. Termos posiada dwa wtopione uchwyty, kt\u00f3re umo\u017cliwiaj\u0105 \u0142atwe przenoszenie pojemnika przez dwie osoby.<\/p>\n<p>Konstrukcja termos\u00f3w UPCS umo\u017cliwia ustawianie ich jeden na drugim, dzi\u0119ki czemu mo\u017cna zaoszcz\u0119dzi\u0107 sporo miejsca podczas przechowywania lub transportu. Na spodzie termosu znajduj\u0105 si\u0119 n\u00f3\u017cki zabezpieczaj\u0105ce termos podczas przesuwania, mo\u017cesz wi\u0119c mie\u0107 pewno\u015b\u0107, \u017ce b\u0119d\u0105 sta\u0142y stabilne i nic si\u0119 nie przewr\u00f3ci.\u00a0 Drzwiczki otwierane s\u0105 pod katem 270 stopni, co u\u0142atwia dost\u0119p do \u015brodka i zaoszcz\u0119dza miejsce. Drzwiczki mo\u017cna ca\u0142kowicie \u015bci\u0105gn\u0105\u0107 do umycia. Wewn\u0105trz zamontowane s\u0105 prowadnice do wsuwania tac z jedzeniem.\u00a0<\/p>\n<p>Termos posiada klamerk\u0119 do przyczepienia kartki z opisem zawarto\u015bci. Posiada te\u017c zaw\u00f3r odpowietrzaj\u0105cy. Pojemnik mo\u017ce by\u0107 sztaplowany z modelami\u00a0UPC400 i UPCH400. Aby zwi\u0119kszy\u0107 czas utrzymywania odpowiedniej temperatury powy\u017cej 4 godzin, mo\u017cna w nim stosowa\u0107 wk\u0142ady ch\u0142odz\u0105ce Camchillers lub wk\u0142ady grzej\u0105ce Camwarmers (do kupienia osobno).<\/p>\n","protected":false},"excerpt":{"rendered":"<p>Pojemnik termoizolacyjny Ultra Camcarrier \u0142adowany od przodu, 4 x GN 1\/1 Termos Ultra Pan Carrier z serii S przeznaczone s\u0105 do transportu i przechowywania bardzo gor\u0105cych, jak i zimnych\u00a0potraw. Idealnie sprawdz\u0105 si\u0119 w firmach cateringowych. Termosy Cambro s\u0105 niezwykle ekonomicznym rozwi\u0105zaniem-utrzymuj\u0105 temperatur\u0119 p\u0142ynu powy\u017cej 4 godzin. Dodatkow\u0105 zalet\u0105 jest to, \u017ce termosy dzia\u0142aj\u0105 be\u017c u\u017cycia [&hellip;]<\/p>\n","protected":false},"featured_media":25811,"template":"","meta":{"_et_pb_use_builder":"","_et_pb_old_content":"","_et_gb_content_width":""},"pwb-brand":[733],"product_brand":[],"product_cat":[86],"product_tag":[],"class_list":{"0":"post-25432","1":"product","2":"type-product","3":"status-publish","4":"has-post-thumbnail","6":"pwb-brand-cambro","7":"product_cat-pojemniki-termoizolacyjne-pojemniki-termoizolacyjne","9":"first","10":"instock","11":"taxable","12":"shipping-taxable","13":"purchasable","14":"product-type-simple"},"brands":[{"id":733,"name":"Cambro","slug":"cambro"}],"_links":{"self":[{"href":"https:\/\/www.multifrigo.pl\/sklep\/wp-json\/wp\/v2\/product\/25432","targetHints":{"allow":["GET"]}}],"collection":[{"href":"https:\/\/www.multifrigo.pl\/sklep\/wp-json\/wp\/v2\/product"}],"about":[{"href":"https:\/\/www.multifrigo.pl\/sklep\/wp-json\/wp\/v2\/types\/product"}],"wp:featuredmedia":[{"embeddable":true,"href":"https:\/\/www.multifrigo.pl\/sklep\/wp-json\/wp\/v2\/media\/25811"}],"wp:attachment":[{"href":"https:\/\/www.multifrigo.pl\/sklep\/wp-json\/wp\/v2\/media?parent=25432"}],"wp:term":[{"taxonomy":"pwb-brand","embeddable":true,"href":"https:\/\/www.multifrigo.pl\/sklep\/wp-json\/wp\/v2\/pwb-brand?post=25432"},{"taxonomy":"product_brand","embeddable":true,"href":"https:\/\/www.multifrigo.pl\/sklep\/wp-json\/wp\/v2\/product_brand?post=25432"},{"taxonomy":"product_cat","embeddable":true,"href":"https:\/\/www.multifrigo.pl\/sklep\/wp-json\/wp\/v2\/product_cat?post=25432"},{"taxonomy":"product_tag","embeddable":true,"href":"https:\/\/www.multifrigo.pl\/sklep\/wp-json\/wp\/v2\/product_tag?post=25432"}],"curies":[{"name":"wp","href":"https:\/\/api.w.org\/{rel}","templated":true}]}}