{"id":25433,"date":"2024-07-23T13:50:33","date_gmt":"2024-07-23T13:50:33","guid":{"rendered":"https:\/\/multifrigo.pl\/sklep\/produkt\/wozek-camshelving-do-transportu-pojemnikow-18-x-gn-1-1-730x438x171-cambro-ugnpr11f18480\/"},"modified":"2024-07-24T09:38:54","modified_gmt":"2024-07-24T09:38:54","slug":"wozek-camshelving-do-transportu-pojemnikow-18-x-gn-1-1-730x438x171-cambro-ugnpr11f18480","status":"publish","type":"product","link":"https:\/\/www.multifrigo.pl\/sklep\/produkt\/wozek-camshelving-do-transportu-pojemnikow-18-x-gn-1-1-730x438x171-cambro-ugnpr11f18480\/","title":{"rendered":"W\u00f3zek Camshelving do transportu pojemnik\u00f3w, 18 \u00d7 GN 1\/1, 730x438x171 | Cambro  UGNPR11F18480"},"content":{"rendered":"<p><b>W\u00f3zek Camshelving do transportu pojemnik\u00f3w, 18 \u00d7 GN 1\/1, 730x438x171<\/b><\/p>\n<p>W\u00f3zek do pojemnik\u00f3w GN Camshelving mieszcz\u0105cy 18 tac o rozmiarze GN 1\/1 i g\u0142\u0119boko\u015bci 6,5 cm to ewolucja w\u015br\u00f3d produkt\u00f3w do przechowywania i transportu \u017cywno\u015bci. W przeciwie\u0144stwie do szerokiej gamy metalowych w\u00f3zk\u00f3w dost\u0119pnych na rynku, w\u00f3zki Cambro nigdy nie b\u0119d\u0105 posiada\u0142y uszkodze\u0144 w punktach spawania, wgniecionych ram lub ostrych metalowych kraw\u0119dzi oraz trudnych do czyszczenia naro\u017cnik\u00f3w gdzie mog\u0105 gromadzi\u0107 si\u0119 resztki jedzenia i t\u0142uszczu. Nigdy nie zardzewiej\u0105 i nie b\u0119d\u0105 korodowa\u0107.<\/p>\n<p>Dodatkowo s\u0105 wolne od uszkodze\u0144 niemo\u017cliwych do naprawy. Ka\u017cd\u0105 cz\u0119\u015b\u0107 mo\u017cna wymieni\u0107 przez ca\u0142y okres u\u017cytkowania. Zbudowane z materia\u0142\u00f3w kompozytowych, z \u0142atwymi do czyszczenia, g\u0142adkimi powierzchniami i ergonomicznymi funkcjami, w\u00f3zki te gwarantuj\u0105 u\u017cytkownikom niezr\u00f3wnan\u0105 wydajno\u015b\u0107 i trwa\u0142o\u015b\u0107 przez lata. W\u00f3zek Cambro mo\u017cna my\u0107 myjk\u0105 ci\u015bnieniow\u0105 lub \u015bcierk\u0105.<\/p>\n<p>Blokada 3 mm zapobiega wysuni\u0119ciu si\u0119 pojemnika oraz zapewnia stabilno\u015b\u0107 i bezpiecze\u0144stwo podczas transportu. Szeroki 7,6 cm odst\u0119p mi\u0119dzy szynami zapewnia najwi\u0119ksz\u0105 wszechstronno\u015b\u0107 i \u0142atwo\u015b\u0107 u\u017cycia. W\u00f3zek mo\u017cna u\u017cywa\u0107 w kuchni, komorze mrozniczej lub ch\u0142odniczej. Mo\u017cna na nim trzyma\u0107 gor\u0105ce pojemniki, wyj\u0119te prosto z piekarnika do 200\u2070C. Dostosowany jest do transportu w obr\u0119bie obiektu lub poza nim. Wyposa\u017cony w wytrzyma\u0142e k\u00f3\u0142ka o \u015brednicy 12,7 cm. Na wszystkich czterech pe\u0142no-obrotowych k\u00f3\u0142kach znajduj\u0105 si\u0119 niebrudz\u0105ce gumy termoplastyczne z hamulcami.<\/p>\n","protected":false},"excerpt":{"rendered":"<p>W\u00f3zek Camshelving do transportu pojemnik\u00f3w, 18 \u00d7 GN 1\/1, 730x438x171 W\u00f3zek do pojemnik\u00f3w GN Camshelving mieszcz\u0105cy 18 tac o rozmiarze GN 1\/1 i g\u0142\u0119boko\u015bci 6,5 cm to ewolucja w\u015br\u00f3d produkt\u00f3w do przechowywania i transportu \u017cywno\u015bci. W przeciwie\u0144stwie do szerokiej gamy metalowych w\u00f3zk\u00f3w dost\u0119pnych na rynku, w\u00f3zki Cambro nigdy nie b\u0119d\u0105 posiada\u0142y uszkodze\u0144 w punktach spawania, [&hellip;]<\/p>\n","protected":false},"featured_media":25821,"template":"","meta":{"_et_pb_use_builder":"","_et_pb_old_content":"","_et_gb_content_width":""},"pwb-brand":[733],"product_brand":[],"product_cat":[403],"product_tag":[],"class_list":{"0":"post-25433","1":"product","2":"type-product","3":"status-publish","4":"has-post-thumbnail","6":"pwb-brand-cambro","7":"product_cat-na-blachy","9":"first","10":"instock","11":"taxable","12":"shipping-taxable","13":"purchasable","14":"product-type-simple"},"brands":[{"id":733,"name":"Cambro","slug":"cambro"}],"_links":{"self":[{"href":"https:\/\/www.multifrigo.pl\/sklep\/wp-json\/wp\/v2\/product\/25433","targetHints":{"allow":["GET"]}}],"collection":[{"href":"https:\/\/www.multifrigo.pl\/sklep\/wp-json\/wp\/v2\/product"}],"about":[{"href":"https:\/\/www.multifrigo.pl\/sklep\/wp-json\/wp\/v2\/types\/product"}],"wp:featuredmedia":[{"embeddable":true,"href":"https:\/\/www.multifrigo.pl\/sklep\/wp-json\/wp\/v2\/media\/25821"}],"wp:attachment":[{"href":"https:\/\/www.multifrigo.pl\/sklep\/wp-json\/wp\/v2\/media?parent=25433"}],"wp:term":[{"taxonomy":"pwb-brand","embeddable":true,"href":"https:\/\/www.multifrigo.pl\/sklep\/wp-json\/wp\/v2\/pwb-brand?post=25433"},{"taxonomy":"product_brand","embeddable":true,"href":"https:\/\/www.multifrigo.pl\/sklep\/wp-json\/wp\/v2\/product_brand?post=25433"},{"taxonomy":"product_cat","embeddable":true,"href":"https:\/\/www.multifrigo.pl\/sklep\/wp-json\/wp\/v2\/product_cat?post=25433"},{"taxonomy":"product_tag","embeddable":true,"href":"https:\/\/www.multifrigo.pl\/sklep\/wp-json\/wp\/v2\/product_tag?post=25433"}],"curies":[{"name":"wp","href":"https:\/\/api.w.org\/{rel}","templated":true}]}}