{"id":25437,"date":"2024-07-23T13:50:35","date_gmt":"2024-07-23T13:50:35","guid":{"rendered":"https:\/\/multifrigo.pl\/sklep\/produkt\/pokrywa-do-pojemnikow-termoizolacyjnych-epp180-epp180e-niebieska-cambro-epp3253lid362\/"},"modified":"2024-07-24T09:41:03","modified_gmt":"2024-07-24T09:41:03","slug":"pokrywa-do-pojemnikow-termoizolacyjnych-epp180-epp180e-niebieska-cambro-epp3253lid362","status":"publish","type":"product","link":"https:\/\/www.multifrigo.pl\/sklep\/produkt\/pokrywa-do-pojemnikow-termoizolacyjnych-epp180-epp180e-niebieska-cambro-epp3253lid362\/","title":{"rendered":"Pokrywa do pojemnik\u00f3w termoizolacyjnych EPP180, EPP180E, niebieska  | Cambro  EPP3253LID362"},"content":{"rendered":"<p><b>Pokrywa do pojemnik\u00f3w termoizolacyjnych EPP180, EPP180E, niebieska <\/b><\/p>\n<p>Pokrywa do pojemnika Cam GoBox \u0142adowanego od g\u00f3ry<\/p>\n<p>Kolorowe pokrywki EPP3253LID umo\u017cliwiaj\u0105 \u0142atw\u0105 i szybk\u0105 identyfikacj\u0119 zawarto\u015bci pojemnik\u00f3w transportowych Cambro GoBox i tym samym w\u0142a\u015bciwe przekierowanie. Kolorowe pokrywy pasuj\u0105 do pojemnik\u00f3w EPP140, EPP160, EPP160CL, EPP180, EPP180CL, EPP180S.<\/p>\n<p>Lekkie pokrywy Cambro wykonane s\u0105 z EPP (spienionego polipropylenu), przyjaznego dla \u015brodowiska, naturalnego materia\u0142u piankowego o du\u017cej wydajno\u015bci. Jego cech\u0105 charakterystyczn\u0105 jest jego chemiczna oboj\u0119tno\u015b\u0107-jest oboj\u0119tny na dzia\u0142anie oleju, t\u0142uszczu i wi\u0119kszo\u015bci preparat\u00f3w chemicznych. Nie zawieraj\u0105 freonu.<\/p>\n<p>Pojemniki termoizolacyjne na posi\u0142ki Cambro s\u0105 szczeg\u00f3lnie przydatne w przypadku catering\u00f3w, poniewa\u017c pozwalaj\u0105 na bezpieczny transport jedzenia na du\u017ce odleg\u0142o\u015bci i przez d\u0142ugi czas. Dzi\u0119ki nim mo\u017cliwe jest dostarczenie \u015bwie\u017cych i ciep\u0142ych potraw bez obaw o ich jako\u015b\u0107 i zmian\u0119 warunk\u00f3w temperaturowych. Pojemniki z izolacj\u0105 termiczn\u0105 s\u0105 r\u00f3wnie\u017c \u0142atwe w u\u017cytkowaniu i utrzymaniu, a przy tym cechuje je wysoka trwa\u0142o\u015b\u0107 i odporno\u015b\u0107 na uszkodzenia.\u00a0<\/p>\n","protected":false},"excerpt":{"rendered":"<p>Pokrywa do pojemnik\u00f3w termoizolacyjnych EPP180, EPP180E, niebieska Pokrywa do pojemnika Cam GoBox \u0142adowanego od g\u00f3ry Kolorowe pokrywki EPP3253LID umo\u017cliwiaj\u0105 \u0142atw\u0105 i szybk\u0105 identyfikacj\u0119 zawarto\u015bci pojemnik\u00f3w transportowych Cambro GoBox i tym samym w\u0142a\u015bciwe przekierowanie. Kolorowe pokrywy pasuj\u0105 do pojemnik\u00f3w EPP140, EPP160, EPP160CL, EPP180, EPP180CL, EPP180S. Lekkie pokrywy Cambro wykonane s\u0105 z EPP (spienionego polipropylenu), przyjaznego dla [&hellip;]<\/p>\n","protected":false},"featured_media":25834,"template":"","meta":{"_et_pb_use_builder":"","_et_pb_old_content":"","_et_gb_content_width":""},"pwb-brand":[733],"product_brand":[],"product_cat":[86],"product_tag":[],"class_list":{"0":"post-25437","1":"product","2":"type-product","3":"status-publish","4":"has-post-thumbnail","6":"pwb-brand-cambro","7":"product_cat-pojemniki-termoizolacyjne-pojemniki-termoizolacyjne","9":"first","10":"instock","11":"taxable","12":"shipping-taxable","13":"purchasable","14":"product-type-simple"},"brands":[{"id":733,"name":"Cambro","slug":"cambro"}],"_links":{"self":[{"href":"https:\/\/www.multifrigo.pl\/sklep\/wp-json\/wp\/v2\/product\/25437","targetHints":{"allow":["GET"]}}],"collection":[{"href":"https:\/\/www.multifrigo.pl\/sklep\/wp-json\/wp\/v2\/product"}],"about":[{"href":"https:\/\/www.multifrigo.pl\/sklep\/wp-json\/wp\/v2\/types\/product"}],"wp:featuredmedia":[{"embeddable":true,"href":"https:\/\/www.multifrigo.pl\/sklep\/wp-json\/wp\/v2\/media\/25834"}],"wp:attachment":[{"href":"https:\/\/www.multifrigo.pl\/sklep\/wp-json\/wp\/v2\/media?parent=25437"}],"wp:term":[{"taxonomy":"pwb-brand","embeddable":true,"href":"https:\/\/www.multifrigo.pl\/sklep\/wp-json\/wp\/v2\/pwb-brand?post=25437"},{"taxonomy":"product_brand","embeddable":true,"href":"https:\/\/www.multifrigo.pl\/sklep\/wp-json\/wp\/v2\/product_brand?post=25437"},{"taxonomy":"product_cat","embeddable":true,"href":"https:\/\/www.multifrigo.pl\/sklep\/wp-json\/wp\/v2\/product_cat?post=25437"},{"taxonomy":"product_tag","embeddable":true,"href":"https:\/\/www.multifrigo.pl\/sklep\/wp-json\/wp\/v2\/product_tag?post=25437"}],"curies":[{"name":"wp","href":"https:\/\/api.w.org\/{rel}","templated":true}]}}