{"id":25438,"date":"2024-07-23T13:50:35","date_gmt":"2024-07-23T13:50:35","guid":{"rendered":"https:\/\/multifrigo.pl\/sklep\/produkt\/pojemnik-termoizolacyjny-ultra-camcarrier-ladowany-od-przodu-3-x-gn-1-1-cambro-upc300401\/"},"modified":"2024-07-24T09:42:57","modified_gmt":"2024-07-24T09:42:57","slug":"pojemnik-termoizolacyjny-ultra-camcarrier-ladowany-od-przodu-3-x-gn-1-1-cambro-upc300401","status":"publish","type":"product","link":"https:\/\/www.multifrigo.pl\/sklep\/produkt\/pojemnik-termoizolacyjny-ultra-camcarrier-ladowany-od-przodu-3-x-gn-1-1-cambro-upc300401\/","title":{"rendered":"Pojemnik termoizolacyjny Ultra Camcarrier \u0142adowany od przodu, 3 x GN 1\/1 | Cambro  UPC300401"},"content":{"rendered":"<p><b>Pojemnik termoizolacyjny Ultra Camcarrier \u0142adowany od przodu, 3 x GN 1\/1<\/b><\/p>\n<p>UPC300 to znakomity termos do transportu i przechowywania w najwy\u017cszej jako\u015bci gor\u0105cych lub zimnych posi\u0142k\u00f3w bez potrzeby doprowadzania pr\u0105du. Obudowa wykonana jest z wyj\u0105tkowo odpornego polietylenu, konstrukcja jednocz\u0119\u015bciowa bez \u0142\u0105cze\u0144 zapewnia wysok\u0105 trwa\u0142o\u015b\u0107 termosu. Podw\u00f3jne \u015bcianki wype\u0142nione s\u0105 piank\u0105 poliuretanow\u0105 zapewniaj\u0105c\u0105 doskona\u0142e w\u0142a\u015bciwo\u015bci termoizolacyjne. Hermetyczne zamkni\u0119cie oraz wyjmowana uszczelka utrzymuj\u0105 temperatur\u0119 bezpieczn\u0105 dla \u017cywno\u015bci przez ponad 4 godziny. Utrata temperatury po up\u0142ywie 4 godzin wynosi nieca\u0142e 6\u00b0 C. Idealny do pe\u0142nowymiarowych pojemnik\u00f3w GN na \u017cywno\u015b\u0107. Termos mo\u017ce pomie\u015bci\u0107 przyk\u0142adowo: 4 x GN 1\/1 o g\u0142\u0119boko\u015bci 6,5 cm, 3 x GN 1\/1 o g\u0142\u0119boko\u015bci 10 cm lub nawet 12 x GN 1\/3 o g\u0142\u0119boko\u015bci 6.5 cm co zapewnia maksymalne wykorzystanie przestrzeni. Pojemniki nale\u017cy umie\u015bci\u0107 na prowadnicach. Najlepsze wyniki zapewnia \u0142adowanie pojemnik\u00f3w o temperaturze od 82\u02da do 88\u02daC. Termos odporny na rdz\u0119, wgniecenia, p\u0119kni\u0119cia i odpryski. Bezfreonowa izolacja zapewnia bezpiecze\u0144stwo \u017cywno\u015bci przez ponad 4 godziny, na gor\u0105co lub na zimno. Pe\u0142ne drzwi wahad\u0142owe dla maksymalnego dost\u0119pu. Szczelna, \u0142atwa do czyszczenia uszczelka. Waga termosu: 10,5 kg.<\/p>\n","protected":false},"excerpt":{"rendered":"<p>Pojemnik termoizolacyjny Ultra Camcarrier \u0142adowany od przodu, 3 x GN 1\/1 UPC300 to znakomity termos do transportu i przechowywania w najwy\u017cszej jako\u015bci gor\u0105cych lub zimnych posi\u0142k\u00f3w bez potrzeby doprowadzania pr\u0105du. Obudowa wykonana jest z wyj\u0105tkowo odpornego polietylenu, konstrukcja jednocz\u0119\u015bciowa bez \u0142\u0105cze\u0144 zapewnia wysok\u0105 trwa\u0142o\u015b\u0107 termosu. Podw\u00f3jne \u015bcianki wype\u0142nione s\u0105 piank\u0105 poliuretanow\u0105 zapewniaj\u0105c\u0105 doskona\u0142e w\u0142a\u015bciwo\u015bci termoizolacyjne. [&hellip;]<\/p>\n","protected":false},"featured_media":25835,"template":"","meta":{"_et_pb_use_builder":"","_et_pb_old_content":"","_et_gb_content_width":""},"pwb-brand":[733],"product_brand":[],"product_cat":[86],"product_tag":[],"class_list":{"0":"post-25438","1":"product","2":"type-product","3":"status-publish","4":"has-post-thumbnail","6":"pwb-brand-cambro","7":"product_cat-pojemniki-termoizolacyjne-pojemniki-termoizolacyjne","9":"first","10":"instock","11":"taxable","12":"shipping-taxable","13":"purchasable","14":"product-type-simple"},"brands":[{"id":733,"name":"Cambro","slug":"cambro"}],"_links":{"self":[{"href":"https:\/\/www.multifrigo.pl\/sklep\/wp-json\/wp\/v2\/product\/25438","targetHints":{"allow":["GET"]}}],"collection":[{"href":"https:\/\/www.multifrigo.pl\/sklep\/wp-json\/wp\/v2\/product"}],"about":[{"href":"https:\/\/www.multifrigo.pl\/sklep\/wp-json\/wp\/v2\/types\/product"}],"wp:featuredmedia":[{"embeddable":true,"href":"https:\/\/www.multifrigo.pl\/sklep\/wp-json\/wp\/v2\/media\/25835"}],"wp:attachment":[{"href":"https:\/\/www.multifrigo.pl\/sklep\/wp-json\/wp\/v2\/media?parent=25438"}],"wp:term":[{"taxonomy":"pwb-brand","embeddable":true,"href":"https:\/\/www.multifrigo.pl\/sklep\/wp-json\/wp\/v2\/pwb-brand?post=25438"},{"taxonomy":"product_brand","embeddable":true,"href":"https:\/\/www.multifrigo.pl\/sklep\/wp-json\/wp\/v2\/product_brand?post=25438"},{"taxonomy":"product_cat","embeddable":true,"href":"https:\/\/www.multifrigo.pl\/sklep\/wp-json\/wp\/v2\/product_cat?post=25438"},{"taxonomy":"product_tag","embeddable":true,"href":"https:\/\/www.multifrigo.pl\/sklep\/wp-json\/wp\/v2\/product_tag?post=25438"}],"curies":[{"name":"wp","href":"https:\/\/api.w.org\/{rel}","templated":true}]}}