{"id":25443,"date":"2024-07-23T13:50:36","date_gmt":"2024-07-23T13:50:36","guid":{"rendered":"https:\/\/multifrigo.pl\/sklep\/produkt\/termos-na-plyny-camtainer-57-l-niebieski-cambro-100lcd401\/"},"modified":"2024-07-24T09:45:58","modified_gmt":"2024-07-24T09:45:58","slug":"termos-na-plyny-camtainer-57-l-niebieski-cambro-100lcd401","status":"publish","type":"product","link":"https:\/\/www.multifrigo.pl\/sklep\/produkt\/termos-na-plyny-camtainer-57-l-niebieski-cambro-100lcd401\/","title":{"rendered":"Termos na p\u0142yny Camtainer 5,7 l, niebieski | Cambro  100LCD401"},"content":{"rendered":"<p><b>Termos na p\u0142yny Camtainer 5,7 l, niebieski<\/b><\/p>\n<p>Termosy cateringowe 5,7 l na p\u0142yny przeznaczone s\u0105 do transportu, przechowywania i podawania gor\u0105cych i zimnych napoj\u00f3w takich jak: kawa, herbata, soki. Zbudowane s\u0105 z jednolitego, bezszwowego polietylenu z grub\u0105 izolacj\u0105 z pianki poliuretanowej. Obudowy termos\u00f3w wykonane s\u0105 z polietylenu odpornego na temperatur\u0119 od -30 do + 100\u00b0C.<\/p>\n<p>Pokrywy i komory termos\u00f3w s\u0105 szczelne, po myciu i p\u0142ukaniu nie wch\u0142aniaj\u0105 wilgoci i s\u0105 wyposa\u017cone w uszczelk\u0119 silikonow\u0105 oraz odpowietrznik wyr\u00f3wnuj\u0105cy ci\u015bnienie wewn\u0105trz termosu. Konstrukcja termos\u00f3w umo\u017cliwia ustawianie ich jeden na drugim. Na spodzie termosu znajduj\u0105 si\u0119 n\u00f3\u017cki zabezpieczaj\u0105ce termos podczas przesuwania.<\/p>\n<p>Temperatura p\u0142yn\u00f3w wlewanych do termos\u00f3w nie powinna przekracza\u0107 +85\u00b0C. Odpowietrzenie wyr\u00f3wnuje ci\u015bnienie. Znacznie u\u0142atwia otwieranie pojemnika. Wbudowane uchwyty E-Z Grip do wygodnego i bezpiecznego transportu. Kran we wn\u0119ce mie\u015bci du\u017ce kubki. Umo\u017cliwia r\u00f3wnomierne nalewanie i eliminuje kapanie. Dwie pozycje: jedna do nalewania ci\u0105g\u0142ego, druga do nalewania do indywidualnych naczy\u0144. Ka\u017cdy termos wyposa\u017cony jest w cztery klamry z tworzywa (nylonu).<\/p>\n","protected":false},"excerpt":{"rendered":"<p>Termos na p\u0142yny Camtainer 5,7 l, niebieski Termosy cateringowe 5,7 l na p\u0142yny przeznaczone s\u0105 do transportu, przechowywania i podawania gor\u0105cych i zimnych napoj\u00f3w takich jak: kawa, herbata, soki. Zbudowane s\u0105 z jednolitego, bezszwowego polietylenu z grub\u0105 izolacj\u0105 z pianki poliuretanowej. Obudowy termos\u00f3w wykonane s\u0105 z polietylenu odpornego na temperatur\u0119 od -30 do + 100\u00b0C. [&hellip;]<\/p>\n","protected":false},"featured_media":25854,"template":"","meta":{"_et_pb_use_builder":"","_et_pb_old_content":"","_et_gb_content_width":""},"pwb-brand":[733],"product_brand":[],"product_cat":[82],"product_tag":[],"class_list":{"0":"post-25443","1":"product","2":"type-product","3":"status-publish","4":"has-post-thumbnail","6":"pwb-brand-cambro","7":"product_cat-termosy-transportowe","9":"first","10":"instock","11":"taxable","12":"shipping-taxable","13":"purchasable","14":"product-type-simple"},"brands":[{"id":733,"name":"Cambro","slug":"cambro"}],"_links":{"self":[{"href":"https:\/\/www.multifrigo.pl\/sklep\/wp-json\/wp\/v2\/product\/25443","targetHints":{"allow":["GET"]}}],"collection":[{"href":"https:\/\/www.multifrigo.pl\/sklep\/wp-json\/wp\/v2\/product"}],"about":[{"href":"https:\/\/www.multifrigo.pl\/sklep\/wp-json\/wp\/v2\/types\/product"}],"wp:featuredmedia":[{"embeddable":true,"href":"https:\/\/www.multifrigo.pl\/sklep\/wp-json\/wp\/v2\/media\/25854"}],"wp:attachment":[{"href":"https:\/\/www.multifrigo.pl\/sklep\/wp-json\/wp\/v2\/media?parent=25443"}],"wp:term":[{"taxonomy":"pwb-brand","embeddable":true,"href":"https:\/\/www.multifrigo.pl\/sklep\/wp-json\/wp\/v2\/pwb-brand?post=25443"},{"taxonomy":"product_brand","embeddable":true,"href":"https:\/\/www.multifrigo.pl\/sklep\/wp-json\/wp\/v2\/product_brand?post=25443"},{"taxonomy":"product_cat","embeddable":true,"href":"https:\/\/www.multifrigo.pl\/sklep\/wp-json\/wp\/v2\/product_cat?post=25443"},{"taxonomy":"product_tag","embeddable":true,"href":"https:\/\/www.multifrigo.pl\/sklep\/wp-json\/wp\/v2\/product_tag?post=25443"}],"curies":[{"name":"wp","href":"https:\/\/api.w.org\/{rel}","templated":true}]}}