{"id":25448,"date":"2024-07-23T13:50:38","date_gmt":"2024-07-23T13:50:38","guid":{"rendered":"https:\/\/multifrigo.pl\/sklep\/produkt\/wozek-camdolly-do-termosow-cambro-upc400-upcs400-i-upch400-cambro-cd400401\/"},"modified":"2024-07-24T09:47:40","modified_gmt":"2024-07-24T09:47:40","slug":"wozek-camdolly-do-termosow-cambro-upc400-upcs400-i-upch400-cambro-cd400401","status":"publish","type":"product","link":"https:\/\/www.multifrigo.pl\/sklep\/produkt\/wozek-camdolly-do-termosow-cambro-upc400-upcs400-i-upch400-cambro-cd400401\/","title":{"rendered":"W\u00f3zek CAMDOLLY do termos\u00f3w Cambro UPC400, UPCS400 i UPCH400 | Cambro  CD400401"},"content":{"rendered":"<p><b>W\u00f3zek CAMDOLLY do termos\u00f3w Cambro UPC400, UPCS400 i UPCH400<\/b><\/p>\n<p>W\u00f3zek do termos\u00f3w Cambro UPC400 i UPCH4002<\/p>\n<p>W\u00f3zek s\u0142u\u017cy do wygodnego i stabilnego przewo\u017cenia i przechowywania wielu termos\u00f3w typu UPC. W\u00f3zek to niezawodne u\u0142atwienie pracy w bran\u017cy cateringowej i gastronomicznej, zapewnia \u0142atwy i bezpieczny transport termos\u00f3w z \u017cywno\u015bci\u0105.\u00a0 W\u00f3zek posiada 4 obrotowe, bardzo wytrzyma\u0142e k\u00f3\u0142ka. Dwa z nich wyposa\u017cone s\u0105 w hamulec aby stabilnie zabezpieczy\u0107 w\u00f3zek w jednym miejscu gdy nie jest u\u017cywany. Wykonany jest z bardzo\u00a0trwa\u0142ego tworzywa-plietylenu, kt\u00f3re jest odporne na wszelkie p\u0119kni\u0119cia, wgniecenia i inne mechaniczne uszkodzenia. Kolejn\u0105 zalet\u0105 jest jego odporno\u015b\u0107 na rdz\u0119 i korozj\u0119. W\u00f3zek ma spor\u0105 \u0142adowno\u015b\u0107 &#8211; mo\u017cna w nim przewozi\u0107 wiele pojemnik\u00f3w za jednym razem. Wytrzymuje ci\u0119\u017car do 136 kg.<\/p>\n","protected":false},"excerpt":{"rendered":"<p>W\u00f3zek CAMDOLLY do termos\u00f3w Cambro UPC400, UPCS400 i UPCH400 W\u00f3zek do termos\u00f3w Cambro UPC400 i UPCH4002 W\u00f3zek s\u0142u\u017cy do wygodnego i stabilnego przewo\u017cenia i przechowywania wielu termos\u00f3w typu UPC. W\u00f3zek to niezawodne u\u0142atwienie pracy w bran\u017cy cateringowej i gastronomicznej, zapewnia \u0142atwy i bezpieczny transport termos\u00f3w z \u017cywno\u015bci\u0105.\u00a0 W\u00f3zek posiada 4 obrotowe, bardzo wytrzyma\u0142e k\u00f3\u0142ka. Dwa [&hellip;]<\/p>\n","protected":false},"featured_media":25863,"template":"","meta":{"_et_pb_use_builder":"","_et_pb_old_content":"","_et_gb_content_width":""},"pwb-brand":[733],"product_brand":[],"product_cat":[630],"product_tag":[],"class_list":{"0":"post-25448","1":"product","2":"type-product","3":"status-publish","4":"has-post-thumbnail","6":"pwb-brand-cambro","7":"product_cat-pozostale-wozki","9":"first","10":"instock","11":"taxable","12":"shipping-taxable","13":"purchasable","14":"product-type-simple"},"brands":[{"id":733,"name":"Cambro","slug":"cambro"}],"_links":{"self":[{"href":"https:\/\/www.multifrigo.pl\/sklep\/wp-json\/wp\/v2\/product\/25448","targetHints":{"allow":["GET"]}}],"collection":[{"href":"https:\/\/www.multifrigo.pl\/sklep\/wp-json\/wp\/v2\/product"}],"about":[{"href":"https:\/\/www.multifrigo.pl\/sklep\/wp-json\/wp\/v2\/types\/product"}],"wp:featuredmedia":[{"embeddable":true,"href":"https:\/\/www.multifrigo.pl\/sklep\/wp-json\/wp\/v2\/media\/25863"}],"wp:attachment":[{"href":"https:\/\/www.multifrigo.pl\/sklep\/wp-json\/wp\/v2\/media?parent=25448"}],"wp:term":[{"taxonomy":"pwb-brand","embeddable":true,"href":"https:\/\/www.multifrigo.pl\/sklep\/wp-json\/wp\/v2\/pwb-brand?post=25448"},{"taxonomy":"product_brand","embeddable":true,"href":"https:\/\/www.multifrigo.pl\/sklep\/wp-json\/wp\/v2\/product_brand?post=25448"},{"taxonomy":"product_cat","embeddable":true,"href":"https:\/\/www.multifrigo.pl\/sklep\/wp-json\/wp\/v2\/product_cat?post=25448"},{"taxonomy":"product_tag","embeddable":true,"href":"https:\/\/www.multifrigo.pl\/sklep\/wp-json\/wp\/v2\/product_tag?post=25448"}],"curies":[{"name":"wp","href":"https:\/\/api.w.org\/{rel}","templated":true}]}}