{"id":25459,"date":"2024-07-23T13:50:42","date_gmt":"2024-07-23T13:50:42","guid":{"rendered":"https:\/\/multifrigo.pl\/sklep\/produkt\/pojemnik-z-polipropylenu-gn-1-3-glebokosc-100-mm-polprzezroczysty-cambro-34pp190\/"},"modified":"2025-05-22T21:26:25","modified_gmt":"2025-05-22T21:26:25","slug":"pojemnik-z-polipropylenu-gn-1-3-glebokosc-100-mm-polprzezroczysty-cambro-34pp190","status":"publish","type":"product","link":"https:\/\/www.multifrigo.pl\/sklep\/produkt\/pojemnik-z-polipropylenu-gn-1-3-glebokosc-100-mm-polprzezroczysty-cambro-34pp190\/","title":{"rendered":"Pojemnik z polipropylenu GN 1\/3, g\u0142\u0119boko\u015b\u0107 100 mm, p\u00f3\u0142przezroczysty  | Cambro  34PP190"},"content":{"rendered":"<p><b>Pojemnik z polipropylenu GN 1\/3, g\u0142\u0119boko\u015b\u0107 100 mm, p\u00f3\u0142przezroczysty <\/b><\/p>\n<p>Pojemnik z polipropylenu GN 1\/3 ameryka\u0144skiej marki Cambro<\/p>\n<p>Pojemnik GN jest przeznaczony do przechowywania \u017cywno\u015bci. Pojemnik wykonany z polipropylenu, tworzywa bardzo odpornego na uszkodzenia mechaniczne i wytrzymuj\u0105cego temperatury od -40\u02daC do 70\u02daC. G\u0142adka, zapobiegaj\u0105ca przywieraniu powierzchnia wewn\u0119trzna sprzyja \u0142atwemu zmywaniu. Nie reaguj\u0105 z \u017cywno\u015bci\u0105, minimalizuj\u0105c potencjalnie niebezpieczne reakcje chemiczne lub kwasowe. Szorstkie dno zmniejsza ryzyko ewentualnego uszkodzenia pojemnika przez zadrapanie przyrz\u0105dami kuchennymi. Jednolity ko\u0142nierz gwarantuje idealne dopasowanie do sto\u0142\u00f3w przygotowawczych i bar\u00f3w spo\u017cywczych. Mo\u017cliwo\u015b\u0107 sztaplowania-uk\u0142adanie w stosy oszcz\u0119dza miejsce.<\/p>\n","protected":false},"excerpt":{"rendered":"<p>Pojemnik z polipropylenu GN 1\/3, g\u0142\u0119boko\u015b\u0107 100 mm, p\u00f3\u0142przezroczysty Pojemnik z polipropylenu GN 1\/3 ameryka\u0144skiej marki Cambro Pojemnik GN jest przeznaczony do przechowywania \u017cywno\u015bci. Pojemnik wykonany z polipropylenu, tworzywa bardzo odpornego na uszkodzenia mechaniczne i wytrzymuj\u0105cego temperatury od -40\u02daC do 70\u02daC. G\u0142adka, zapobiegaj\u0105ca przywieraniu powierzchnia wewn\u0119trzna sprzyja \u0142atwemu zmywaniu. Nie reaguj\u0105 z \u017cywno\u015bci\u0105, minimalizuj\u0105c potencjalnie [&hellip;]<\/p>\n","protected":false},"featured_media":25924,"template":"","meta":{"_et_pb_use_builder":"","_et_pb_old_content":"","_et_gb_content_width":""},"pwb-brand":[733],"product_brand":[],"product_cat":[149],"product_tag":[],"class_list":{"0":"post-25459","1":"product","2":"type-product","3":"status-publish","4":"has-post-thumbnail","6":"pwb-brand-cambro","7":"product_cat-pojemniki-gn-z-polipropylenu","9":"first","10":"instock","11":"taxable","12":"shipping-taxable","13":"purchasable","14":"product-type-simple"},"brands":[{"id":733,"name":"Cambro","slug":"cambro"}],"_links":{"self":[{"href":"https:\/\/www.multifrigo.pl\/sklep\/wp-json\/wp\/v2\/product\/25459","targetHints":{"allow":["GET"]}}],"collection":[{"href":"https:\/\/www.multifrigo.pl\/sklep\/wp-json\/wp\/v2\/product"}],"about":[{"href":"https:\/\/www.multifrigo.pl\/sklep\/wp-json\/wp\/v2\/types\/product"}],"wp:featuredmedia":[{"embeddable":true,"href":"https:\/\/www.multifrigo.pl\/sklep\/wp-json\/wp\/v2\/media\/25924"}],"wp:attachment":[{"href":"https:\/\/www.multifrigo.pl\/sklep\/wp-json\/wp\/v2\/media?parent=25459"}],"wp:term":[{"taxonomy":"pwb-brand","embeddable":true,"href":"https:\/\/www.multifrigo.pl\/sklep\/wp-json\/wp\/v2\/pwb-brand?post=25459"},{"taxonomy":"product_brand","embeddable":true,"href":"https:\/\/www.multifrigo.pl\/sklep\/wp-json\/wp\/v2\/product_brand?post=25459"},{"taxonomy":"product_cat","embeddable":true,"href":"https:\/\/www.multifrigo.pl\/sklep\/wp-json\/wp\/v2\/product_cat?post=25459"},{"taxonomy":"product_tag","embeddable":true,"href":"https:\/\/www.multifrigo.pl\/sklep\/wp-json\/wp\/v2\/product_tag?post=25459"}],"curies":[{"name":"wp","href":"https:\/\/api.w.org\/{rel}","templated":true}]}}