{"id":25471,"date":"2024-07-23T13:50:45","date_gmt":"2024-07-23T13:50:45","guid":{"rendered":"https:\/\/multifrigo.pl\/sklep\/produkt\/pokrywa-szczelna-z-polipropylenu-gn-1-1-polprzezroczysta-cambro-10ppcwsc190\/"},"modified":"2024-07-24T10:02:21","modified_gmt":"2024-07-24T10:02:21","slug":"pokrywa-szczelna-z-polipropylenu-gn-1-1-polprzezroczysta-cambro-10ppcwsc190","status":"publish","type":"product","link":"https:\/\/www.multifrigo.pl\/sklep\/produkt\/pokrywa-szczelna-z-polipropylenu-gn-1-1-polprzezroczysta-cambro-10ppcwsc190\/","title":{"rendered":"Pokrywa szczelna z polipropylenu GN 1\/1, p\u00f3\u0142przezroczysta  | Cambro  10PPCWSC190"},"content":{"rendered":"<p><b>Pokrywa szczelna z polipropylenu GN 1\/1, p\u00f3\u0142przezroczysta <\/b><\/p>\n<p>Pokrywka uszczelniona GN 1\/1 z serii Camwear ameryka\u0144skiej marki Cambro<\/p>\n<p>Pokrywka jest przeznaczona do zamykania pojemnika s\u0142u\u017c\u0105cego do przechowywania, transportowania \u017cywno\u015bci. Pokrywka zosta\u0142a zaprojektowana specjalnie do mocowania na polipropylenowych pojemnikach GN. Uszczelnione p\u00f3\u0142przezroczyste pokrywy s\u0105 wyposa\u017cone w uszczelk\u0119 wewn\u0119trzn\u0105, zabezpieczaj\u0105c\u0105 przed rozlewaniem i umo\u017cliwiaj\u0105c\u0105 zachowanie \u015bwie\u017co\u015bci. Pokrywy zmniejszaj\u0105 tez ryzyko zanieczyszcze\u0144 krzy\u017cowych. Pokrywka wykonana zosta\u0142a z polipropylenu, tworzywa bardzo odpornego na uszkodzenia mechaniczne i wytrzymuj\u0105cego temperatury od -40\u02daC do 70\u02daC. G\u0142adka, zapobiegaj\u0105ca przywieraniu powierzchnia wewn\u0119trzna sprzyja \u0142atwemu zmywaniu. Nie reaguj\u0105 z \u017cywno\u015bci\u0105, minimalizuj\u0105c potencjalnie niebezpieczne reakcje chemiczne lub kwasowe. Jednolity ko\u0142nierz gwarantuje idealne dopasowanie do sto\u0142\u00f3w przygotowawczych i bar\u00f3w spo\u017cywczych.<\/p>\n<p>Pokrywa jest p\u00f3\u0142przezroczysta co u\u0142atwia szybka identyfikacj\u0119 zawarto\u015bci.<\/p>\n","protected":false},"excerpt":{"rendered":"<p>Pokrywa szczelna z polipropylenu GN 1\/1, p\u00f3\u0142przezroczysta Pokrywka uszczelniona GN 1\/1 z serii Camwear ameryka\u0144skiej marki Cambro Pokrywka jest przeznaczona do zamykania pojemnika s\u0142u\u017c\u0105cego do przechowywania, transportowania \u017cywno\u015bci. Pokrywka zosta\u0142a zaprojektowana specjalnie do mocowania na polipropylenowych pojemnikach GN. Uszczelnione p\u00f3\u0142przezroczyste pokrywy s\u0105 wyposa\u017cone w uszczelk\u0119 wewn\u0119trzn\u0105, zabezpieczaj\u0105c\u0105 przed rozlewaniem i umo\u017cliwiaj\u0105c\u0105 zachowanie \u015bwie\u017co\u015bci. Pokrywy zmniejszaj\u0105 [&hellip;]<\/p>\n","protected":false},"featured_media":25959,"template":"","meta":{"_et_pb_use_builder":"","_et_pb_old_content":"","_et_gb_content_width":""},"pwb-brand":[733],"product_brand":[],"product_cat":[148],"product_tag":[],"class_list":{"0":"post-25471","1":"product","2":"type-product","3":"status-publish","4":"has-post-thumbnail","6":"pwb-brand-cambro","7":"product_cat-pokrywy-gn-z-polipropylenu","9":"first","10":"instock","11":"taxable","12":"shipping-taxable","13":"purchasable","14":"product-type-simple"},"brands":[{"id":733,"name":"Cambro","slug":"cambro"}],"_links":{"self":[{"href":"https:\/\/www.multifrigo.pl\/sklep\/wp-json\/wp\/v2\/product\/25471","targetHints":{"allow":["GET"]}}],"collection":[{"href":"https:\/\/www.multifrigo.pl\/sklep\/wp-json\/wp\/v2\/product"}],"about":[{"href":"https:\/\/www.multifrigo.pl\/sklep\/wp-json\/wp\/v2\/types\/product"}],"wp:featuredmedia":[{"embeddable":true,"href":"https:\/\/www.multifrigo.pl\/sklep\/wp-json\/wp\/v2\/media\/25959"}],"wp:attachment":[{"href":"https:\/\/www.multifrigo.pl\/sklep\/wp-json\/wp\/v2\/media?parent=25471"}],"wp:term":[{"taxonomy":"pwb-brand","embeddable":true,"href":"https:\/\/www.multifrigo.pl\/sklep\/wp-json\/wp\/v2\/pwb-brand?post=25471"},{"taxonomy":"product_brand","embeddable":true,"href":"https:\/\/www.multifrigo.pl\/sklep\/wp-json\/wp\/v2\/product_brand?post=25471"},{"taxonomy":"product_cat","embeddable":true,"href":"https:\/\/www.multifrigo.pl\/sklep\/wp-json\/wp\/v2\/product_cat?post=25471"},{"taxonomy":"product_tag","embeddable":true,"href":"https:\/\/www.multifrigo.pl\/sklep\/wp-json\/wp\/v2\/product_tag?post=25471"}],"curies":[{"name":"wp","href":"https:\/\/api.w.org\/{rel}","templated":true}]}}