{"id":25479,"date":"2024-07-23T13:50:48","date_gmt":"2024-07-23T13:50:48","guid":{"rendered":"https:\/\/multifrigo.pl\/sklep\/produkt\/kosz-do-mycia-kubkow-16-przegrod-max-wys-66-cm-cambro-16c258151\/"},"modified":"2024-07-24T10:05:31","modified_gmt":"2024-07-24T10:05:31","slug":"kosz-do-mycia-kubkow-16-przegrod-max-wys-66-cm-cambro-16c258151","status":"publish","type":"product","link":"https:\/\/www.multifrigo.pl\/sklep\/produkt\/kosz-do-mycia-kubkow-16-przegrod-max-wys-66-cm-cambro-16c258151\/","title":{"rendered":"Kosz do mycia kubk\u00f3w, 16 przegr\u00f3d, max. wys. 6,6 cm | Cambro  16C258151"},"content":{"rendered":"<p><b>Kosz do mycia kubk\u00f3w, 16 przegr\u00f3d, max. wys. 6,6 cm<\/b><\/p>\n<p>Kosz do mycia kubk\u00f3w i fili\u017canek w systemie Camrack Cambro. Konstrukcja kosza umo\u017cliwia szybkie umycie oraz suszenie\u00a0kubk\u00f3w. W podstawie umieszczone s\u0105 specjalne elementy, dzi\u0119ki kt\u00f3rym kubek jest ustawiony w pozycji pochylonej- dzi\u0119ki temu woda nie zbiera si\u0119 na spodzie kubka (tak by by\u0142o gdyby by\u0142 ustawiony na r\u00f3wnym pod\u0142o\u017cu)\u00a0a sp\u0142ywa. Wewn\u0119trzna kratka sprzyja obiegowi wody i szybkiemu suszeniu. Kosz wykonany jest z wytrzyma\u0142ego polipropylenu, kt\u00f3ry jest niezwykle odporny na dzia\u0142ania chemikali\u00f3w oraz na temperatur\u0119 do 93,3 stopni Celsjusza. G\u0142adko zako\u0144czone kraw\u0119dzie bok\u00f3w sprawiaj\u0105, \u017ce kosze mo\u017cna uk\u0142ada\u0107 jeden na drugim. Dodatkow\u0105 zalet\u0105 s\u0105 dopasowane boki zapewniaj\u0105ce komfortowe przechowywanie a g\u0142adkie wyko\u0144czenie i zaokr\u0105glone kraw\u0119dzie zwi\u0119kszaj\u0105 bezpiecze\u0144stwo. Cztery ergonomiczne uchwyty z ka\u017cdej strony podstawy u\u0142atwiaj\u0105 przenoszenie ca\u0142ego kosza.<\/p>\n<p>Kosz Cambro Camrack to niezast\u0105pione rozwi\u0105zanie w ka\u017cdej gastronomii, gdzie wyst\u0119puje potrzeba mycia kubk\u00f3w, fili\u017canek, sztu\u0107c\u00f3w, przybor\u00f3w kuchennych, naczy\u0144-szklanek, kieliszk\u00f3w, talerzy.\u00a0<\/p>\n","protected":false},"excerpt":{"rendered":"<p>Kosz do mycia kubk\u00f3w, 16 przegr\u00f3d, max. wys. 6,6 cm Kosz do mycia kubk\u00f3w i fili\u017canek w systemie Camrack Cambro. Konstrukcja kosza umo\u017cliwia szybkie umycie oraz suszenie\u00a0kubk\u00f3w. W podstawie umieszczone s\u0105 specjalne elementy, dzi\u0119ki kt\u00f3rym kubek jest ustawiony w pozycji pochylonej- dzi\u0119ki temu woda nie zbiera si\u0119 na spodzie kubka (tak by by\u0142o gdyby by\u0142 [&hellip;]<\/p>\n","protected":false},"featured_media":25990,"template":"","meta":{"_et_pb_use_builder":"","_et_pb_old_content":"","_et_gb_content_width":""},"pwb-brand":[733],"product_brand":[],"product_cat":[499],"product_tag":[],"class_list":{"0":"post-25479","1":"product","2":"type-product","3":"status-publish","4":"has-post-thumbnail","6":"pwb-brand-cambro","7":"product_cat-kosze-do-zmywarek","9":"first","10":"instock","11":"taxable","12":"shipping-taxable","13":"purchasable","14":"product-type-simple"},"brands":[{"id":733,"name":"Cambro","slug":"cambro"}],"_links":{"self":[{"href":"https:\/\/www.multifrigo.pl\/sklep\/wp-json\/wp\/v2\/product\/25479","targetHints":{"allow":["GET"]}}],"collection":[{"href":"https:\/\/www.multifrigo.pl\/sklep\/wp-json\/wp\/v2\/product"}],"about":[{"href":"https:\/\/www.multifrigo.pl\/sklep\/wp-json\/wp\/v2\/types\/product"}],"wp:featuredmedia":[{"embeddable":true,"href":"https:\/\/www.multifrigo.pl\/sklep\/wp-json\/wp\/v2\/media\/25990"}],"wp:attachment":[{"href":"https:\/\/www.multifrigo.pl\/sklep\/wp-json\/wp\/v2\/media?parent=25479"}],"wp:term":[{"taxonomy":"pwb-brand","embeddable":true,"href":"https:\/\/www.multifrigo.pl\/sklep\/wp-json\/wp\/v2\/pwb-brand?post=25479"},{"taxonomy":"product_brand","embeddable":true,"href":"https:\/\/www.multifrigo.pl\/sklep\/wp-json\/wp\/v2\/product_brand?post=25479"},{"taxonomy":"product_cat","embeddable":true,"href":"https:\/\/www.multifrigo.pl\/sklep\/wp-json\/wp\/v2\/product_cat?post=25479"},{"taxonomy":"product_tag","embeddable":true,"href":"https:\/\/www.multifrigo.pl\/sklep\/wp-json\/wp\/v2\/product_tag?post=25479"}],"curies":[{"name":"wp","href":"https:\/\/api.w.org\/{rel}","templated":true}]}}