{"id":25484,"date":"2024-07-23T13:50:49","date_gmt":"2024-07-23T13:50:49","guid":{"rendered":"https:\/\/multifrigo.pl\/sklep\/produkt\/kosz-z-otwartym-bokiem-na-tace-camrack-do-zmywarek-cambro-oetr314151\/"},"modified":"2024-07-24T10:06:38","modified_gmt":"2024-07-24T10:06:38","slug":"kosz-z-otwartym-bokiem-na-tace-camrack-do-zmywarek-cambro-oetr314151","status":"publish","type":"product","link":"https:\/\/www.multifrigo.pl\/sklep\/produkt\/kosz-z-otwartym-bokiem-na-tace-camrack-do-zmywarek-cambro-oetr314151\/","title":{"rendered":"Kosz z otwartym bokiem na tace Camrack do zmywarek | Cambro  OETR314151"},"content":{"rendered":"<p><b>Kosz z otwartym bokiem na tace Camrack do zmywarek<\/b><\/p>\n<p>Kosz do mycia\u00a0 tac w systemie Camrack Cambro. Konstrukcja kosza umo\u017cliwia umycie tac r\u00f3\u017cnej wielko\u015bci. Kosz wykonany jest z wytrzyma\u0142ego polipropylenu, kt\u00f3ry jest niezwykle odporny na dzia\u0142ania chemikali\u00f3w oraz na temperatur\u0119 do 93,3 stopni Celsjusza. G\u0142adko zako\u0144czone kraw\u0119dzie bok\u00f3w oraz bolc\u00f3w sprawiaj\u0105, \u017ce kosze mo\u017cna uk\u0142ada\u0107 jeden na drugim. Dodatkow\u0105 zalet\u0105 s\u0105 dopasowane boki zapewniaj\u0105ce komfortowe przechowywanie a g\u0142adkie boki i zaokr\u0105glone kraw\u0119dzie zwi\u0119kszaj\u0105 bezpiecze\u0144stwo. Cztery ergonomiczne uchwyty z ka\u017cdej strony podstawy u\u0142atwiaj\u0105 przenoszenie ca\u0142ego kosza. Jeden z bok\u00f3w jest otwarty-umo\u017cliwia to mycie tac o niestandardowych wymiarach. Kosz zmie\u015bci 9 du\u017cych tac.<\/p>\n<p>Kosz Cambro Camrack to niezast\u0105pione rozwi\u0105zanie w ka\u017cdej gastronomii, gdzie wyst\u0119puje potrzeba mycia naczy\u0144-szklanek, kieliszk\u00f3w, talerzy czy tac.\u00a0<\/p>\n","protected":false},"excerpt":{"rendered":"<p>Kosz z otwartym bokiem na tace Camrack do zmywarek Kosz do mycia\u00a0 tac w systemie Camrack Cambro. Konstrukcja kosza umo\u017cliwia umycie tac r\u00f3\u017cnej wielko\u015bci. Kosz wykonany jest z wytrzyma\u0142ego polipropylenu, kt\u00f3ry jest niezwykle odporny na dzia\u0142ania chemikali\u00f3w oraz na temperatur\u0119 do 93,3 stopni Celsjusza. G\u0142adko zako\u0144czone kraw\u0119dzie bok\u00f3w oraz bolc\u00f3w sprawiaj\u0105, \u017ce kosze mo\u017cna uk\u0142ada\u0107 [&hellip;]<\/p>\n","protected":false},"featured_media":25996,"template":"","meta":{"_et_pb_use_builder":"","_et_pb_old_content":"","_et_gb_content_width":""},"pwb-brand":[733],"product_brand":[],"product_cat":[499],"product_tag":[],"class_list":{"0":"post-25484","1":"product","2":"type-product","3":"status-publish","4":"has-post-thumbnail","6":"pwb-brand-cambro","7":"product_cat-kosze-do-zmywarek","9":"first","10":"instock","11":"taxable","12":"shipping-taxable","13":"purchasable","14":"product-type-simple"},"brands":[{"id":733,"name":"Cambro","slug":"cambro"}],"_links":{"self":[{"href":"https:\/\/www.multifrigo.pl\/sklep\/wp-json\/wp\/v2\/product\/25484","targetHints":{"allow":["GET"]}}],"collection":[{"href":"https:\/\/www.multifrigo.pl\/sklep\/wp-json\/wp\/v2\/product"}],"about":[{"href":"https:\/\/www.multifrigo.pl\/sklep\/wp-json\/wp\/v2\/types\/product"}],"wp:featuredmedia":[{"embeddable":true,"href":"https:\/\/www.multifrigo.pl\/sklep\/wp-json\/wp\/v2\/media\/25996"}],"wp:attachment":[{"href":"https:\/\/www.multifrigo.pl\/sklep\/wp-json\/wp\/v2\/media?parent=25484"}],"wp:term":[{"taxonomy":"pwb-brand","embeddable":true,"href":"https:\/\/www.multifrigo.pl\/sklep\/wp-json\/wp\/v2\/pwb-brand?post=25484"},{"taxonomy":"product_brand","embeddable":true,"href":"https:\/\/www.multifrigo.pl\/sklep\/wp-json\/wp\/v2\/product_brand?post=25484"},{"taxonomy":"product_cat","embeddable":true,"href":"https:\/\/www.multifrigo.pl\/sklep\/wp-json\/wp\/v2\/product_cat?post=25484"},{"taxonomy":"product_tag","embeddable":true,"href":"https:\/\/www.multifrigo.pl\/sklep\/wp-json\/wp\/v2\/product_tag?post=25484"}],"curies":[{"name":"wp","href":"https:\/\/api.w.org\/{rel}","templated":true}]}}