{"id":25490,"date":"2024-07-23T13:50:51","date_gmt":"2024-07-23T13:50:51","guid":{"rendered":"https:\/\/multifrigo.pl\/sklep\/produkt\/nadstawka-typu-half-drop-do-kosza-cambro-20-przegrod-cambro-20ge5151\/"},"modified":"2024-07-24T10:07:23","modified_gmt":"2024-07-24T10:07:23","slug":"nadstawka-typu-half-drop-do-kosza-cambro-20-przegrod-cambro-20ge5151","status":"publish","type":"product","link":"https:\/\/www.multifrigo.pl\/sklep\/produkt\/nadstawka-typu-half-drop-do-kosza-cambro-20-przegrod-cambro-20ge5151\/","title":{"rendered":"Nadstawka typu half-drop do kosza Cambro, 20 przegr\u00f3d  | Cambro  20GE5151"},"content":{"rendered":"<p><b>Nadstawka typu half-drop do kosza Cambro, 20 przegr\u00f3d <\/b><\/p>\n<p>Nadstawka Cambro chroni szk\u0142o typu szklanki i kieliszki podczas mycia w przemys\u0142owej zmywarce. Umieszcza si\u0119 j\u0105 na g\u00f3rze w koszach Camrack Cambro. Dno nadstawki jest otwarte, dzi\u0119ki czemu zapewniony jest obieg wody. Szk\u0142o jest szybko i dok\u0142adnie umyte i szybko schnie. Nadstawa wykonana jest z wytrzyma\u0142ego polipropylenu, kt\u00f3ry jest niezwykle odporny na dzia\u0142ania chemikali\u00f3w oraz na temperatur\u0119 do 93,3 stopni Celsjusza. Zamkni\u0119te, pe\u0142ne \u015bcianki zewn\u0119trzne chroni\u0105 naczynia przed dotykiem, zabrudzeniem, niebezpiecze\u0144stwem przypadkowego uszkodzenia oraz chroni\u0105 u\u017cytkownik\u00f3w przed skaleczeniami. Dzi\u0119ki pokrywie Camrack i w\u00f3zkowi do koszy(do kupienia osobno) system zapewnia w\u0142a\u015bciwe zamkni\u0119cie. Szk\u0142o jest czyste podczas przechowywania, aby naczynia trzeba by\u0142o my\u0107 tylko raz. Dodatkow\u0105 zalet\u0105 s\u0105 dopasowane boki zapewniaj\u0105ce komfortowe przechowywanie a g\u0142adkie boki i zaokr\u0105glone kraw\u0119dzie zwi\u0119kszaj\u0105 bezpiecze\u0144stwo.\u00a0<\/p>\n<p>Kosz Cambro Camrack to niezast\u0105pione rozwi\u0105zanie w ka\u017cdej firmie gastronomicznej, gdzie wyst\u0119puje potrzeba mycia szklanych naczy\u0144-szklanek, kieliszk\u00f3w. Skrzynka z\u0142o\u017cona z podstawy oraz nadstawki (lub kilku nadstawek) s\u0142u\u017cy do mycia, przechowywania i bezpiecznego transportowania szk\u0142a.<\/p>\n","protected":false},"excerpt":{"rendered":"<p>Nadstawka typu half-drop do kosza Cambro, 20 przegr\u00f3d Nadstawka Cambro chroni szk\u0142o typu szklanki i kieliszki podczas mycia w przemys\u0142owej zmywarce. Umieszcza si\u0119 j\u0105 na g\u00f3rze w koszach Camrack Cambro. Dno nadstawki jest otwarte, dzi\u0119ki czemu zapewniony jest obieg wody. Szk\u0142o jest szybko i dok\u0142adnie umyte i szybko schnie. Nadstawa wykonana jest z wytrzyma\u0142ego polipropylenu, [&hellip;]<\/p>\n","protected":false},"featured_media":26004,"template":"","meta":{"_et_pb_use_builder":"","_et_pb_old_content":"","_et_gb_content_width":""},"pwb-brand":[733],"product_brand":[],"product_cat":[500],"product_tag":[],"class_list":{"0":"post-25490","1":"product","2":"type-product","3":"status-publish","4":"has-post-thumbnail","6":"pwb-brand-cambro","7":"product_cat-nadstawy-do-koszy","9":"first","10":"instock","11":"taxable","12":"shipping-taxable","13":"purchasable","14":"product-type-simple"},"brands":[{"id":733,"name":"Cambro","slug":"cambro"}],"_links":{"self":[{"href":"https:\/\/www.multifrigo.pl\/sklep\/wp-json\/wp\/v2\/product\/25490","targetHints":{"allow":["GET"]}}],"collection":[{"href":"https:\/\/www.multifrigo.pl\/sklep\/wp-json\/wp\/v2\/product"}],"about":[{"href":"https:\/\/www.multifrigo.pl\/sklep\/wp-json\/wp\/v2\/types\/product"}],"wp:featuredmedia":[{"embeddable":true,"href":"https:\/\/www.multifrigo.pl\/sklep\/wp-json\/wp\/v2\/media\/26004"}],"wp:attachment":[{"href":"https:\/\/www.multifrigo.pl\/sklep\/wp-json\/wp\/v2\/media?parent=25490"}],"wp:term":[{"taxonomy":"pwb-brand","embeddable":true,"href":"https:\/\/www.multifrigo.pl\/sklep\/wp-json\/wp\/v2\/pwb-brand?post=25490"},{"taxonomy":"product_brand","embeddable":true,"href":"https:\/\/www.multifrigo.pl\/sklep\/wp-json\/wp\/v2\/product_brand?post=25490"},{"taxonomy":"product_cat","embeddable":true,"href":"https:\/\/www.multifrigo.pl\/sklep\/wp-json\/wp\/v2\/product_cat?post=25490"},{"taxonomy":"product_tag","embeddable":true,"href":"https:\/\/www.multifrigo.pl\/sklep\/wp-json\/wp\/v2\/product_tag?post=25490"}],"curies":[{"name":"wp","href":"https:\/\/api.w.org\/{rel}","templated":true}]}}