{"id":25496,"date":"2024-07-23T13:50:52","date_gmt":"2024-07-23T13:50:52","guid":{"rendered":"https:\/\/multifrigo.pl\/sklep\/produkt\/wozek-camdolly-do-transportu-koszy-cambro-cdr2020151\/"},"modified":"2024-07-24T10:09:04","modified_gmt":"2024-07-24T10:09:04","slug":"wozek-camdolly-do-transportu-koszy-cambro-cdr2020151","status":"publish","type":"product","link":"https:\/\/www.multifrigo.pl\/sklep\/produkt\/wozek-camdolly-do-transportu-koszy-cambro-cdr2020151\/","title":{"rendered":"W\u00f3zek CAMDOLLY do transportu koszy   | Cambro  CDR2020151"},"content":{"rendered":"<p><b>W\u00f3zek CAMDOLLY do transportu koszy  <\/b><\/p>\n<p>W\u00f3zek do koszy przeznaczony do systemu Camrack Cambro u\u0142atwia przechowywanie i transport szk\u0142a typu szklanki i kieliszki. W\u00f3zek zmniejsza ryzyko zwi\u0105zane z niepotrzebnym d\u017awiganiem koszy, jest niezast\u0105pionym rozwi\u0105zaniem je\u015bli chcemy bezpiecznie i higienicznie przechowywa\u0107 delikatne naczynia i szk\u0142o. Wykonany jest z wytrzyma\u0142ego polipropylenu, kt\u00f3ry jest niezwykle odporny na dzia\u0142ania chemikali\u00f3w oraz na temperatur\u0119 do 93,3 stopni Celsjusza. Cztery obrotowe k\u00f3\u0142ka u\u0142atwiaj\u0105 manewrowanie po ka\u017cdej\u00a0powierzchni.<\/p>\n<p>W\u00f3zek jest niezwykle wytrzyma\u0142y i odporny na wszelkie wgniecenia, p\u0119kni\u0119cia itp. Utrzymuje czyste naczynia w nienaruszonym stanie. Kurz, odciski r\u0105k, owady czy woda z mopa podczas mycia pod\u0142ogi nie stanowi zagro\u017cenia. Co to dla Ciebie oznacza? Raz umyte naczynia bezpiecznie czekaj\u0105 do nast\u0119pnego u\u017cycia.<\/p>\n<p>System\u00a0Cambro Camrack to niezast\u0105pione rozwi\u0105zanie w ka\u017cdej firmie gastronomicznej, gdzie wyst\u0119puje potrzeba mycia szklanych naczy\u0144-szklanek, kieliszk\u00f3w. Skrzynka z\u0142o\u017cona z podstawy oraz nadstawki (lub kilku nadstawek) s\u0142u\u017cy do mycia, przechowywania i bezpiecznego transportowania szk\u0142a.<\/p>\n","protected":false},"excerpt":{"rendered":"<p>W\u00f3zek CAMDOLLY do transportu koszy W\u00f3zek do koszy przeznaczony do systemu Camrack Cambro u\u0142atwia przechowywanie i transport szk\u0142a typu szklanki i kieliszki. W\u00f3zek zmniejsza ryzyko zwi\u0105zane z niepotrzebnym d\u017awiganiem koszy, jest niezast\u0105pionym rozwi\u0105zaniem je\u015bli chcemy bezpiecznie i higienicznie przechowywa\u0107 delikatne naczynia i szk\u0142o. Wykonany jest z wytrzyma\u0142ego polipropylenu, kt\u00f3ry jest niezwykle odporny na dzia\u0142ania chemikali\u00f3w [&hellip;]<\/p>\n","protected":false},"featured_media":26008,"template":"","meta":{"_et_pb_use_builder":"","_et_pb_old_content":"","_et_gb_content_width":""},"pwb-brand":[733],"product_brand":[],"product_cat":[630],"product_tag":[],"class_list":{"0":"post-25496","1":"product","2":"type-product","3":"status-publish","4":"has-post-thumbnail","6":"pwb-brand-cambro","7":"product_cat-pozostale-wozki","9":"first","10":"instock","11":"taxable","12":"shipping-taxable","13":"purchasable","14":"product-type-simple"},"brands":[{"id":733,"name":"Cambro","slug":"cambro"}],"_links":{"self":[{"href":"https:\/\/www.multifrigo.pl\/sklep\/wp-json\/wp\/v2\/product\/25496","targetHints":{"allow":["GET"]}}],"collection":[{"href":"https:\/\/www.multifrigo.pl\/sklep\/wp-json\/wp\/v2\/product"}],"about":[{"href":"https:\/\/www.multifrigo.pl\/sklep\/wp-json\/wp\/v2\/types\/product"}],"wp:featuredmedia":[{"embeddable":true,"href":"https:\/\/www.multifrigo.pl\/sklep\/wp-json\/wp\/v2\/media\/26008"}],"wp:attachment":[{"href":"https:\/\/www.multifrigo.pl\/sklep\/wp-json\/wp\/v2\/media?parent=25496"}],"wp:term":[{"taxonomy":"pwb-brand","embeddable":true,"href":"https:\/\/www.multifrigo.pl\/sklep\/wp-json\/wp\/v2\/pwb-brand?post=25496"},{"taxonomy":"product_brand","embeddable":true,"href":"https:\/\/www.multifrigo.pl\/sklep\/wp-json\/wp\/v2\/product_brand?post=25496"},{"taxonomy":"product_cat","embeddable":true,"href":"https:\/\/www.multifrigo.pl\/sklep\/wp-json\/wp\/v2\/product_cat?post=25496"},{"taxonomy":"product_tag","embeddable":true,"href":"https:\/\/www.multifrigo.pl\/sklep\/wp-json\/wp\/v2\/product_tag?post=25496"}],"curies":[{"name":"wp","href":"https:\/\/api.w.org\/{rel}","templated":true}]}}