{"id":26151,"date":"2024-07-29T11:44:09","date_gmt":"2024-07-29T11:44:09","guid":{"rendered":"https:\/\/multifrigo.pl\/sklep\/produkt\/produkt\/"},"modified":"2024-07-29T11:46:59","modified_gmt":"2024-07-29T11:46:59","slug":"produkt","status":"publish","type":"product","link":"https:\/\/www.multifrigo.pl\/sklep\/produkt\/produkt\/","title":{"rendered":"Taca termiczna GoBox bez naczy\u0144 | Cambro  ITENEPP107"},"content":{"rendered":"<p><b>Taca termiczna GoBox bez naczy\u0144<\/b><\/p>\n<p>Taca termiczna GOBOX &#8211; Lekka, wytrzyma\u0142a, ekonomiczna Taca termiczna GoBox to najekonomiczniejsze rozwi\u0105zanie je\u015bli chodzi o\u00a0 dostarczanie pojedynczego posi\u0142ku. Lekka izolowana taca rozdziela zimne i ciep\u0142e produkty, utrzymuj\u0105c w\u0142a\u015bciw\u0105 temperatur\u0119 do 60 minut. Dodatkowe komory mog\u0105 zosta\u0107 wykorzystane na napoje lub przek\u0105ski. \u2022 wykonana ze spienionego polipropylenu \u2022 materia\u0142 wolny od CFC \u2022 utrzymuje ciep\u0142o i zimno do 60 minut \u2022 mo\u017cna uk\u0142ada\u0107 tace jedna na drugiej<\/p>\n<p>Systemy te oparte s\u0105 na tacach wykonanych z wyj\u0105tkowo wytrzyma\u0142ego polipropylenu lub spienionego polipropylenu, bezpiecznego do kontaktu z \u017cywno\u015bci\u0105, kt\u00f3ry nie nadaje jej \u017cadnego zapachu ani smaku. Izolacj\u0119 w przypadku tac z polipropylenu stanowi pianka poliuretanowa znajduj\u0105ca si\u0119 pomi\u0119dzy \u015bciankami, kt\u00f3ra nie zawiera freonu, natomiast spieniony polipropylen sam w sobie jest izolatorem. Wszystkie elementy maj\u0105 powierzchnie \u0142atwe do czyszczenia i nadaj\u0105 si\u0119 do mycia w zmywarce. Tace mieszcz\u0105 ka\u017cdy rodzaj posi\u0142ku (\u015bniadanie, obiad, kolacja) wraz z dodatkami w postaci przek\u0105sek, sztu\u0107c\u00f3w, serwetek, czy karty menu pacjenta. Systemy tac termicznych wykorzystuj\u0105 zasad\u0119 strefy termicznej i\u00a0maj\u0105 oddzielne przedzia\u0142y z podwy\u017cszonymi kraw\u0119dziami dla r\u00f3\u017cnych sk\u0142adnik\u00f3w posi\u0142k\u00f3w. Podwy\u017cszone kraw\u0119dzie utrzymuj\u0105 naczynia we w\u0142a\u015bciwym miejscu i zapobiegaj\u0105 wyciekaniu. U\u0142atwia to \u017cywienie pacjent\u00f3w, kt\u00f3rych ruchy s\u0105 ograniczone. Podzia\u0142 tacy na strefy termiczne powoduje, \u017ce podawane s\u0105 gor\u0105ce i\u00a0zimne sk\u0142adniki posi\u0142k\u00f3w obok siebie. Tace mo\u017cna uk\u0142ada\u0107 jedna na drugiej i transportowa\u0107 w\u00a0 w\u00f3zkach mi\u0119dzy oddzia\u0142ami.<\/p>\n","protected":false},"excerpt":{"rendered":"<p>Taca termiczna GoBox bez naczy\u0144 Taca termiczna GOBOX &#8211; Lekka, wytrzyma\u0142a, ekonomiczna Taca termiczna GoBox to najekonomiczniejsze rozwi\u0105zanie je\u015bli chodzi o\u00a0 dostarczanie pojedynczego posi\u0142ku. Lekka izolowana taca rozdziela zimne i ciep\u0142e produkty, utrzymuj\u0105c w\u0142a\u015bciw\u0105 temperatur\u0119 do 60 minut. Dodatkowe komory mog\u0105 zosta\u0107 wykorzystane na napoje lub przek\u0105ski. \u2022 wykonana ze spienionego polipropylenu \u2022 materia\u0142 wolny [&hellip;]<\/p>\n","protected":false},"featured_media":26150,"template":"","meta":{"_et_pb_use_builder":"","_et_pb_old_content":"","_et_gb_content_width":""},"pwb-brand":[733],"product_brand":[],"product_cat":[286],"product_tag":[],"class_list":{"0":"post-26151","1":"product","2":"type-product","3":"status-publish","4":"has-post-thumbnail","6":"pwb-brand-cambro","7":"product_cat-tace-antyposlizgowe","9":"first","10":"instock","11":"taxable","12":"shipping-taxable","13":"purchasable","14":"product-type-simple"},"brands":[{"id":733,"name":"Cambro","slug":"cambro"}],"_links":{"self":[{"href":"https:\/\/www.multifrigo.pl\/sklep\/wp-json\/wp\/v2\/product\/26151","targetHints":{"allow":["GET"]}}],"collection":[{"href":"https:\/\/www.multifrigo.pl\/sklep\/wp-json\/wp\/v2\/product"}],"about":[{"href":"https:\/\/www.multifrigo.pl\/sklep\/wp-json\/wp\/v2\/types\/product"}],"wp:featuredmedia":[{"embeddable":true,"href":"https:\/\/www.multifrigo.pl\/sklep\/wp-json\/wp\/v2\/media\/26150"}],"wp:attachment":[{"href":"https:\/\/www.multifrigo.pl\/sklep\/wp-json\/wp\/v2\/media?parent=26151"}],"wp:term":[{"taxonomy":"pwb-brand","embeddable":true,"href":"https:\/\/www.multifrigo.pl\/sklep\/wp-json\/wp\/v2\/pwb-brand?post=26151"},{"taxonomy":"product_brand","embeddable":true,"href":"https:\/\/www.multifrigo.pl\/sklep\/wp-json\/wp\/v2\/product_brand?post=26151"},{"taxonomy":"product_cat","embeddable":true,"href":"https:\/\/www.multifrigo.pl\/sklep\/wp-json\/wp\/v2\/product_cat?post=26151"},{"taxonomy":"product_tag","embeddable":true,"href":"https:\/\/www.multifrigo.pl\/sklep\/wp-json\/wp\/v2\/product_tag?post=26151"}],"curies":[{"name":"wp","href":"https:\/\/api.w.org\/{rel}","templated":true}]}}