{"id":26289,"date":"2024-07-29T12:37:56","date_gmt":"2024-07-29T12:37:56","guid":{"rendered":"https:\/\/multifrigo.pl\/sklep\/?post_type=product&#038;p=26289"},"modified":"2024-07-29T12:45:03","modified_gmt":"2024-07-29T12:45:03","slug":"kosz-na-szklo-max-sr-szkl-109-mm-max-wys-215-cm-cambro-16s800","status":"publish","type":"product","link":"https:\/\/www.multifrigo.pl\/sklep\/produkt\/kosz-na-szklo-max-sr-szkl-109-mm-max-wys-215-cm-cambro-16s800\/","title":{"rendered":"Kosz na szk\u0142o max. \u015br. szkl. 109 mm, max. wys. 21,5 cm | Cambro  16S800"},"content":{"rendered":"<p><b>Kosz Cambro Camrack<\/b> to niezast\u0105pione rozwi\u0105zanie w ka\u017cdej firmie gastronomicznej, gdzie wyst\u0119puje potrzeba mycia szklanych naczy\u0144-szklanek, kieliszk\u00f3w. Skrzynka s\u0142u\u017cy do mycia, przechowywania i bezpiecznego transportowania szk\u0142a.<\/p>\n<p>Kosz mie\u015bci jednocze\u015bnie 16 szklanek czy kieliszk\u00f3w. Uniwersalne wymiary pojemnika sprawiaj\u0105, \u017ce jest on kompatybilny z wi\u0119kszo\u015bci\u0105 zmywarek przemys\u0142owych &#8211; znajdzie wi\u0119c zastosowanie w kuchniach restauracyjnych, hotelowych itp.\u00a0 Mo\u017cliwo\u015b\u0107 sztaplowania koszy sprawia, \u017ce skrzynki ze szk\u0142em zajmuj\u0105 ma\u0142o miejsca, a dodatkowa zalet\u0105 jest to, \u017ce delikatne naczynia s\u0105 przechowywane w bezpieczny spos\u00f3b, nienara\u017cone na st\u0142uczenie.<\/p>\n<p>Wewn\u0119trzna, otwarta konstrukcja kosza Camrack sprawia, \u017ce woda ma szybki obieg i dociera w ka\u017cdy zakamarek. Dodatkowo wp\u0142ywa to na wentylacj\u0119-naczynia szybko schn\u0105. Zewn\u0119trzna konstrukcja jest zamkni\u0119ta co\u00a0zwi\u0119ksza\u00a0bezpiecze\u0144stwo osoby przenosz\u0105cej kosze-ryzyko przytrza\u015bni\u0119cia palc\u00f3w jest zminimalizowane. Dodatkowa zalet\u0105 takiej konstrukcji kosza jest to, \u017ce brudne naczynia s\u0105 odseparowane od czystych. Skrzynki posiadaj\u0105 ergonomiczne uchwyty z ka\u017cdego boku, dzi\u0119ki kt\u00f3rym ich przenoszenie jest wygodne i bezpieczne.<\/p>\n<p>Kosz wykonany jest z wytrzyma\u0142ego polipropylenu, kt\u00f3ry jest niezwykle odporny na dzia\u0142ania chemikali\u00f3w oraz na temperatur\u0119 do 93,3 stopni Celsjusza. Pojemniki Camrack dost\u0119pne s\u0105 w wielu kolorach aby bez zagl\u0105dania do wn\u0119trza kosza mo\u017cna by\u0142o zidentyfikowa\u0107 jego zawarto\u015b\u0107. Kosze mog\u0105 by\u0107 u\u017cywane z w\u00f3zkami Camdolly oraz pokrywami (do kupienia osobno) aby zapewni\u0107 ca\u0142kowicie zamkni\u0119cie podczas przechowywania. Skrzynki dost\u0119pne s\u0105 w wielu wersjach z nast\u0119puj\u0105c\u0105 ilo\u015bci\u0105 p\u00f3l: 9, 16, 20, 25, 30, 36 oraz 49.<\/p>\n","protected":false},"excerpt":{"rendered":"<p>Kosz Cambro Camrack to niezast\u0105pione rozwi\u0105zanie w ka\u017cdej firmie gastronomicznej, gdzie wyst\u0119puje potrzeba mycia szklanych naczy\u0144-szklanek, kieliszk\u00f3w. Skrzynka s\u0142u\u017cy do mycia, przechowywania i bezpiecznego transportowania szk\u0142a. Kosz mie\u015bci jednocze\u015bnie 16 szklanek czy kieliszk\u00f3w. Uniwersalne wymiary pojemnika sprawiaj\u0105, \u017ce jest on kompatybilny z wi\u0119kszo\u015bci\u0105 zmywarek przemys\u0142owych &#8211; znajdzie wi\u0119c zastosowanie w kuchniach restauracyjnych, hotelowych itp.\u00a0 Mo\u017cliwo\u015b\u0107 [&hellip;]<\/p>\n","protected":false},"featured_media":26338,"template":"","meta":{"_et_pb_use_builder":"","_et_pb_old_content":"","_et_gb_content_width":""},"pwb-brand":[733],"product_brand":[],"product_cat":[499],"product_tag":[],"class_list":{"0":"post-26289","1":"product","2":"type-product","3":"status-publish","4":"has-post-thumbnail","6":"pwb-brand-cambro","7":"product_cat-kosze-do-zmywarek","9":"first","10":"instock","11":"taxable","12":"shipping-taxable","13":"purchasable","14":"product-type-variable"},"brands":[{"id":733,"name":"Cambro","slug":"cambro"}],"_links":{"self":[{"href":"https:\/\/www.multifrigo.pl\/sklep\/wp-json\/wp\/v2\/product\/26289","targetHints":{"allow":["GET"]}}],"collection":[{"href":"https:\/\/www.multifrigo.pl\/sklep\/wp-json\/wp\/v2\/product"}],"about":[{"href":"https:\/\/www.multifrigo.pl\/sklep\/wp-json\/wp\/v2\/types\/product"}],"wp:featuredmedia":[{"embeddable":true,"href":"https:\/\/www.multifrigo.pl\/sklep\/wp-json\/wp\/v2\/media\/26338"}],"wp:attachment":[{"href":"https:\/\/www.multifrigo.pl\/sklep\/wp-json\/wp\/v2\/media?parent=26289"}],"wp:term":[{"taxonomy":"pwb-brand","embeddable":true,"href":"https:\/\/www.multifrigo.pl\/sklep\/wp-json\/wp\/v2\/pwb-brand?post=26289"},{"taxonomy":"product_brand","embeddable":true,"href":"https:\/\/www.multifrigo.pl\/sklep\/wp-json\/wp\/v2\/product_brand?post=26289"},{"taxonomy":"product_cat","embeddable":true,"href":"https:\/\/www.multifrigo.pl\/sklep\/wp-json\/wp\/v2\/product_cat?post=26289"},{"taxonomy":"product_tag","embeddable":true,"href":"https:\/\/www.multifrigo.pl\/sklep\/wp-json\/wp\/v2\/product_tag?post=26289"}],"curies":[{"name":"wp","href":"https:\/\/api.w.org\/{rel}","templated":true}]}}