{"id":26545,"date":"2024-07-30T13:52:13","date_gmt":"2024-07-30T13:52:13","guid":{"rendered":"https:\/\/multifrigo.pl\/sklep\/produkt\/kuchnia-elektryczna-z-piekarnikiem-elektrycznym-4x26kw-65kw-piekarnik-kromet-700-ke-4-pe-2\/"},"modified":"2025-08-04T13:24:05","modified_gmt":"2025-08-04T13:24:05","slug":"kuchnia-elektryczna-z-piekarnikiem-elektrycznym-4x26kw-65kw-piekarnik-kromet-700-ke-4-pe-2","status":"publish","type":"product","link":"https:\/\/www.multifrigo.pl\/sklep\/produkt\/kuchnia-elektryczna-z-piekarnikiem-elektrycznym-4x26kw-65kw-piekarnik-kromet-700-ke-4-pe-2\/","title":{"rendered":"Kuchnia elektryczna z piekarnikiem elektrycznym 4&#215;2,6kW + 6,5kW (piekarnik) | Kromet 700.KE-4\/PE-2"},"content":{"rendered":"<p>Kuchnie gazowe i elektryczne wyst\u0119puj\u0105 w r\u00f3\u017cnych kombinacjach. Mo\u017cliwo\u015b\u0107 doboru piekarnik\u00f3w elektrycznych i gazowych o r\u00f3\u017cnorodnej mocy, wielko\u015bci i parametrach. Wszystkie piekarniki posiadaj\u0105 higieniczn\u0105 komor\u0119, wykonan\u0105 z wysokogatunkowej stali nierdzewnej AISI 304 o lustrzanym wyko\u0144czeniu powierzchni. W piekarnikach w standardzie zastosowane s\u0105 drzwi blaszane. Ich przet\u0142oczona blacha wewn\u0119trzna, pozwala na uzyskanie du\u017cej wytrzyma\u0142o\u015bci podczas pracy w wysokich temperaturach. Drzwi blaszane s\u0105 izolowane termicznie dzi\u0119ki temu zapewniaj\u0105 r\u00f3wnomierny wypiek, przy niskiej stracie ciep\u0142a. Istnieje mo\u017cliwo\u015b\u0107 zamiany na drzwi szklane, w kt\u00f3rych zastosowane s\u0105 szyby hartowane pozwalaj\u0105ce na uzyskanie du\u017cej wytrzyma\u0142o\u015bci podczas pracy w wysokich temperaturach. Bezpiecze\u0144stwo pracy dzi\u0119ki nienagrzewaj\u0105cym si\u0119 uchwytom drzwi<\/p>\n<li>Zastosowane wanny ociekowe <b>independent drip tubs<\/b> &#8211; niezale\u017cne od siebie, co zapewnia wysok\u0105 higien\u0119 pracy i \u0142atwo\u015b\u0107 czyszczenia\n<li>Wykonane z wysokogatunkowej stali nierdzewnej AISI 304.\n<li>Kuchnia mo\u017ce by\u0107 po\u0142\u0105czona z piekarnikiem w opcji z drzwiami przeszklonymi. Szeroki wyb\u00f3r akcesori\u00f3w.\n<li>We wszystkich urz\u0105dzeniach zastosowane du\u017ce, czytelne pokr\u0119t\u0142a do sterowania urz\u0105dzeniem. S\u0105 zabezpieczone wok\u00f3\u0142 pier\u015bcieniem AntiCap, kt\u00f3ry uniemo\u017cliwia dostawanie si\u0119 zabrudze\u0144 do wn\u0119trza urz\u0105dzenia. Sta\u0142y p\u0142omie\u0144 palnika pilotuj\u0105cego, umo\u017cliwia utrzymanie urz\u0105dzenia w pe\u0142nej gotowo\u015bci do wznowienia pracy na pe\u0142nym lub zredukowanym p\u0142omieniu.\n<li>We wszystkich kuchniach elektrycznych zastosowane zosta\u0142y p\u0142yty szybkogrzejne <b>QuickHeat<\/b>, ka\u017cda o mocy 2,6 kW i \u015brednicy 220 mm. P\u0142yty umo\u017cliwiaj\u0105 szybkie i efektywne nagrzewanie naczy\u0144. Moc p\u0142yt regulowana jest 6-cio pozycyjnym prze\u0142\u0105cznikiem, co pozwalana na regulowanie mocy dostosowane do potrzeb u\u017cytkownika.<br \/>\n","protected":false},"excerpt":{"rendered":"<p>Kuchnie gazowe i elektryczne wyst\u0119puj\u0105 w r\u00f3\u017cnych kombinacjach. Mo\u017cliwo\u015b\u0107 doboru piekarnik\u00f3w elektrycznych i gazowych o r\u00f3\u017cnorodnej mocy, wielko\u015bci i parametrach. Wszystkie piekarniki posiadaj\u0105 higieniczn\u0105 komor\u0119, wykonan\u0105 z wysokogatunkowej stali nierdzewnej AISI 304 o lustrzanym wyko\u0144czeniu powierzchni. W piekarnikach w standardzie zastosowane s\u0105 drzwi blaszane. Ich przet\u0142oczona blacha wewn\u0119trzna, pozwala na uzyskanie du\u017cej wytrzyma\u0142o\u015bci podczas pracy [&hellip;]<\/p>\n","protected":false},"featured_media":27088,"template":"","meta":{"_et_pb_use_builder":"","_et_pb_old_content":"","_et_gb_content_width":""},"pwb-brand":[1000],"product_brand":[],"product_cat":[5022],"product_tag":[],"class_list":{"0":"post-26545","1":"product","2":"type-product","3":"status-publish","4":"has-post-thumbnail","6":"pwb-brand-kromet","7":"product_cat-4-plytowe-z-piekarnikiem","9":"first","10":"instock","11":"taxable","12":"shipping-taxable","13":"purchasable","14":"product-type-simple"},"brands":[{"id":1000,"name":"Kromet","slug":"kromet"}],"_links":{"self":[{"href":"https:\/\/www.multifrigo.pl\/sklep\/wp-json\/wp\/v2\/product\/26545","targetHints":{"allow":["GET"]}}],"collection":[{"href":"https:\/\/www.multifrigo.pl\/sklep\/wp-json\/wp\/v2\/product"}],"about":[{"href":"https:\/\/www.multifrigo.pl\/sklep\/wp-json\/wp\/v2\/types\/product"}],"wp:featuredmedia":[{"embeddable":true,"href":"https:\/\/www.multifrigo.pl\/sklep\/wp-json\/wp\/v2\/media\/27088"}],"wp:attachment":[{"href":"https:\/\/www.multifrigo.pl\/sklep\/wp-json\/wp\/v2\/media?parent=26545"}],"wp:term":[{"taxonomy":"pwb-brand","embeddable":true,"href":"https:\/\/www.multifrigo.pl\/sklep\/wp-json\/wp\/v2\/pwb-brand?post=26545"},{"taxonomy":"product_brand","embeddable":true,"href":"https:\/\/www.multifrigo.pl\/sklep\/wp-json\/wp\/v2\/product_brand?post=26545"},{"taxonomy":"product_cat","embeddable":true,"href":"https:\/\/www.multifrigo.pl\/sklep\/wp-json\/wp\/v2\/product_cat?post=26545"},{"taxonomy":"product_tag","embeddable":true,"href":"https:\/\/www.multifrigo.pl\/sklep\/wp-json\/wp\/v2\/product_tag?post=26545"}],"curies":[{"name":"wp","href":"https:\/\/api.w.org\/{rel}","templated":true}]}}