{"id":26571,"date":"2024-07-30T13:52:18","date_gmt":"2024-07-30T13:52:18","guid":{"rendered":"https:\/\/multifrigo.pl\/sklep\/produkt\/kuchnia-elektryczna-ceramiczna-4-pola-2x4kw-2x21kw-na-podstawie-zamknietej-kromet-700-ke-4c-s-d\/"},"modified":"2025-08-04T13:25:44","modified_gmt":"2025-08-04T13:25:44","slug":"kuchnia-elektryczna-ceramiczna-4-pola-2x4kw-2x21kw-na-podstawie-zamknietej-kromet-700-ke-4c-s-d","status":"publish","type":"product","link":"https:\/\/www.multifrigo.pl\/sklep\/produkt\/kuchnia-elektryczna-ceramiczna-4-pola-2x4kw-2x21kw-na-podstawie-zamknietej-kromet-700-ke-4c-s-d\/","title":{"rendered":"Kuchnia elektryczna ceramiczna 4 pola 2x4kW + 2&#215;2,1kW na podstawie zamkni\u0119tej | Kromet 700.KE-4C.S.D"},"content":{"rendered":"<p>Dzi\u0119ki du\u017cej sprawno\u015bci p\u00f3l indukcyjnych mo\u017cliwe jest szybkie przygotowanie potraw. Bezpieczny system grzewczy <b>SafeInduction<\/b> &#8211; pole indukcyjne nagrzewa tylko umieszczone na nim naczynie. Pola grzewcze wyposa\u017cone w czujniki temperatury, zabezpiecza to urz\u0105dzenie przed uszkodzeniem w momencie po\u0142o\u017cenia na p\u0142ycie roboczej garnka bez wsadu. W kuchniach indukcyjnych zastosowany filtr przeciw t\u0142uszczowy, kt\u00f3ry uniemo\u017cliwia przedostawanie si\u0119 do uk\u0142adu ch\u0142odz\u0105cego generatora indukcyjnego py\u0142\u00f3w i t\u0142uszczu. Filtr jest \u0142atwo demontowany, wykonany ze stali nierdzewnej &#8211; bez problemu mo\u017cna go my\u0107 w zmywarce. Generator renomowanej europejskiej firmy gwarantuj\u0105cy wysok\u0105 jako\u015b\u0107 generatora indukcyjnego, co przek\u0142ada si\u0119 na jego d\u0142ug\u0105 \u017cywotno\u015b\u0107.<\/p>\n<li>P\u0142aska i g\u0142adka powierzchnia umo\u017cliwia swobodne przesuwanie garnk\u00f3w oraz utrzymanie urz\u0105dzenia w czysto\u015bci. Niezwyk\u0142y komfort u\u017cytkowania dzi\u0119ki szybkiej i p\u0142ynnej reakcji na zmian\u0119 nastawy temperatury. Zastosowane pola o r\u00f3\u017cnej mocy i wielko\u015bci.\n<li>Pola grzewcze z moc\u0105 do 4KW\n<li><b>Quick Reaction system<\/b> &#8211; P\u0142yta b\u0142yskawiczne reaguje na zmian\u0119 temperatury na pokr\u0119tle\n<li><b>SaveHands<\/b> &#8211; Brak mo\u017cliwo\u015bci poparzenia\n<li><b>SaveEnergy<\/b> &#8211; brak strat ciep\u0142a w procesie\n<li>We wszystkich urz\u0105dzeniach zastosowane du\u017ce, czytelne pokr\u0119t\u0142a do sterowania urz\u0105dzeniem. S\u0105 zabezpieczone wok\u00f3\u0142 pier\u015bcieniem AntiCap, kt\u00f3ry uniemo\u017cliwia dostawanie si\u0119 zabrudze\u0144 do wn\u0119trza urz\u0105dzenia.<br \/>\n","protected":false},"excerpt":{"rendered":"<p>Dzi\u0119ki du\u017cej sprawno\u015bci p\u00f3l indukcyjnych mo\u017cliwe jest szybkie przygotowanie potraw. Bezpieczny system grzewczy SafeInduction &#8211; pole indukcyjne nagrzewa tylko umieszczone na nim naczynie. Pola grzewcze wyposa\u017cone w czujniki temperatury, zabezpiecza to urz\u0105dzenie przed uszkodzeniem w momencie po\u0142o\u017cenia na p\u0142ycie roboczej garnka bez wsadu. W kuchniach indukcyjnych zastosowany filtr przeciw t\u0142uszczowy, kt\u00f3ry uniemo\u017cliwia przedostawanie si\u0119 do [&hellip;]<\/p>\n","protected":false},"featured_media":26879,"template":"","meta":{"_et_pb_use_builder":"","_et_pb_old_content":"","_et_gb_content_width":""},"pwb-brand":[1000],"product_brand":[],"product_cat":[589],"product_tag":[],"class_list":{"0":"post-26571","1":"product","2":"type-product","3":"status-publish","4":"has-post-thumbnail","6":"pwb-brand-kromet","7":"product_cat-4-polowe-kuchnie-ceramiczne","9":"first","10":"instock","11":"taxable","12":"shipping-taxable","13":"purchasable","14":"product-type-simple"},"brands":[{"id":1000,"name":"Kromet","slug":"kromet"}],"_links":{"self":[{"href":"https:\/\/www.multifrigo.pl\/sklep\/wp-json\/wp\/v2\/product\/26571","targetHints":{"allow":["GET"]}}],"collection":[{"href":"https:\/\/www.multifrigo.pl\/sklep\/wp-json\/wp\/v2\/product"}],"about":[{"href":"https:\/\/www.multifrigo.pl\/sklep\/wp-json\/wp\/v2\/types\/product"}],"wp:featuredmedia":[{"embeddable":true,"href":"https:\/\/www.multifrigo.pl\/sklep\/wp-json\/wp\/v2\/media\/26879"}],"wp:attachment":[{"href":"https:\/\/www.multifrigo.pl\/sklep\/wp-json\/wp\/v2\/media?parent=26571"}],"wp:term":[{"taxonomy":"pwb-brand","embeddable":true,"href":"https:\/\/www.multifrigo.pl\/sklep\/wp-json\/wp\/v2\/pwb-brand?post=26571"},{"taxonomy":"product_brand","embeddable":true,"href":"https:\/\/www.multifrigo.pl\/sklep\/wp-json\/wp\/v2\/product_brand?post=26571"},{"taxonomy":"product_cat","embeddable":true,"href":"https:\/\/www.multifrigo.pl\/sklep\/wp-json\/wp\/v2\/product_cat?post=26571"},{"taxonomy":"product_tag","embeddable":true,"href":"https:\/\/www.multifrigo.pl\/sklep\/wp-json\/wp\/v2\/product_tag?post=26571"}],"curies":[{"name":"wp","href":"https:\/\/api.w.org\/{rel}","templated":true}]}}