{"id":26573,"date":"2024-07-30T13:52:18","date_gmt":"2024-07-30T13:52:18","guid":{"rendered":"https:\/\/multifrigo.pl\/sklep\/produkt\/kuchnia-gazowa-zeliwna-z-plyta-grzewcza-400-mm-na-podstawie-szkieletowej-kromet-700-kg-i-400-t\/"},"modified":"2025-08-04T13:25:50","modified_gmt":"2025-08-04T13:25:50","slug":"kuchnia-gazowa-zeliwna-z-plyta-grzewcza-400-mm-na-podstawie-szkieletowej-kromet-700-kg-i-400-t","status":"publish","type":"product","link":"https:\/\/www.multifrigo.pl\/sklep\/produkt\/kuchnia-gazowa-zeliwna-z-plyta-grzewcza-400-mm-na-podstawie-szkieletowej-kromet-700-kg-i-400-t\/","title":{"rendered":"Kuchnia gazowa \u017celiwna z p\u0142yt\u0105 grzewcz\u0105 400 mm na podstawie szkieletowej | Kromet 700.KG\/I-400.T"},"content":{"rendered":"<p>Kuchnie gazowe i elektryczne wyst\u0119puj\u0105 w r\u00f3\u017cnych kombinacjach. Mo\u017cliwo\u015b\u0107 doboru piekarnik\u00f3w elektrycznych i gazowych o r\u00f3\u017cnorodnej mocy, wielko\u015bci i parametrach. Wszystkie piekarniki posiadaj\u0105 higieniczn\u0105 komor\u0119, wykonan\u0105 z wysokogatunkowej stali nierdzewnej AISI 304 o lustrzanym wyko\u0144czeniu powierzchni. W piekarnikach w standardzie zastosowane s\u0105 drzwi blaszane. Ich przet\u0142oczona blacha wewn\u0119trzna, pozwala na uzyskanie du\u017cej wytrzyma\u0142o\u015bci podczas pracy w wysokich temperaturach. Drzwi blaszane s\u0105 izolowane termicznie dzi\u0119ki temu zapewniaj\u0105 r\u00f3wnomierny wypiek, przy niskiej stracie ciep\u0142a. Istnieje mo\u017cliwo\u015b\u0107 zamiany na drzwi szklane, w kt\u00f3rych zastosowane s\u0105 szyby hartowane pozwalaj\u0105ce na uzyskanie du\u017cej wytrzyma\u0142o\u015bci podczas pracy w wysokich temperaturach. Bezpiecze\u0144stwo pracy dzi\u0119ki nienagrzewaj\u0105cym si\u0119 uchwytom drzwi<\/p>\n<p>Kuchnie gazowe z p\u0142yt\u0105 grzewcz\u0105 o grubo\u015bci 12 mm zapewniaj\u0105c\u0105 r\u00f3\u017cnorodny rozk\u0142ad temperatur oraz d\u0142ugie utrzymanie ciep\u0142a po wy\u0142\u0105czeniu urz\u0105dzenia. Powierzchnia p\u0142yty jest chromowana, co u\u0142atwia utrzymanie czysto\u015bci oraz zachowanie higieny pracy. Jest odporna na dzia\u0142anie r\u00f3\u017cnych czynnik\u00f3w, takich jak korozje, sole, kwasy itp. Jej g\u0142adka i du\u017ca powierzchnia pozwala na zastosowanie garnk\u00f3w o dowolnej \u015brednicy i swobodne ich przesuwanie.<\/p>\n<li>Wykonane z wysokogatunkowej stali nierdzewnej AISI 304.\n<li>Kuchnia mo\u017ce by\u0107 po\u0142\u0105czona z piekarnikiem w opcji z drzwiami przeszklonymi. Szeroki wyb\u00f3r akcesori\u00f3w.\n<li>We wszystkich urz\u0105dzeniach zastosowane du\u017ce, czytelne pokr\u0119t\u0142a do sterowania urz\u0105dzeniem. S\u0105 zabezpieczone wok\u00f3\u0142 pier\u015bcieniem AntiCap, kt\u00f3ry uniemo\u017cliwia dostawanie si\u0119 zabrudze\u0144 do wn\u0119trza urz\u0105dzenia. Sta\u0142y p\u0142omie\u0144 palnika pilotuj\u0105cego, umo\u017cliwia utrzymanie urz\u0105dzenia w pe\u0142nej gotowo\u015bci do wznowienia pracy na pe\u0142nym lub zredukowanym p\u0142omieniu.\n<li>We wszystkich kuchniach gazowych zastosowane zabezpieczenie przeciwwyp\u0142ywowe gazu.\n<li>Urz\u0105dzenia wykonane s\u0105 z wysokogatunkowej stali nierdzewnej AISI 304 wyko\u0144czone metod\u0105 Brushed Surface.<br \/>\n","protected":false},"excerpt":{"rendered":"<p>Kuchnie gazowe i elektryczne wyst\u0119puj\u0105 w r\u00f3\u017cnych kombinacjach. Mo\u017cliwo\u015b\u0107 doboru piekarnik\u00f3w elektrycznych i gazowych o r\u00f3\u017cnorodnej mocy, wielko\u015bci i parametrach. Wszystkie piekarniki posiadaj\u0105 higieniczn\u0105 komor\u0119, wykonan\u0105 z wysokogatunkowej stali nierdzewnej AISI 304 o lustrzanym wyko\u0144czeniu powierzchni. W piekarnikach w standardzie zastosowane s\u0105 drzwi blaszane. Ich przet\u0142oczona blacha wewn\u0119trzna, pozwala na uzyskanie du\u017cej wytrzyma\u0142o\u015bci podczas pracy [&hellip;]<\/p>\n","protected":false},"featured_media":27104,"template":"","meta":{"_et_pb_use_builder":"","_et_pb_old_content":"","_et_gb_content_width":""},"pwb-brand":[1000],"product_brand":[],"product_cat":[1006],"product_tag":[],"class_list":{"0":"post-26573","1":"product","2":"type-product","3":"status-publish","4":"has-post-thumbnail","6":"pwb-brand-kromet","7":"product_cat-z-plyta-grzewcza","9":"first","10":"instock","11":"taxable","12":"shipping-taxable","13":"purchasable","14":"product-type-simple"},"brands":[{"id":1000,"name":"Kromet","slug":"kromet"}],"_links":{"self":[{"href":"https:\/\/www.multifrigo.pl\/sklep\/wp-json\/wp\/v2\/product\/26573","targetHints":{"allow":["GET"]}}],"collection":[{"href":"https:\/\/www.multifrigo.pl\/sklep\/wp-json\/wp\/v2\/product"}],"about":[{"href":"https:\/\/www.multifrigo.pl\/sklep\/wp-json\/wp\/v2\/types\/product"}],"wp:featuredmedia":[{"embeddable":true,"href":"https:\/\/www.multifrigo.pl\/sklep\/wp-json\/wp\/v2\/media\/27104"}],"wp:attachment":[{"href":"https:\/\/www.multifrigo.pl\/sklep\/wp-json\/wp\/v2\/media?parent=26573"}],"wp:term":[{"taxonomy":"pwb-brand","embeddable":true,"href":"https:\/\/www.multifrigo.pl\/sklep\/wp-json\/wp\/v2\/pwb-brand?post=26573"},{"taxonomy":"product_brand","embeddable":true,"href":"https:\/\/www.multifrigo.pl\/sklep\/wp-json\/wp\/v2\/product_brand?post=26573"},{"taxonomy":"product_cat","embeddable":true,"href":"https:\/\/www.multifrigo.pl\/sklep\/wp-json\/wp\/v2\/product_cat?post=26573"},{"taxonomy":"product_tag","embeddable":true,"href":"https:\/\/www.multifrigo.pl\/sklep\/wp-json\/wp\/v2\/product_tag?post=26573"}],"curies":[{"name":"wp","href":"https:\/\/api.w.org\/{rel}","templated":true}]}}