{"id":26582,"date":"2024-07-30T13:52:20","date_gmt":"2024-07-30T13:52:20","guid":{"rendered":"https:\/\/multifrigo.pl\/sklep\/produkt\/frytkownica-gazowa-1x15l-na-podstawie-szafkowej-zamknietej-kromet-700-fg-15f\/"},"modified":"2025-08-04T13:26:17","modified_gmt":"2025-08-04T13:26:17","slug":"frytkownica-gazowa-1x15l-na-podstawie-szafkowej-zamknietej-kromet-700-fg-15f","status":"publish","type":"product","link":"https:\/\/www.multifrigo.pl\/sklep\/produkt\/frytkownica-gazowa-1x15l-na-podstawie-szafkowej-zamknietej-kromet-700-fg-15f\/","title":{"rendered":"Frytkownica gazowa 1x15l na podstawie szafkowej zamkni\u0119tej | Kromet 700.FG-15f"},"content":{"rendered":"<li>Elektroniczny wy\u015bwietlacz z nastaw\u0105 temperatury pozwala na utrzymanie sta\u0142ej temperatury wewn\u0105trz komory oraz jednakowej temperatury t\u0142uszczu w ca\u0142ej jego obj\u0119to\u015bci.\n<li>R\u00f3wnomierne nagrzewanie t\u0142uszczu, oraz zimna strefa w komorze we frytownicach elektrycznych,\n<li>Wysoki standard wykonania, konstrukcja zabezpieczaj\u0105ca zaciekanie frytury do wn\u0119trza urz\u0105dzenia, zaokr\u0105glone dno komory pozwalaj\u0105ce zachowa\u0107 najwy\u017cszy standard higieny.<br \/>\n","protected":false},"excerpt":{"rendered":"<p>Elektroniczny wy\u015bwietlacz z nastaw\u0105 temperatury pozwala na utrzymanie sta\u0142ej temperatury wewn\u0105trz komory oraz jednakowej temperatury t\u0142uszczu w ca\u0142ej jego obj\u0119to\u015bci. R\u00f3wnomierne nagrzewanie t\u0142uszczu, oraz zimna strefa w komorze we frytownicach elektrycznych, Wysoki standard wykonania, konstrukcja zabezpieczaj\u0105ca zaciekanie frytury do wn\u0119trza urz\u0105dzenia, zaokr\u0105glone dno komory pozwalaj\u0105ce zachowa\u0107 najwy\u017cszy standard higieny.<\/p>\n","protected":false},"featured_media":26880,"template":"","meta":{"_et_pb_use_builder":"","_et_pb_old_content":"","_et_gb_content_width":""},"pwb-brand":[1000],"product_brand":[],"product_cat":[447],"product_tag":[],"class_list":{"0":"post-26582","1":"product","2":"type-product","3":"status-publish","4":"has-post-thumbnail","6":"pwb-brand-kromet","7":"product_cat-frytownice-gastronomiczne","9":"first","10":"instock","11":"taxable","12":"shipping-taxable","13":"purchasable","14":"product-type-simple"},"brands":[{"id":1000,"name":"Kromet","slug":"kromet"}],"_links":{"self":[{"href":"https:\/\/www.multifrigo.pl\/sklep\/wp-json\/wp\/v2\/product\/26582","targetHints":{"allow":["GET"]}}],"collection":[{"href":"https:\/\/www.multifrigo.pl\/sklep\/wp-json\/wp\/v2\/product"}],"about":[{"href":"https:\/\/www.multifrigo.pl\/sklep\/wp-json\/wp\/v2\/types\/product"}],"wp:featuredmedia":[{"embeddable":true,"href":"https:\/\/www.multifrigo.pl\/sklep\/wp-json\/wp\/v2\/media\/26880"}],"wp:attachment":[{"href":"https:\/\/www.multifrigo.pl\/sklep\/wp-json\/wp\/v2\/media?parent=26582"}],"wp:term":[{"taxonomy":"pwb-brand","embeddable":true,"href":"https:\/\/www.multifrigo.pl\/sklep\/wp-json\/wp\/v2\/pwb-brand?post=26582"},{"taxonomy":"product_brand","embeddable":true,"href":"https:\/\/www.multifrigo.pl\/sklep\/wp-json\/wp\/v2\/product_brand?post=26582"},{"taxonomy":"product_cat","embeddable":true,"href":"https:\/\/www.multifrigo.pl\/sklep\/wp-json\/wp\/v2\/product_cat?post=26582"},{"taxonomy":"product_tag","embeddable":true,"href":"https:\/\/www.multifrigo.pl\/sklep\/wp-json\/wp\/v2\/product_tag?post=26582"}],"curies":[{"name":"wp","href":"https:\/\/api.w.org\/{rel}","templated":true}]}}